{"id":4505,"date":"2025-10-23T08:01:36","date_gmt":"2025-10-23T15:01:36","guid":{"rendered":"https:\/\/ukrainedefensesupport.org\/?page_id=4505"},"modified":"2025-10-28T09:28:05","modified_gmt":"2025-10-28T16:28:05","slug":"tacoma","status":"publish","type":"page","link":"https:\/\/ukrainedefensesupport.org\/de\/tacoma\/","title":{"rendered":"Tacoma"},"content":{"rendered":"<div data-elementor-type=\"wp-page\" data-elementor-id=\"4505\" class=\"elementor elementor-4505\" data-elementor-post-type=\"page\">\n\t\t\t\t<div class=\"elementor-element elementor-element-d034e75 e-con-full e-flex e-con e-parent\" data-id=\"d034e75\" data-element_type=\"container\" data-e-type=\"container\" data-settings=\"{&quot;background_background&quot;:&quot;classic&quot;}\">\n\t\t<div class=\"elementor-element elementor-element-b0dcd82 e-flex e-con-boxed e-con e-child\" data-id=\"b0dcd82\" data-element_type=\"container\" data-e-type=\"container\">\n\t\t\t\t\t<div class=\"e-con-inner\">\n\t\t\t\t<div class=\"elementor-element elementor-element-9d022ff elementor-widget elementor-widget-image\" data-id=\"9d022ff\" data-element_type=\"widget\" data-e-type=\"widget\" data-widget_type=\"image.default\">\n\t\t\t\t<div class=\"elementor-widget-container\">\n\t\t\t\t\t\t\t\t\t\t\t\t\t\t\t<img decoding=\"async\" width=\"440\" height=\"373\" src=\"https:\/\/ukrainedefensesupport.org\/wp-content\/uploads\/2024\/12\/usa_flag.png\" class=\"attachment-full size-full wp-image-1653\" alt=\"\" srcset=\"https:\/\/ukrainedefensesupport.org\/wp-content\/uploads\/2024\/12\/usa_flag.png 440w, https:\/\/ukrainedefensesupport.org\/wp-content\/uploads\/2024\/12\/usa_flag-300x254.png 300w\" sizes=\"(max-width: 440px) 100vw, 440px\" \/>\t\t\t\t\t\t\t\t\t\t\t\t\t\t\t<\/div>\n\t\t\t\t<\/div>\n\t\t\t\t\t<\/div>\n\t\t\t\t<\/div>\n\t\t<div class=\"elementor-element elementor-element-e39f339 e-con-full e-flex e-con e-child\" data-id=\"e39f339\" data-element_type=\"container\" data-e-type=\"container\">\n\t\t\t\t<div class=\"elementor-element elementor-element-c10bf37 elementor-widget__width-auto elementor-widget elementor-widget-shortcode\" data-id=\"c10bf37\" data-element_type=\"widget\" data-e-type=\"widget\" data-widget_type=\"shortcode.default\">\n\t\t\t\t<div class=\"elementor-widget-container\">\n\t\t\t\t\t\t\t<div class=\"elementor-shortcode\">\t\t\t<!-- Flexy Breadcrumb -->\r\n\t\t\t<div class=\"fbc fbc-page\">\r\n\r\n\t\t\t\t<!-- Breadcrumb wrapper -->\r\n\t\t\t\t<div class=\"fbc-wrap\">\r\n\r\n\t\t\t\t\t<!-- Ordered list-->\r\n\t\t\t\t\t<ol class=\"fbc-items\" itemscope itemtype=\"https:\/\/schema.org\/BreadcrumbList\">\r\n\t\t\t\t\t\t            <li itemprop=\"itemListElement\" itemscope itemtype=\"https:\/\/schema.org\/ListItem\">\r\n                <span itemprop=\"name\">\r\n                    <!-- Home Link -->\r\n                    <a itemprop=\"item\" href=\"https:\/\/ukrainedefensesupport.org\/de\/\">\r\n                    \r\n                                                    <i class=\"fa fa-home\" aria-hidden=\"true\"><\/i>Heim                    <\/a>\r\n                <\/span>\r\n                <meta itemprop=\"position\" content=\"1\" \/><!-- Meta Position-->\r\n             <\/li><li><span class=\"fbc-separator\">\/<\/span><\/li><li class=\"active\" itemprop=\"itemListElement\" itemscope itemtype=\"https:\/\/schema.org\/ListItem\"><span itemprop=\"name\" title=\"Tacoma\">Tacoma<\/span><meta itemprop=\"position\" content=\"2\" \/><\/li>\t\t\t\t\t<\/ol>\r\n\t\t\t\t\t<div class=\"clearfix\"><\/div>\r\n\t\t\t\t<\/div>\r\n\t\t\t<\/div>\r\n\t\t\t<\/div>\n\t\t\t\t\t\t<\/div>\n\t\t\t\t<\/div>\n\t\t\t\t<div class=\"elementor-element elementor-element-9ca30b7 elementor-widget__width-auto elementor-widget elementor-widget-heading\" data-id=\"9ca30b7\" data-element_type=\"widget\" data-e-type=\"widget\" data-widget_type=\"heading.default\">\n\t\t\t\t<div class=\"elementor-widget-container\">\n\t\t\t\t\t<h1 class=\"elementor-heading-title elementor-size-default\">Tacoma<\/h1>\t\t\t\t<\/div>\n\t\t\t\t<\/div>\n\t\t\t\t<\/div>\n\t\t<div class=\"elementor-element elementor-element-38cf0ce e-flex e-con-boxed e-con e-child\" data-id=\"38cf0ce\" data-element_type=\"container\" data-e-type=\"container\">\n\t\t\t\t\t<div class=\"e-con-inner\">\n\t\t\t\t<div class=\"elementor-element elementor-element-a7303c9 elementor-widget elementor-widget-image\" data-id=\"a7303c9\" data-element_type=\"widget\" data-e-type=\"widget\" data-widget_type=\"image.default\">\n\t\t\t\t<div class=\"elementor-widget-container\">\n\t\t\t\t\t\t\t\t\t\t\t\t\t\t\t<img decoding=\"async\" width=\"426\" height=\"371\" src=\"https:\/\/ukrainedefensesupport.org\/wp-content\/uploads\/2024\/12\/illustration_about_01.png\" class=\"attachment-large size-large wp-image-1338\" alt=\"\" srcset=\"https:\/\/ukrainedefensesupport.org\/wp-content\/uploads\/2024\/12\/illustration_about_01.png 426w, https:\/\/ukrainedefensesupport.org\/wp-content\/uploads\/2024\/12\/illustration_about_01-300x261.png 300w\" sizes=\"(max-width: 426px) 100vw, 426px\" \/>\t\t\t\t\t\t\t\t\t\t\t\t\t\t\t<\/div>\n\t\t\t\t<\/div>\n\t\t\t\t\t<\/div>\n\t\t\t\t<\/div>\n\t\t\t\t<\/div>\n\t\t<div class=\"elementor-element elementor-element-a6544bd e-flex e-con-boxed e-con e-parent\" data-id=\"a6544bd\" data-element_type=\"container\" data-e-type=\"container\">\n\t\t\t\t\t<div class=\"e-con-inner\">\n\t\t<div class=\"elementor-element elementor-element-31c78b5 e-con-full e-flex e-con e-child\" data-id=\"31c78b5\" data-element_type=\"container\" data-e-type=\"container\">\n\t\t\t\t<div class=\"elementor-element elementor-element-e3e43ae elementor-widget elementor-widget-image\" data-id=\"e3e43ae\" data-element_type=\"widget\" data-e-type=\"widget\" data-widget_type=\"image.default\">\n\t\t\t\t<div class=\"elementor-widget-container\">\n\t\t\t\t\t\t\t\t\t\t\t\t\t\t\t<img decoding=\"async\" width=\"800\" height=\"600\" src=\"https:\/\/ukrainedefensesupport.org\/wp-content\/uploads\/2025\/10\/Aug-18-2025-Tacoma-Chapter-Meeting-1.webp\" class=\"attachment-full size-full wp-image-4508\" alt=\"\" srcset=\"https:\/\/ukrainedefensesupport.org\/wp-content\/uploads\/2025\/10\/Aug-18-2025-Tacoma-Chapter-Meeting-1.webp 800w, https:\/\/ukrainedefensesupport.org\/wp-content\/uploads\/2025\/10\/Aug-18-2025-Tacoma-Chapter-Meeting-1-300x225.webp 300w, https:\/\/ukrainedefensesupport.org\/wp-content\/uploads\/2025\/10\/Aug-18-2025-Tacoma-Chapter-Meeting-1-768x576.webp 768w\" sizes=\"(max-width: 800px) 100vw, 800px\" \/>\t\t\t\t\t\t\t\t\t\t\t\t\t\t\t<\/div>\n\t\t\t\t<\/div>\n\t\t\t\t<\/div>\n\t\t<div class=\"elementor-element elementor-element-96fad88 e-con-full e-flex e-con e-child\" data-id=\"96fad88\" data-element_type=\"container\" data-e-type=\"container\">\n\t\t\t\t<div class=\"elementor-element elementor-element-bb27043 elementor-widget elementor-widget-text-editor\" data-id=\"bb27043\" data-element_type=\"widget\" data-e-type=\"widget\" data-widget_type=\"text-editor.default\">\n\t\t\t\t<div class=\"elementor-widget-container\">\n\t\t\t\t\t\t\t\t\t<p><b>Details zum w\u00f6chentlichen Treffen:<\/b><\/p><ul><li style=\"font-weight: 400;\" aria-level=\"1\"><span style=\"font-weight: 400;\">Zeit<\/span><span style=\"font-weight: 400;\">18:30-20:30 Uhr<\/span><\/li><li style=\"font-weight: 400;\" aria-level=\"1\"><span style=\"font-weight: 400;\">Standort<\/span><span style=\"font-weight: 400;\">: Emish Market (2040 70th Ave E, Fife, WA 98424)<\/span><\/li><li style=\"font-weight: 400;\" aria-level=\"1\"><span style=\"font-weight: 400;\">Finden Sie uns<\/span><span style=\"font-weight: 400;\">Seifenblasen auf der Terrasse; haltet Ausschau nach Leuten in leuchtend gelben Hemden!<br \/><\/span><\/li><\/ul><p><span style=\"font-weight: 400;\">\u00a0<\/span><\/p><p><span style=\"font-weight: 400;\">W\u00e4hrend UDS schon lange M\u00f6glichkeiten hat, sich in den Gemeinden von Seattle und Bellevue zu engagieren, war es f\u00fcr die Menschen im s\u00fcdlichen Puget Sound schwieriger, an Treffen und Veranstaltungen teilzunehmen. Deshalb haben wir eine Gruppe in Tacoma gegr\u00fcndet, wo wir Freiwillige aus dem n\u00f6rdlich gelegenen Renton und dem s\u00fcdlich gelegenen Olympia willkommen hei\u00dfen!<\/span><span style=\"font-weight: 400;\"><br \/><\/span><\/p><p>\u00a0<\/p><p><span style=\"font-weight: 400;\">Da wir ein neues Kapitel aufschlagen, liegt unser aktueller Schwerpunkt darauf, andere in der Gemeinde, die helfen wollen, zu sensibilisieren und Wege zu finden, um im South Sound sichtbarer zu werden.\u00a0<\/span><\/p><p>\u00a0<\/p><p><span style=\"font-weight: 400;\">Wenn Sie zu einem Treffen kommen, k\u00f6nnen Sie Folgendes erwarten:<\/span><i><\/i><\/p><ul><li style=\"font-weight: 400;\" aria-level=\"1\"><span style=\"font-weight: 400;\">Aktuelle Informationen \u00fcber die Ausr\u00fcstung, die ukrainische Verteidiger in der vergangenen Woche von UDS erhalten haben \u2013 es ist wichtig f\u00fcr uns alle, die Wirkung unserer Bem\u00fchungen zu sehen!<\/span><\/li><li style=\"font-weight: 400;\" aria-level=\"1\"><span style=\"font-weight: 400;\">Aktuelle Informationen zu UDS-Veranstaltungen vor Ort und im Gro\u00dfraum Seattle<\/span><\/li><li style=\"font-weight: 400;\" aria-level=\"1\"><span style=\"font-weight: 400;\">Die neuesten Ideen, die wir hatten, wie wir JEDEN TAG einen Beitrag leisten k\u00f6nnen.<\/span><\/li><li style=\"font-weight: 400;\" aria-level=\"1\"><span style=\"font-weight: 400;\">Informationen zu allen geplanten Veranstaltungen und wie Freiwillige helfen k\u00f6nnen<\/span><\/li><\/ul><p><i><span>\u00a0<\/span><\/i><\/p><p><span style=\"font-weight: 400;\">Sie haben au\u00dferdem die M\u00f6glichkeit, ukrainische Lebensmittel und ein Abendessen einzukaufen! Dies ist nat\u00fcrlich optional, aber wir w\u00e4ren Ihnen dankbar, wenn Sie den Emish Market unterst\u00fctzen w\u00fcrden, der uns jede Woche kostenlos seine R\u00e4umlichkeiten f\u00fcr unsere Treffen zur Verf\u00fcgung stellt. Emish hat ein <\/span><a href=\"https:\/\/www.emishmarket.com\/menus\" rel=\"noopener\"><span style=\"font-weight: 400;\">tolle Speisekarte<\/span><\/a><span style=\"font-weight: 400;\"> Schaut es euch also unbedingt an!<\/span><\/p><p><i><span>\u00a0<\/span><\/i><\/p><p><span style=\"font-weight: 400;\">Eine Anmeldung ist nicht n\u00f6tig \u2013 komm einfach so, wie du bist.<\/span><\/p><p><i><span>\u00a0<\/span><\/i><\/p><p><span style=\"font-weight: 400;\">Gemeinsam bauen wir eine South Sound-Community auf, die an der Seite der Ukraine steht.<\/span><\/p><p><span style=\"font-weight: 400;\">\u00a0<\/span><\/p>\t\t\t\t\t\t\t\t<\/div>\n\t\t\t\t<\/div>\n\t\t\t\t<\/div>\n\t\t\t\t\t<\/div>\n\t\t\t\t<\/div>\n\t\t\t\t<\/div>","protected":false},"excerpt":{"rendered":"<p>Tacoma Weekly Meeting Details: Time: 6:30-8:30pm Location: Emish Market (2040 70th Ave E, Fife, WA 98424) Find us: Bubbles on the back patio; look for people wearing bright yellow shirts! \u00a0 While UDS has long had ways to contribute in the Seattle and Bellevue communities, it\u2019s been harder for those in the South Sound to [&hellip;]<\/p>\n","protected":false},"author":22,"featured_media":0,"parent":0,"menu_order":0,"comment_status":"closed","ping_status":"closed","template":"","meta":{"_acf_changed":false,"footnotes":""},"class_list":["post-4505","page","type-page","status-publish","hentry"],"acf":[],"_links":{"self":[{"href":"https:\/\/ukrainedefensesupport.org\/de\/wp-json\/wp\/v2\/pages\/4505","targetHints":{"allow":["GET"]}}],"collection":[{"href":"https:\/\/ukrainedefensesupport.org\/de\/wp-json\/wp\/v2\/pages"}],"about":[{"href":"https:\/\/ukrainedefensesupport.org\/de\/wp-json\/wp\/v2\/types\/page"}],"author":[{"embeddable":true,"href":"https:\/\/ukrainedefensesupport.org\/de\/wp-json\/wp\/v2\/users\/22"}],"replies":[{"embeddable":true,"href":"https:\/\/ukrainedefensesupport.org\/de\/wp-json\/wp\/v2\/comments?post=4505"}],"version-history":[{"count":0,"href":"https:\/\/ukrainedefensesupport.org\/de\/wp-json\/wp\/v2\/pages\/4505\/revisions"}],"wp:attachment":[{"href":"https:\/\/ukrainedefensesupport.org\/de\/wp-json\/wp\/v2\/media?parent=4505"}],"curies":[{"name":"wp","href":"https:\/\/api.w.org\/{rel}","templated":true}]}}