{"id":1054,"date":"2024-06-13T23:24:15","date_gmt":"2024-06-13T23:24:15","guid":{"rendered":"https:\/\/ukrainedefensesupport.org\/?page_id=1054"},"modified":"2025-03-01T14:56:07","modified_gmt":"2025-03-01T22:56:07","slug":"privacy-policy","status":"publish","type":"page","link":"https:\/\/ukrainedefensesupport.org\/es\/privacy-policy\/","title":{"rendered":"pol\u00edtica de privacidad"},"content":{"rendered":"<div data-elementor-type=\"wp-page\" data-elementor-id=\"1054\" class=\"elementor elementor-1054\" data-elementor-post-type=\"page\">\n\t\t\t\t<div class=\"elementor-element elementor-element-f1313fd e-con-full e-flex e-con e-parent\" data-id=\"f1313fd\" data-element_type=\"container\" data-e-type=\"container\" data-settings=\"{&quot;background_background&quot;:&quot;classic&quot;}\">\n\t\t<div class=\"elementor-element elementor-element-d496ac7 e-flex e-con-boxed e-con e-child\" data-id=\"d496ac7\" data-element_type=\"container\" data-e-type=\"container\">\n\t\t\t\t\t<div class=\"e-con-inner\">\n\t\t\t\t<div class=\"elementor-element elementor-element-2805a41 elementor-widget elementor-widget-image\" data-id=\"2805a41\" data-element_type=\"widget\" data-e-type=\"widget\" data-widget_type=\"image.default\">\n\t\t\t\t<div class=\"elementor-widget-container\">\n\t\t\t\t\t\t\t\t\t\t\t\t\t\t\t<img decoding=\"async\" width=\"440\" height=\"373\" src=\"https:\/\/ukrainedefensesupport.org\/wp-content\/uploads\/2024\/12\/usa_flag.png\" class=\"attachment-full size-full wp-image-1653\" alt=\"\" srcset=\"https:\/\/ukrainedefensesupport.org\/wp-content\/uploads\/2024\/12\/usa_flag.png 440w, https:\/\/ukrainedefensesupport.org\/wp-content\/uploads\/2024\/12\/usa_flag-300x254.png 300w\" sizes=\"(max-width: 440px) 100vw, 440px\" \/>\t\t\t\t\t\t\t\t\t\t\t\t\t\t\t<\/div>\n\t\t\t\t<\/div>\n\t\t\t\t\t<\/div>\n\t\t\t\t<\/div>\n\t\t<div class=\"elementor-element elementor-element-30fafd9 e-con-full e-flex e-con e-child\" data-id=\"30fafd9\" data-element_type=\"container\" data-e-type=\"container\">\n\t\t\t\t<div class=\"elementor-element elementor-element-4b5458a elementor-widget__width-auto elementor-widget elementor-widget-heading\" data-id=\"4b5458a\" data-element_type=\"widget\" data-e-type=\"widget\" data-widget_type=\"heading.default\">\n\t\t\t\t<div class=\"elementor-widget-container\">\n\t\t\t\t\t<h1 class=\"elementor-heading-title elementor-size-default\">POL\u00cdTICA DE PRIVACIDAD<\/h1>\t\t\t\t<\/div>\n\t\t\t\t<\/div>\n\t\t\t\t<\/div>\n\t\t<div class=\"elementor-element elementor-element-0e250bf e-flex e-con-boxed e-con e-child\" data-id=\"0e250bf\" data-element_type=\"container\" data-e-type=\"container\">\n\t\t\t\t\t<div class=\"e-con-inner\">\n\t\t\t\t<div class=\"elementor-element elementor-element-a772902 elementor-widget elementor-widget-image\" data-id=\"a772902\" data-element_type=\"widget\" data-e-type=\"widget\" data-widget_type=\"image.default\">\n\t\t\t\t<div class=\"elementor-widget-container\">\n\t\t\t\t\t\t\t\t\t\t\t\t\t\t\t<img decoding=\"async\" width=\"426\" height=\"371\" src=\"https:\/\/ukrainedefensesupport.org\/wp-content\/uploads\/2024\/12\/illustration_about_01.png\" class=\"attachment-large size-large wp-image-1338\" alt=\"\" srcset=\"https:\/\/ukrainedefensesupport.org\/wp-content\/uploads\/2024\/12\/illustration_about_01.png 426w, https:\/\/ukrainedefensesupport.org\/wp-content\/uploads\/2024\/12\/illustration_about_01-300x261.png 300w\" sizes=\"(max-width: 426px) 100vw, 426px\" \/>\t\t\t\t\t\t\t\t\t\t\t\t\t\t\t<\/div>\n\t\t\t\t<\/div>\n\t\t\t\t\t<\/div>\n\t\t\t\t<\/div>\n\t\t\t\t<\/div>\n\t\t<div class=\"elementor-element elementor-element-5321025 e-flex e-con-boxed e-con e-parent\" data-id=\"5321025\" data-element_type=\"container\" data-e-type=\"container\">\n\t\t\t\t\t<div class=\"e-con-inner\">\n\t\t<div class=\"elementor-element elementor-element-9d25574 e-con-full e-flex e-con e-child\" data-id=\"9d25574\" data-element_type=\"container\" data-e-type=\"container\">\n\t\t\t\t<div class=\"elementor-element elementor-element-0efb738 elementor-widget elementor-widget-text-editor\" data-id=\"0efb738\" data-element_type=\"widget\" data-e-type=\"widget\" data-widget_type=\"text-editor.default\">\n\t\t\t\t<div class=\"elementor-widget-container\">\n\t\t\t\t\t\t\t\t\t<h4 dir=\"ltr\">POL\u00cdTICA DE PRIVACIDAD<\/h4><p dir=\"ltr\">Ukrainedefensesupport.org es un sitio web administrado por Ukraine Defense Support (\u201cUDS\u201d, \u201cnosotros\u201d, \u201cnuestro\/a\u201d), una entidad sin fines de lucro registrada en EE. UU. bajo la secci\u00f3n 501(c)3 del C\u00f3digo de Impuestos Internos (EIN 92-2693929). Esta Pol\u00edtica de Privacidad de ukrainedefensesupport.org describe:<\/p><ul><li dir=\"ltr\" aria-level=\"1\"><p dir=\"ltr\" role=\"presentation\">La informaci\u00f3n personal que recopilamos y c\u00f3mo la utilizamos<\/p><\/li><li dir=\"ltr\" aria-level=\"1\"><p dir=\"ltr\" role=\"presentation\">Con qui\u00e9n compartimos su informaci\u00f3n<\/p><\/li><li dir=\"ltr\" aria-level=\"1\"><p dir=\"ltr\" role=\"presentation\">Tus opciones y derechos<\/p><\/li><li dir=\"ltr\" aria-level=\"1\"><p dir=\"ltr\" role=\"presentation\">C\u00f3mo puede comunicarse con nosotros sobre sus derechos y opciones.<\/p><\/li><\/ul><p dir=\"ltr\">Al enviar su informaci\u00f3n personal en nuestro sitio web, acepta los t\u00e9rminos de esta Pol\u00edtica de Privacidad. Si no est\u00e1 de acuerdo con estos t\u00e9rminos, por favor, no utilice nuestro sitio web.<\/p><p dir=\"ltr\">\u00a0<\/p><p dir=\"ltr\"><strong>INFORMACI\u00d3N QUE RECOPILAMOS Y C\u00d3MO LA UTILIZAMOS<\/strong><\/p><p dir=\"ltr\">El objetivo del sitio web ukrainedefensesupport.org es compartir informaci\u00f3n sobre nuestra organizaci\u00f3n y su trabajo, registrar a las personas interesadas en nuestras listas de correo y contactos previa solicitud, y aceptar donaciones.<\/p><p dir=\"ltr\">\u00a0<\/p><p dir=\"ltr\"><strong>Formulario de registro<\/strong><\/p><ul><li dir=\"ltr\" aria-level=\"1\"><p dir=\"ltr\" role=\"presentation\">Al suscribirte a nuestra lista de correo y contactos mediante nuestro formulario de suscripci\u00f3n, tus datos personales son recopilados por <a href=\"https:\/\/www.littlegreenlight.com\/\" rel=\"noopener\">Luz verde<\/a>, nuestra base de datos de gesti\u00f3n de donantes y voluntarios.\u00a0\u00a0<\/p><\/li><li dir=\"ltr\" aria-level=\"1\"><p dir=\"ltr\" role=\"presentation\">Los datos personales que recopilamos cuando se suscribe a nuestra lista incluyen:<\/p><ul><li dir=\"ltr\" aria-level=\"2\"><p dir=\"ltr\" role=\"presentation\">Su nombre<\/p><\/li><li dir=\"ltr\" aria-level=\"2\"><p dir=\"ltr\" role=\"presentation\">Su direcci\u00f3n de correo electr\u00f3nico<\/p><\/li><li dir=\"ltr\" aria-level=\"2\"><p dir=\"ltr\" role=\"presentation\">Tu n\u00famero de tel\u00e9fono<\/p><\/li><li dir=\"ltr\" aria-level=\"2\"><p dir=\"ltr\" role=\"presentation\">Tu c\u00f3digo postal<\/p><\/li><li dir=\"ltr\" aria-level=\"2\"><p dir=\"ltr\" role=\"presentation\">Fecha y hora en que env\u00eda el formulario<\/p><\/li><\/ul><\/li><li dir=\"ltr\" aria-level=\"1\"><p dir=\"ltr\" role=\"presentation\">C\u00f3mo utilizamos su direcci\u00f3n de correo electr\u00f3nico:<\/p><ul><li dir=\"ltr\" aria-level=\"2\"><p dir=\"ltr\" role=\"presentation\">Utilizamos las direcciones de correo electr\u00f3nico de los suscriptores de nuestra lista para enviar correos electr\u00f3nicos con noticias relacionadas con nuestro trabajo, informaci\u00f3n sobre eventos y para coordinar nuestro trabajo (en caso de que decida colaborar como voluntario con nosotros).\u00a0<\/p><\/li><li dir=\"ltr\" aria-level=\"2\"><p dir=\"ltr\" role=\"presentation\">Utilizamos <a href=\"https:\/\/mailchimp.com\/\" rel=\"noopener\">MailChimp<\/a> para gestionar nuestra lista de correo electr\u00f3nico y nuestros env\u00edos postales.\u00a0<\/p><\/li><li dir=\"ltr\" aria-level=\"2\"><p dir=\"ltr\" role=\"presentation\">Todos los correos electr\u00f3nicos automatizados incluir\u00e1n un enlace para gestionar tus preferencias o darte de baja. Tambi\u00e9n puedes darte de baja de nuestra lista de correo enviando un correo electr\u00f3nico a datateam@ukrainedefensesupport.org<\/p><\/li><\/ul><\/li><li dir=\"ltr\" aria-level=\"1\"><p dir=\"ltr\" role=\"presentation\">C\u00f3mo utilizamos su n\u00famero de tel\u00e9fono:<\/p><ul><li dir=\"ltr\" aria-level=\"2\"><p dir=\"ltr\" role=\"presentation\">Si colabora como voluntario con nosotros, utilizaremos su n\u00famero de tel\u00e9fono para coordinar nuestro trabajo.<\/p><\/li><li dir=\"ltr\" aria-level=\"2\"><p dir=\"ltr\" role=\"presentation\">UDS env\u00eda mensajes de texto semanales con recordatorios de eventos. Al proporcionar tu n\u00famero de tel\u00e9fono, aceptas recibir estos mensajes. Cada mensaje incluir\u00e1 instrucciones para darte de baja inmediatamente (por ejemplo, env\u00eda \u201cSTOP\u201d para cancelar la suscripci\u00f3n). Tambi\u00e9n puedes darte de baja enviando un correo electr\u00f3nico a datateam@ukrainedefensesupport.org.\u00a0\u00a0\u00a0<\/p><\/li><li dir=\"ltr\" aria-level=\"2\"><p dir=\"ltr\" role=\"presentation\">Utilizamos <a href=\"https:\/\/mailchimp.com\/\" rel=\"noopener\">MailChimp<\/a> como nuestro proveedor de servicios de marketing por SMS.\u00a0\u00a0<\/p><\/li><\/ul><\/li><li dir=\"ltr\" aria-level=\"1\"><p dir=\"ltr\" role=\"presentation\">C\u00f3mo utilizamos su c\u00f3digo postal:<\/p><ul><li dir=\"ltr\" aria-level=\"2\"><p dir=\"ltr\" role=\"presentation\">Utilizamos su c\u00f3digo postal para determinar en qu\u00e9 estado y distrito electoral reside. Esta informaci\u00f3n nos permite enviarle correos electr\u00f3nicos sobre eventos espec\u00edficos de su zona, informarle sobre las acciones que puede emprender para ayudar a Ucrania y comprender el crecimiento de nuestra membres\u00eda.\u00a0\u00a0\u00a0\u00a0\u00a0<\/p><\/li><\/ul><\/li><li dir=\"ltr\" aria-level=\"1\"><p dir=\"ltr\" role=\"presentation\">En la medida en que sea necesario para llevar a cabo el trabajo de UDS, la informaci\u00f3n de contacto podr\u00e1 compartirse con los miembros voluntarios apropiados a trav\u00e9s de servicios de terceros: <a href=\"https:\/\/www.littlegreenlight.com\/\" rel=\"noopener\">Luz verde<\/a>, <a href=\"https:\/\/www.google.com\/sheets\/about\/\" rel=\"noopener\">Hoja de c\u00e1lculo de Google<\/a>, <a href=\"http:\/\/monday.com\/\" rel=\"noopener\">Lunes.com<\/a> y <a href=\"https:\/\/slack.com\/\" rel=\"noopener\">Flojo<\/a>. El acceso a estos datos est\u00e1 sujeto a permisos y protegido mediante contrase\u00f1a.\u00a0<\/p><\/li><\/ul><div>\u00a0<\/div><p dir=\"ltr\"><strong>Donaciones<\/strong><\/p><ul><li dir=\"ltr\" aria-level=\"1\"><p dir=\"ltr\" role=\"presentation\">Cuando usted realiza donaciones a Ukraine Defense Support a trav\u00e9s de nuestro sitio web, su informaci\u00f3n personal se transfiere a, y es procesada por,<a href=\"https:\/\/donorbox.org\/\" rel=\"noopener\"> Caja de donaci\u00f3n<\/a>.<\/p><\/li><li dir=\"ltr\" aria-level=\"1\"><p dir=\"ltr\" role=\"presentation\">DonorBox procesa las transacciones de donaci\u00f3n utilizando<a href=\"https:\/\/stripe.com\/\" rel=\"noopener\"> Raya<\/a>,<a href=\"https:\/\/www.paypal.com\/us\/webapps\/mpp\/sem\/account-selection-signup?&amp;act=PayPal+US+Joint+&amp;campaignid=71700000021550093&amp;adgroupid=58700002203712911&amp;adgroup=GEN-GT+-+PayPal+-+ONLY+%28e%29&amp;creative=117972804848&amp;kwid=43700018500159337&amp;matchtype=e&amp;network=g&amp;adposition=1t1&amp;target=&amp;device=c&amp;devicemodel=&amp;feeditemid=&amp;loc_physical_ms=9031938&amp;loc_interest_ms=&amp;targetid=kwd-15051880&amp;utm_source=GOOGLE&amp;utm_medium=cpc&amp;utm_campaign=GEN-GT+-+PayPal+-+ONLY&amp;utm_term=paypal&amp;gclid=EAIaIQobChMI79qUzbX52wIVBKvsCh3mpQNWEAAYASAAEgLBA_D_BwE&amp;gclsrc=aw.ds&amp;dclid=CP71y861-dsCFcOtZAod9sQOpQ\" rel=\"noopener\"> y PayPal<\/a> como procesadores de pago. La informaci\u00f3n de la tarjeta de cr\u00e9dito o cuenta bancaria que usted proporcione se transmite de forma segura a los procesadores de pago correspondientes.<\/p><\/li><li dir=\"ltr\" aria-level=\"1\"><p dir=\"ltr\" role=\"presentation\">Los datos personales que recopilamos cuando usted realiza una donaci\u00f3n en l\u00ednea incluyen:<\/p><ul><li dir=\"ltr\" aria-level=\"2\"><p dir=\"ltr\" role=\"presentation\">Su nombre<\/p><\/li><li dir=\"ltr\" aria-level=\"2\"><p dir=\"ltr\" role=\"presentation\">Su direcci\u00f3n de correo electr\u00f3nico<\/p><\/li><li dir=\"ltr\" aria-level=\"2\"><p dir=\"ltr\" role=\"presentation\">Tu n\u00famero de tel\u00e9fono<\/p><\/li><li dir=\"ltr\" aria-level=\"2\"><p dir=\"ltr\" role=\"presentation\">Fecha y hora en que env\u00eda el formulario<\/p><\/li><\/ul><\/li><li dir=\"ltr\" aria-level=\"1\"><p dir=\"ltr\" role=\"presentation\">Los pagos de donaciones se gestionan a trav\u00e9s de DonorBox. UDS no ve ni conserva ninguna informaci\u00f3n financiera personal, incluyendo el n\u00famero de tarjeta de cr\u00e9dito o la informaci\u00f3n de la cuenta de PayPal.<\/p><\/li><\/ul><div>\u00a0<\/div><p dir=\"ltr\"><strong>Cookies de an\u00e1lisis y seguimiento de p\u00e1ginas web<\/strong><\/p><ul><li dir=\"ltr\" aria-level=\"1\"><p dir=\"ltr\" role=\"presentation\">Utilizamos Google Analytics para comprender c\u00f3mo los visitantes utilizan nuestro sitio y para recopilar m\u00e9tricas de rendimiento agregadas. Utilizamos esta informaci\u00f3n para mejorar nuestras p\u00e1ginas web.\u00a0<\/p><\/li><li dir=\"ltr\" aria-level=\"1\"><p dir=\"ltr\" role=\"presentation\">Google Analytics instala una cookie en tu navegador para identificarte como usuario \u00fanico. Esta cookie solo puede ser utilizada por Google. La capacidad de Google para usar y compartir la informaci\u00f3n recopilada por Google Analytics sobre tus visitas a este sitio est\u00e1 restringida por la pol\u00edtica de cookies de Google.<a href=\"https:\/\/www.google.com\/analytics\/terms\/us.html\" rel=\"noopener\"> Condiciones de uso de Google Analytics<\/a> y el<a href=\"https:\/\/www.google.com\/policies\/privacy\/\" rel=\"noopener\"> Pol\u00edtica de privacidad de Google<\/a>.<\/p><\/li><li dir=\"ltr\" aria-level=\"1\"><p dir=\"ltr\" role=\"presentation\">No recopilamos ninguna informaci\u00f3n de identificaci\u00f3n personal mediante Google Analytics, ni combinamos la informaci\u00f3n recopilada a trav\u00e9s de Google Analytics con ninguna informaci\u00f3n de identificaci\u00f3n personal.<\/p><\/li><li dir=\"ltr\" aria-level=\"1\"><p dir=\"ltr\" role=\"presentation\">Tambi\u00e9n utilizamos cookies en nuestro formulario de registro emergente para evitar que siga apareciendo despu\u00e9s de haberlo cerrado.\u00a0<\/p><\/li><li dir=\"ltr\" aria-level=\"1\"><p dir=\"ltr\" role=\"presentation\">Puede bloquear las cookies activando una configuraci\u00f3n en su navegador que le permita rechazar su instalaci\u00f3n. Tambi\u00e9n puede eliminarlas a trav\u00e9s de la configuraci\u00f3n de su navegador. Si utiliza la configuraci\u00f3n de su navegador para deshabilitar, rechazar o bloquear las cookies (incluidas las esenciales), algunas partes de nuestro sitio web no funcionar\u00e1n correctamente. En algunos casos, es posible que nuestro sitio web no est\u00e9 accesible. Tenga en cuenta que, cuando terceros utilizan cookies, no tenemos control sobre c\u00f3mo las utilizan.<\/p><\/li><\/ul><div>\u00a0<\/div><p dir=\"ltr\"><strong>Privacidad de los ni\u00f1os<\/strong><\/p><ul><li dir=\"ltr\" aria-level=\"1\"><p dir=\"ltr\" role=\"presentation\">No recopilamos, mantenemos ni utilizamos a sabiendas informaci\u00f3n personal de ni\u00f1os menores de 13 a\u00f1os, y ninguna parte de nuestro sitio est\u00e1 dirigida a ni\u00f1os.<\/p><\/li><li dir=\"ltr\" aria-level=\"1\"><p dir=\"ltr\" role=\"presentation\">Si descubre que un ni\u00f1o nos ha proporcionado informaci\u00f3n personal infringiendo esta Pol\u00edtica de Privacidad, puede informarnos a datateam@ukrainedefensesupport.org.<\/p><\/li><\/ul><h4 dir=\"ltr\">\u00a0<\/h4><h4 dir=\"ltr\">\u00bfCON QUI\u00c9N COMPARTIMOS SU INFORMACI\u00d3N?<\/h4><ul><li dir=\"ltr\" aria-level=\"1\"><p dir=\"ltr\" role=\"presentation\">No vendemos, alquilamos ni divulgamos de ninguna otra forma su informaci\u00f3n personal a otras organizaciones, con la excepci\u00f3n de los servicios de terceros detallados anteriormente, seg\u00fan sea necesario para administrar sus datos y proporcionar los servicios que usted solicita.\u00a0<\/p><\/li><li dir=\"ltr\" aria-level=\"1\"><p dir=\"ltr\" role=\"presentation\">Podemos acceder a su informaci\u00f3n, conservarla y divulgarla si creemos que hacerlo es necesario o apropiado para:<\/p><ul><li dir=\"ltr\" aria-level=\"2\"><p dir=\"ltr\" role=\"presentation\">cumplir con las solicitudes de las fuerzas del orden y los procesos legales, como una orden judicial o una citaci\u00f3n;<\/p><\/li><li dir=\"ltr\" aria-level=\"2\"><p dir=\"ltr\" role=\"presentation\">responder a sus solicitudes; o<\/p><\/li><li dir=\"ltr\" aria-level=\"2\"><p dir=\"ltr\" role=\"presentation\">proteger sus derechos, los nuestros o los de otros, su propiedad o su seguridad.<\/p><\/li><\/ul><\/li><li dir=\"ltr\" aria-level=\"1\"><p dir=\"ltr\" role=\"presentation\">Tambi\u00e9n podemos divulgar informaci\u00f3n suya o sobre usted o sus dispositivos con su permiso.<\/p><\/li><\/ul><h4 dir=\"ltr\">\u00a0<\/h4><h4 dir=\"ltr\">TUS OPCIONES Y DERECHOS<\/h4><ul><li dir=\"ltr\" aria-level=\"1\"><p dir=\"ltr\" role=\"presentation\">Puedes optar por no proporcionarnos informaci\u00f3n personal.<\/p><ul><li dir=\"ltr\" aria-level=\"2\"><p dir=\"ltr\" role=\"presentation\">Si decide no proporcionar informaci\u00f3n personal, podr\u00e1 utilizar el sitio web y navegar por las p\u00e1ginas, pero no podremos procesar donaciones ni registrarle en nuestra lista de contactos.\u00a0<\/p><\/li><\/ul><\/li><li dir=\"ltr\" aria-level=\"1\"><p dir=\"ltr\" role=\"presentation\">Puedes desactivar las cookies en tu navegador cambiando su configuraci\u00f3n.<\/p><\/li><li dir=\"ltr\" aria-level=\"1\"><p dir=\"ltr\" role=\"presentation\">Puedes solicitarnos que no utilicemos tu informaci\u00f3n personal para recibir correos electr\u00f3nicos y mensajes de texto de UDS.\u00a0\u00a0<\/p><\/li><li dir=\"ltr\" aria-level=\"1\"><p dir=\"ltr\" role=\"presentation\">Tienes derecho al olvido.<\/p><ul><li dir=\"ltr\" aria-level=\"2\"><p dir=\"ltr\" role=\"presentation\">Puedes solicitar que eliminemos tus datos personales en cualquier momento.\u00a0<\/p><\/li><\/ul><\/li><li dir=\"ltr\" aria-level=\"1\"><p dir=\"ltr\" role=\"presentation\">Tienes derecho a acceder a la informaci\u00f3n que tenemos sobre ti.\u00a0<\/p><ul><li dir=\"ltr\" aria-level=\"2\"><p dir=\"ltr\" role=\"presentation\">Esto incluye su informaci\u00f3n personal, los fines para los que se recopila, c\u00f3mo se almacena y durante cu\u00e1nto tiempo, y a qui\u00e9n se han revelado los datos.\u00a0<\/p><\/li><\/ul><\/li><li dir=\"ltr\" aria-level=\"1\"><p dir=\"ltr\" role=\"presentation\">Tienes derecho a que se corrijan tus datos.<\/p><ul><li dir=\"ltr\" aria-level=\"2\"><p dir=\"ltr\" role=\"presentation\">Usted puede solicitar que se completen los datos incompletos o que se corrijan los datos incorrectos en cualquier momento.<\/p><\/li><\/ul><\/li><li dir=\"ltr\" aria-level=\"1\"><p dir=\"ltr\" role=\"presentation\">Todas las solicitudes pueden enviarse a datateam@ukrainedefensesupport.org<\/p><\/li><\/ul><div>\u00a0<\/div><p dir=\"ltr\"><strong>Seguridad<br \/><\/strong><\/p><ul><li dir=\"ltr\" aria-level=\"1\"><p dir=\"ltr\" role=\"presentation\">Nos esforzamos por proteger su informaci\u00f3n mediante medidas de seguridad f\u00edsicas y electr\u00f3nicas dise\u00f1adas para mejorar la seguridad de los datos que conservamos. Sin embargo, dado que nuestros servicios se alojan electr\u00f3nicamente, no podemos garantizar la seguridad ni la privacidad de su informaci\u00f3n.<\/p><\/li><li dir=\"ltr\" aria-level=\"1\"><p dir=\"ltr\" role=\"presentation\">Ning\u00fan sistema puede garantizar una seguridad absoluta. Si tiene alguna pregunta sobre la seguridad de su informaci\u00f3n personal, o si tiene motivos para creer que la informaci\u00f3n personal que conservamos sobre usted ya no es segura, p\u00f3ngase en contacto con nosotros inmediatamente en datateam@ukrainedefensesupport.org<\/p><\/li><\/ul><div>\u00a0<\/div><p dir=\"ltr\"><strong>Cambios<\/strong><\/p><p dir=\"ltr\" style=\"padding-left: 40px;\">Podemos modificar esta Pol\u00edtica de Privacidad peri\u00f3dicamente. Le recomendamos consultar esta p\u00e1gina con frecuencia para estar al tanto de las actualizaciones, ya que el uso continuado de este sitio web tras cualquier modificaci\u00f3n de esta Pol\u00edtica de Privacidad constituir\u00e1 su aceptaci\u00f3n de dichos cambios.<\/p><p dir=\"ltr\" style=\"padding-left: 40px;\">\u00a0<\/p><p dir=\"ltr\"><strong>Fecha de entrada en vigor<\/strong><\/p><p dir=\"ltr\" style=\"padding-left: 40px;\">Esta versi\u00f3n de la pol\u00edtica entra en vigor el 12 de junio de 2024.<\/p><p dir=\"ltr\" style=\"padding-left: 40px;\">\u00a0<\/p><p dir=\"ltr\"><strong>Preguntas<\/strong><\/p><p dir=\"ltr\" style=\"padding-left: 40px;\">Si tiene alguna pregunta, comentario, inquietud o queja relacionada con nuestros sitios web, p\u00f3ngase en contacto con nosotros por correo electr\u00f3nico a la siguiente direcci\u00f3n: <a href=\"mailto:victory@ulkrainedefensesupport.org\">victory@ukrainedefensesupport.org<\/a>, por tel\u00e9fono al 503-308-9479, o por escrito a:<\/p><p dir=\"ltr\" style=\"padding-left: 40px;\">\u00a0<\/p><p dir=\"ltr\">Apoyo a la Defensa de Ucrania<\/p><p dir=\"ltr\">2050 112th Ave NE, Suite 115<\/p><p dir=\"ltr\">Bellevue, WA 98004<\/p>\t\t\t\t\t\t\t\t<\/div>\n\t\t\t\t<\/div>\n\t\t\t\t<\/div>\n\t\t\t\t\t<\/div>\n\t\t\t\t<\/div>\n\t\t\t\t<\/div>","protected":false},"excerpt":{"rendered":"<p>PRIVACY POLICY PRIVACY POLICY Ukrainedefensesupport.org is a website run by Ukraine Defense Support (\u201cUDS\u201d, \u201cwe\u201d, \u201cus\u201d, \u201cour\u201d), a registered US 501(c)3 nonprofit entity (EIN 92-2693929). This Privacy Policy for ukrainedefensesupport.org describes: The personal information we collect and how we use it With whom we share your information Your choices &amp; rights How you can communicate [&hellip;]<\/p>\n","protected":false},"author":22,"featured_media":4087,"parent":0,"menu_order":0,"comment_status":"closed","ping_status":"closed","template":"","meta":{"_acf_changed":false,"footnotes":""},"class_list":["post-1054","page","type-page","status-publish","has-post-thumbnail","hentry"],"acf":[],"_links":{"self":[{"href":"https:\/\/ukrainedefensesupport.org\/es\/wp-json\/wp\/v2\/pages\/1054","targetHints":{"allow":["GET"]}}],"collection":[{"href":"https:\/\/ukrainedefensesupport.org\/es\/wp-json\/wp\/v2\/pages"}],"about":[{"href":"https:\/\/ukrainedefensesupport.org\/es\/wp-json\/wp\/v2\/types\/page"}],"author":[{"embeddable":true,"href":"https:\/\/ukrainedefensesupport.org\/es\/wp-json\/wp\/v2\/users\/22"}],"replies":[{"embeddable":true,"href":"https:\/\/ukrainedefensesupport.org\/es\/wp-json\/wp\/v2\/comments?post=1054"}],"version-history":[{"count":0,"href":"https:\/\/ukrainedefensesupport.org\/es\/wp-json\/wp\/v2\/pages\/1054\/revisions"}],"wp:featuredmedia":[{"embeddable":true,"href":"https:\/\/ukrainedefensesupport.org\/es\/wp-json\/wp\/v2\/media\/4087"}],"wp:attachment":[{"href":"https:\/\/ukrainedefensesupport.org\/es\/wp-json\/wp\/v2\/media?parent=1054"}],"curies":[{"name":"wp","href":"https:\/\/api.w.org\/{rel}","templated":true}]}}