{"id":4218,"date":"2025-03-01T19:50:19","date_gmt":"2025-03-02T03:50:19","guid":{"rendered":"https:\/\/ukrainedefensesupport.org\/?page_id=4218"},"modified":"2026-05-03T15:31:38","modified_gmt":"2026-05-03T22:31:38","slug":"freedom-for-ukraine-banquet","status":"publish","type":"page","link":"https:\/\/ukrainedefensesupport.org\/es\/events\/freedom-for-ukraine-banquet\/","title":{"rendered":"Banquete Libertad para Ucrania"},"content":{"rendered":"<p style=\"text-align: center;\"><img decoding=\"async\" class=\"wp-image-4668 aligncenter\" src=\"https:\/\/ukrainedefensesupport.org\/wp-content\/uploads\/2026\/02\/415-on-Westlake.jpg\" alt=\"\" width=\"901\" height=\"603\" srcset=\"https:\/\/ukrainedefensesupport.org\/wp-content\/uploads\/2026\/02\/415-on-Westlake.jpg 683w, https:\/\/ukrainedefensesupport.org\/wp-content\/uploads\/2026\/02\/415-on-Westlake-300x201.jpg 300w, https:\/\/ukrainedefensesupport.org\/wp-content\/uploads\/2026\/02\/415-on-Westlake-18x12.jpg 18w\" sizes=\"(max-width: 901px) 100vw, 901px\" \/><\/p>\n<p>&nbsp;<\/p>\n<p style=\"text-align: center;\">Ukraine Defense Support se complace en presentarles una nueva oportunidad para unirnos y apoyar a Ucrania. Acomp\u00e1\u00f1ennos en nuestro cuarto banquete anual, donde disfrutar\u00e1n de una deliciosa comida ucraniana, m\u00fasica en vivo, una emocionante subasta, oradores inspiradores y mucho m\u00e1s. Todos los fondos recaudados se destinar\u00e1n a financiar suministros esenciales para las zonas de conflicto en Ucrania.<\/p>\n<h3><strong>Detalles:<\/strong><\/h3>\n<p><strong>D\u00f3nde: 415 en Westlake<\/strong>, 415 Westlake Ave. N., Seattle, WA <a href=\"https:\/\/www.google.com\/maps\/search\/parking\/@47.6225535,-122.3412408,17z\/data=!3m1!4b1!4m7!2m6!3m5!2s415+Westlake,+415+Westlake+Ave+N,+Seattle,+WA+98109!3s0x54901537861fa787:0xdf2422fd1eeb7f74!4m2!1d-122.3386587!2d47.6225483?authuser=0&amp;entry=ttu&amp;g_ep=EgoyMDI2MDQyOS4wIKXMDSoASAFQAw%3D%3D\" target=\"_blank\" rel=\"noopener\">(Click here for a map of nearby parkin.)<\/a><\/p>\n<p><strong>Cu\u00e1ndo: S\u00e1bado, 16 de mayo de 2026<\/strong>\u00a0 | 16:00 - 20:30<\/p>\n<p><strong>Costo:<\/strong> &#8211; $100<\/p>\n<h2><a href=\"https:\/\/www.tickettailor.com\/events\/ukrainedefensesupport1\/2112399\" target=\"_blank\" rel=\"noopener\"><strong>Comprar entradas<\/strong><\/a><\/h2>\n<h3>Patrocinios:<\/h3>\n<p>Patrocinar el banquete Libertad para Ucrania ofrece una gran visibilidad para su empresa\/organizaci\u00f3n y su marca. Los patrocinadores aparecer\u00e1n en nuestras redes sociales, en nuestro sitio web, en el programa impreso y en las diapositivas del evento.<\/p>\n<p><strong>Niveles:<\/strong><\/p>\n<ul>\n<li>$250 \u2013 Bondad<\/li>\n<li>$500 \u2013 Coraje<\/li>\n<li>$750 \u2013 Esperanza<\/li>\n<li>$1000 \u2013 Liderazgo<\/li>\n<\/ul>\n<h3>Compras de mesas:<\/h3>\n<p>La compra de una mesa ofrece beneficios adicionales y proporciona m\u00e1s fondos para los defensores de Ucrania.<\/p>\n<p><strong>Niveles:<\/strong><\/p>\n<ul>\n<li>$1,000 \u2013 Mesa Freedom \u2013 8 entradas, 8 parches UDS personalizados y m\u00e1s<\/li>\n<li>$2,000 \u2013 Mesa de la Democracia \u2013 8 entradas, 8 parches personalizados de UDS, chocolates ucranianos y m\u00e1s<\/li>\n<li>$3,000 \u2013 Mesa de la victoria \u2013 8 entradas, 8 parches UDS personalizados, chocolates ucranianos, pastel especial de miel ucraniana y m\u00e1s<\/li>\n<\/ul>\n<h3>Subasta:<\/h3>\n<p>Por favor, env\u00edenos un correo electr\u00f3nico si desea contribuir a nuestra subasta silenciosa en <strong><a href=\"mailto:victory@ukrainedefensesupport.org\">auction@ukrainedefensesupport.org<\/a>.<\/strong><\/p>\n<p>&nbsp;<\/p>\n<p style=\"text-align: center;\"><img decoding=\"async\" class=\"alignleft wp-image-4670\" src=\"https:\/\/ukrainedefensesupport.org\/wp-content\/uploads\/2026\/02\/Now-more-than-ever-Help-us-help-Ukraine.jpg\" alt=\"\" width=\"866\" height=\"726\" srcset=\"https:\/\/ukrainedefensesupport.org\/wp-content\/uploads\/2026\/02\/Now-more-than-ever-Help-us-help-Ukraine.jpg 940w, https:\/\/ukrainedefensesupport.org\/wp-content\/uploads\/2026\/02\/Now-more-than-ever-Help-us-help-Ukraine-300x251.jpg 300w, https:\/\/ukrainedefensesupport.org\/wp-content\/uploads\/2026\/02\/Now-more-than-ever-Help-us-help-Ukraine-768x644.jpg 768w, https:\/\/ukrainedefensesupport.org\/wp-content\/uploads\/2026\/02\/Now-more-than-ever-Help-us-help-Ukraine-14x12.jpg 14w\" sizes=\"(max-width: 866px) 100vw, 866px\" \/><\/p>\n<p>&nbsp;<\/p>","protected":false},"excerpt":{"rendered":"<p>&nbsp; Ukraine Defense Support is pleased to present another opportunity for us to all come together to support Ukraine. Join us at our fourth annual banquet where you will enjoy a delicious Ukrainian meal, live music, a thrilling auction, inspiring speakers, and more. All proceeds will fund essential supplies for Ukraine&#8217;s frontlines. Details: Where:\u00a0415 on [&hellip;]<\/p>\n","protected":false},"author":25,"featured_media":0,"parent":1412,"menu_order":0,"comment_status":"closed","ping_status":"closed","template":"","meta":{"_acf_changed":false,"footnotes":""},"class_list":["post-4218","page","type-page","status-publish","hentry"],"acf":[],"_links":{"self":[{"href":"https:\/\/ukrainedefensesupport.org\/es\/wp-json\/wp\/v2\/pages\/4218","targetHints":{"allow":["GET"]}}],"collection":[{"href":"https:\/\/ukrainedefensesupport.org\/es\/wp-json\/wp\/v2\/pages"}],"about":[{"href":"https:\/\/ukrainedefensesupport.org\/es\/wp-json\/wp\/v2\/types\/page"}],"author":[{"embeddable":true,"href":"https:\/\/ukrainedefensesupport.org\/es\/wp-json\/wp\/v2\/users\/25"}],"replies":[{"embeddable":true,"href":"https:\/\/ukrainedefensesupport.org\/es\/wp-json\/wp\/v2\/comments?post=4218"}],"version-history":[{"count":0,"href":"https:\/\/ukrainedefensesupport.org\/es\/wp-json\/wp\/v2\/pages\/4218\/revisions"}],"up":[{"embeddable":true,"href":"https:\/\/ukrainedefensesupport.org\/es\/wp-json\/wp\/v2\/pages\/1412"}],"wp:attachment":[{"href":"https:\/\/ukrainedefensesupport.org\/es\/wp-json\/wp\/v2\/media?parent=4218"}],"curies":[{"name":"wp","href":"https:\/\/api.w.org\/{rel}","templated":true}]}}