{"id":1054,"date":"2024-06-13T23:24:15","date_gmt":"2024-06-13T23:24:15","guid":{"rendered":"https:\/\/ukrainedefensesupport.org\/?page_id=1054"},"modified":"2025-03-01T14:56:07","modified_gmt":"2025-03-01T22:56:07","slug":"privacy-policy","status":"publish","type":"page","link":"https:\/\/ukrainedefensesupport.org\/fr\/privacy-policy\/","title":{"rendered":"politique de confidentialit\u00e9"},"content":{"rendered":"<div data-elementor-type=\"wp-page\" data-elementor-id=\"1054\" class=\"elementor elementor-1054\" data-elementor-post-type=\"page\">\n\t\t\t\t<div class=\"elementor-element elementor-element-f1313fd e-con-full e-flex e-con e-parent\" data-id=\"f1313fd\" data-element_type=\"container\" data-e-type=\"container\" data-settings=\"{&quot;background_background&quot;:&quot;classic&quot;}\">\n\t\t<div class=\"elementor-element elementor-element-d496ac7 e-flex e-con-boxed e-con e-child\" data-id=\"d496ac7\" data-element_type=\"container\" data-e-type=\"container\">\n\t\t\t\t\t<div class=\"e-con-inner\">\n\t\t\t\t<div class=\"elementor-element elementor-element-2805a41 elementor-widget elementor-widget-image\" data-id=\"2805a41\" data-element_type=\"widget\" data-e-type=\"widget\" data-widget_type=\"image.default\">\n\t\t\t\t<div class=\"elementor-widget-container\">\n\t\t\t\t\t\t\t\t\t\t\t\t\t\t\t<img decoding=\"async\" width=\"440\" height=\"373\" src=\"https:\/\/ukrainedefensesupport.org\/wp-content\/uploads\/2024\/12\/usa_flag.png\" class=\"attachment-full size-full wp-image-1653\" alt=\"\" srcset=\"https:\/\/ukrainedefensesupport.org\/wp-content\/uploads\/2024\/12\/usa_flag.png 440w, https:\/\/ukrainedefensesupport.org\/wp-content\/uploads\/2024\/12\/usa_flag-300x254.png 300w\" sizes=\"(max-width: 440px) 100vw, 440px\" \/>\t\t\t\t\t\t\t\t\t\t\t\t\t\t\t<\/div>\n\t\t\t\t<\/div>\n\t\t\t\t\t<\/div>\n\t\t\t\t<\/div>\n\t\t<div class=\"elementor-element elementor-element-30fafd9 e-con-full e-flex e-con e-child\" data-id=\"30fafd9\" data-element_type=\"container\" data-e-type=\"container\">\n\t\t\t\t<div class=\"elementor-element elementor-element-4b5458a elementor-widget__width-auto elementor-widget elementor-widget-heading\" data-id=\"4b5458a\" data-element_type=\"widget\" data-e-type=\"widget\" data-widget_type=\"heading.default\">\n\t\t\t\t<div class=\"elementor-widget-container\">\n\t\t\t\t\t<h1 class=\"elementor-heading-title elementor-size-default\">POLITIQUE DE CONFIDENTIALIT\u00c9<\/h1>\t\t\t\t<\/div>\n\t\t\t\t<\/div>\n\t\t\t\t<\/div>\n\t\t<div class=\"elementor-element elementor-element-0e250bf e-flex e-con-boxed e-con e-child\" data-id=\"0e250bf\" data-element_type=\"container\" data-e-type=\"container\">\n\t\t\t\t\t<div class=\"e-con-inner\">\n\t\t\t\t<div class=\"elementor-element elementor-element-a772902 elementor-widget elementor-widget-image\" data-id=\"a772902\" data-element_type=\"widget\" data-e-type=\"widget\" data-widget_type=\"image.default\">\n\t\t\t\t<div class=\"elementor-widget-container\">\n\t\t\t\t\t\t\t\t\t\t\t\t\t\t\t<img decoding=\"async\" width=\"426\" height=\"371\" src=\"https:\/\/ukrainedefensesupport.org\/wp-content\/uploads\/2024\/12\/illustration_about_01.png\" class=\"attachment-large size-large wp-image-1338\" alt=\"\" srcset=\"https:\/\/ukrainedefensesupport.org\/wp-content\/uploads\/2024\/12\/illustration_about_01.png 426w, https:\/\/ukrainedefensesupport.org\/wp-content\/uploads\/2024\/12\/illustration_about_01-300x261.png 300w\" sizes=\"(max-width: 426px) 100vw, 426px\" \/>\t\t\t\t\t\t\t\t\t\t\t\t\t\t\t<\/div>\n\t\t\t\t<\/div>\n\t\t\t\t\t<\/div>\n\t\t\t\t<\/div>\n\t\t\t\t<\/div>\n\t\t<div class=\"elementor-element elementor-element-5321025 e-flex e-con-boxed e-con e-parent\" data-id=\"5321025\" data-element_type=\"container\" data-e-type=\"container\">\n\t\t\t\t\t<div class=\"e-con-inner\">\n\t\t<div class=\"elementor-element elementor-element-9d25574 e-con-full e-flex e-con e-child\" data-id=\"9d25574\" data-element_type=\"container\" data-e-type=\"container\">\n\t\t\t\t<div class=\"elementor-element elementor-element-0efb738 elementor-widget elementor-widget-text-editor\" data-id=\"0efb738\" data-element_type=\"widget\" data-e-type=\"widget\" data-widget_type=\"text-editor.default\">\n\t\t\t\t<div class=\"elementor-widget-container\">\n\t\t\t\t\t\t\t\t\t<h4 dir=\"ltr\">POLITIQUE DE CONFIDENTIALIT\u00c9<\/h4><p dir=\"ltr\">Ukrainedefensesupport.org est un site web g\u00e9r\u00e9 par Ukraine Defense Support (\u201c\u00a0UDS\u00a0\u201d, \u201c\u00a0nous\u00a0\u201d, \u201c\u00a0notre\u00a0\u201d), une organisation \u00e0 but non lucratif am\u00e9ricaine enregistr\u00e9e sous l\u2019article 501(c)3 (num\u00e9ro d\u2019identification fiscale\u00a0: 92-2693929). La pr\u00e9sente politique de confidentialit\u00e9 pour ukrainedefensesupport.org d\u00e9crit\u00a0:<\/p><ul><li dir=\"ltr\" aria-level=\"1\"><p dir=\"ltr\" role=\"presentation\">Les informations personnelles que nous recueillons et comment nous les utilisons<\/p><\/li><li dir=\"ltr\" aria-level=\"1\"><p dir=\"ltr\" role=\"presentation\">Avec qui partageons-nous vos informations ?<\/p><\/li><li dir=\"ltr\" aria-level=\"1\"><p dir=\"ltr\" role=\"presentation\">Vos choix et vos droits<\/p><\/li><li dir=\"ltr\" aria-level=\"1\"><p dir=\"ltr\" role=\"presentation\">Comment communiquer avec nous au sujet de vos droits et de vos choix.<\/p><\/li><\/ul><p dir=\"ltr\">En soumettant vos informations personnelles sur notre site web, vous acceptez les conditions de la pr\u00e9sente Politique de confidentialit\u00e9. Si vous n&#039;acceptez pas ces conditions, veuillez ne pas utiliser notre site web.<\/p><p dir=\"ltr\">\u00a0<\/p><p dir=\"ltr\"><strong>INFORMATIONS QUE NOUS COLLECTONS ET COMMENT NOUS LES UTILISONS<\/strong><\/p><p dir=\"ltr\">Le site web ukrainedefensesupport.org a pour but de partager des informations sur notre organisation et son travail, d&#039;inscrire les personnes int\u00e9ress\u00e9es \u00e0 nos listes de diffusion et de contact sur leur demande, et d&#039;accepter les dons.<\/p><p dir=\"ltr\">\u00a0<\/p><p dir=\"ltr\"><strong>Formulaire d&#039;inscription<\/strong><\/p><ul><li dir=\"ltr\" aria-level=\"1\"><p dir=\"ltr\" role=\"presentation\">Lorsque vous vous inscrivez \u00e0 notre liste de diffusion et de contact via notre formulaire d&#039;inscription, vos donn\u00e9es personnelles sont collect\u00e9es par <a href=\"https:\/\/www.littlegreenlight.com\/\" rel=\"noopener\">Petite lumi\u00e8re verte<\/a>, notre base de donn\u00e9es de gestion des donateurs et des b\u00e9n\u00e9voles.\u00a0\u00a0<\/p><\/li><li dir=\"ltr\" aria-level=\"1\"><p dir=\"ltr\" role=\"presentation\">Les donn\u00e9es personnelles que nous collectons lorsque vous vous inscrivez \u00e0 notre liste comprennent\u00a0:<\/p><ul><li dir=\"ltr\" aria-level=\"2\"><p dir=\"ltr\" role=\"presentation\">Votre nom<\/p><\/li><li dir=\"ltr\" aria-level=\"2\"><p dir=\"ltr\" role=\"presentation\">Votre adresse e-mail<\/p><\/li><li dir=\"ltr\" aria-level=\"2\"><p dir=\"ltr\" role=\"presentation\">Votre num\u00e9ro de t\u00e9l\u00e9phone<\/p><\/li><li dir=\"ltr\" aria-level=\"2\"><p dir=\"ltr\" role=\"presentation\">Votre code postal<\/p><\/li><li dir=\"ltr\" aria-level=\"2\"><p dir=\"ltr\" role=\"presentation\">Date et heure de soumission du formulaire<\/p><\/li><\/ul><\/li><li dir=\"ltr\" aria-level=\"1\"><p dir=\"ltr\" role=\"presentation\">Comment nous utilisons votre adresse e-mail\u00a0:<\/p><ul><li dir=\"ltr\" aria-level=\"2\"><p dir=\"ltr\" role=\"presentation\">Nous utilisons les adresses \u00e9lectroniques des abonn\u00e9s de notre liste pour envoyer des courriels contenant des nouvelles relatives \u00e0 notre travail, des informations sur les \u00e9v\u00e9nements et pour coordonner notre travail (si vous choisissez de faire du b\u00e9n\u00e9volat avec nous).\u00a0<\/p><\/li><li dir=\"ltr\" aria-level=\"2\"><p dir=\"ltr\" role=\"presentation\">Nous utilisons <a href=\"https:\/\/mailchimp.com\/\" rel=\"noopener\">MailChimp<\/a> pour g\u00e9rer notre liste de diffusion et nos envois postaux.\u00a0<\/p><\/li><li dir=\"ltr\" aria-level=\"2\"><p dir=\"ltr\" role=\"presentation\">Chaque courriel automatis\u00e9 contiendra un lien vous permettant de g\u00e9rer vos pr\u00e9f\u00e9rences ou de vous d\u00e9sabonner. Vous pouvez \u00e9galement vous d\u00e9sabonner de notre liste de diffusion en envoyant un courriel \u00e0 datateam@ukrainedefensesupport.org<\/p><\/li><\/ul><\/li><li dir=\"ltr\" aria-level=\"1\"><p dir=\"ltr\" role=\"presentation\">Comment nous utilisons votre num\u00e9ro de t\u00e9l\u00e9phone\u00a0:<\/p><ul><li dir=\"ltr\" aria-level=\"2\"><p dir=\"ltr\" role=\"presentation\">Nous utilisons votre num\u00e9ro de t\u00e9l\u00e9phone pour coordonner notre travail si vous faites du b\u00e9n\u00e9volat avec nous.<\/p><\/li><li dir=\"ltr\" aria-level=\"2\"><p dir=\"ltr\" role=\"presentation\">UDS envoie un SMS hebdomadaire de rappel d&#039;\u00e9v\u00e9nements. En fournissant votre num\u00e9ro de t\u00e9l\u00e9phone, vous acceptez l&#039;inscription initiale \u00e0 ce service de SMS. Chaque SMS inclura des instructions pour vous d\u00e9sinscrire imm\u00e9diatement (par exemple\u00a0: \u201c\u00a0Envoyez STOP pour vous d\u00e9sinscrire\u00a0\u201d). Vous pouvez \u00e9galement vous d\u00e9sinscrire des SMS en envoyant un courriel \u00e0 datateam@ukrainedefensesupport.org.\u00a0\u00a0\u00a0<\/p><\/li><li dir=\"ltr\" aria-level=\"2\"><p dir=\"ltr\" role=\"presentation\">Nous utilisons <a href=\"https:\/\/mailchimp.com\/\" rel=\"noopener\">MailChimp<\/a> en tant que fournisseur de services de marketing SMS.\u00a0\u00a0<\/p><\/li><\/ul><\/li><li dir=\"ltr\" aria-level=\"1\"><p dir=\"ltr\" role=\"presentation\">Comment nous utilisons votre code postal\u00a0:<\/p><ul><li dir=\"ltr\" aria-level=\"2\"><p dir=\"ltr\" role=\"presentation\">Nous utilisons votre code postal pour d\u00e9terminer votre \u00c9tat et votre circonscription \u00e9lectorale. Ces informations nous permettent d&#039;envoyer des courriels cibl\u00e9s sur des \u00e9v\u00e9nements sp\u00e9cifiques \u00e0 votre r\u00e9gion, d&#039;informer les habitants de certaines circonscriptions sur les actions qu&#039;ils peuvent entreprendre pour aider l&#039;Ukraine et de comprendre l&#039;\u00e9volution de notre nombre d&#039;adh\u00e9rents.\u00a0\u00a0\u00a0\u00a0\u00a0<\/p><\/li><\/ul><\/li><li dir=\"ltr\" aria-level=\"1\"><p dir=\"ltr\" role=\"presentation\">Dans le cadre des activit\u00e9s de l&#039;UDS, les coordonn\u00e9es peuvent \u00eatre partag\u00e9es avec les membres b\u00e9n\u00e9voles concern\u00e9s par l&#039;interm\u00e9diaire de services tiers, si n\u00e9cessaire\u00a0: <a href=\"https:\/\/www.littlegreenlight.com\/\" rel=\"noopener\">Petite lumi\u00e8re verte<\/a>, <a href=\"https:\/\/www.google.com\/sheets\/about\/\" rel=\"noopener\">Feuille Google<\/a>, <a href=\"http:\/\/monday.com\/\" rel=\"noopener\">Lundi.com<\/a> et <a href=\"https:\/\/slack.com\/\" rel=\"noopener\">Mou<\/a>. L&#039;acc\u00e8s \u00e0 ces donn\u00e9es est autoris\u00e9 et prot\u00e9g\u00e9 par mot de passe.\u00a0<\/p><\/li><\/ul><div>\u00a0<\/div><p dir=\"ltr\"><strong>Dons<\/strong><\/p><ul><li dir=\"ltr\" aria-level=\"1\"><p dir=\"ltr\" role=\"presentation\">Lorsque vous faites un don \u00e0 Ukraine Defense Support via notre site web, vos informations personnelles sont transf\u00e9r\u00e9es et trait\u00e9es par,<a href=\"https:\/\/donorbox.org\/\" rel=\"noopener\"> Bo\u00eete \u00e0 don<\/a>.<\/p><\/li><li dir=\"ltr\" aria-level=\"1\"><p dir=\"ltr\" role=\"presentation\">DonorBox traite les transactions de dons via<a href=\"https:\/\/stripe.com\/\" rel=\"noopener\"> Bande<\/a>,<a href=\"https:\/\/www.paypal.com\/us\/webapps\/mpp\/sem\/account-selection-signup?&amp;act=PayPal+US+Joint+&amp;campaignid=71700000021550093&amp;adgroupid=58700002203712911&amp;adgroup=GEN-GT+-+PayPal+-+ONLY+%28e%29&amp;creative=117972804848&amp;kwid=43700018500159337&amp;matchtype=e&amp;network=g&amp;adposition=1t1&amp;target=&amp;device=c&amp;devicemodel=&amp;feeditemid=&amp;loc_physical_ms=9031938&amp;loc_interest_ms=&amp;targetid=kwd-15051880&amp;utm_source=GOOGLE&amp;utm_medium=cpc&amp;utm_campaign=GEN-GT+-+PayPal+-+ONLY&amp;utm_term=paypal&amp;gclid=EAIaIQobChMI79qUzbX52wIVBKvsCh3mpQNWEAAYASAAEgLBA_D_BwE&amp;gclsrc=aw.ds&amp;dclid=CP71y861-dsCFcOtZAod9sQOpQ\" rel=\"noopener\"> et PayPal<\/a> en tant que prestataires de services de paiement. Les informations relatives \u00e0 votre carte de cr\u00e9dit ou \u00e0 votre compte bancaire que vous fournissez sont transmises de mani\u00e8re s\u00e9curis\u00e9e aux prestataires de services de paiement concern\u00e9s.<\/p><\/li><li dir=\"ltr\" aria-level=\"1\"><p dir=\"ltr\" role=\"presentation\">Les donn\u00e9es personnelles que nous collectons lorsque vous effectuez un don en ligne comprennent\u00a0:<\/p><ul><li dir=\"ltr\" aria-level=\"2\"><p dir=\"ltr\" role=\"presentation\">Votre nom<\/p><\/li><li dir=\"ltr\" aria-level=\"2\"><p dir=\"ltr\" role=\"presentation\">Votre adresse e-mail<\/p><\/li><li dir=\"ltr\" aria-level=\"2\"><p dir=\"ltr\" role=\"presentation\">Votre num\u00e9ro de t\u00e9l\u00e9phone<\/p><\/li><li dir=\"ltr\" aria-level=\"2\"><p dir=\"ltr\" role=\"presentation\">Date et heure de soumission du formulaire<\/p><\/li><\/ul><\/li><li dir=\"ltr\" aria-level=\"1\"><p dir=\"ltr\" role=\"presentation\">Les paiements des dons sont g\u00e9r\u00e9s par DonorBox. UDS ne voit ni ne conserve aucune de vos informations financi\u00e8res personnelles, y compris votre num\u00e9ro de carte de cr\u00e9dit ou vos informations de compte PayPal.<\/p><\/li><\/ul><div>\u00a0<\/div><p dir=\"ltr\"><strong>Cookies d&#039;analyse et de suivi des pages Web<\/strong><\/p><ul><li dir=\"ltr\" aria-level=\"1\"><p dir=\"ltr\" role=\"presentation\">Nous utilisons Google Analytics pour comprendre comment les visiteurs utilisent notre site et pour recueillir des statistiques globales sur ses performances. Ces informations nous permettent d&#039;am\u00e9liorer nos pages web.\u00a0<\/p><\/li><li dir=\"ltr\" aria-level=\"1\"><p dir=\"ltr\" role=\"presentation\">Google Analytics place un cookie sur votre navigateur web pour vous identifier comme utilisateur unique. Ce cookie ne peut \u00eatre utilis\u00e9 que par Google. L&#039;utilisation et le partage des informations collect\u00e9es par Google Analytics concernant vos visites sur ce site sont soumis \u00e0 des restrictions.<a href=\"https:\/\/www.google.com\/analytics\/terms\/us.html\" rel=\"noopener\"> Conditions d&#039;utilisation de Google Analytics<\/a> et le<a href=\"https:\/\/www.google.com\/policies\/privacy\/\" rel=\"noopener\"> Politique de confidentialit\u00e9 de Google<\/a>.<\/p><\/li><li dir=\"ltr\" aria-level=\"1\"><p dir=\"ltr\" role=\"presentation\">Nous ne recueillons aucune information permettant d&#039;identifier une personne \u00e0 l&#039;aide de Google Analytics, et nous ne combinons pas les informations recueillies par le biais de Google Analytics avec des informations permettant d&#039;identifier une personne.<\/p><\/li><li dir=\"ltr\" aria-level=\"1\"><p dir=\"ltr\" role=\"presentation\">Nous utilisons \u00e9galement des cookies dans notre formulaire d&#039;inscription contextuel, afin d&#039;emp\u00eacher qu&#039;il ne continue \u00e0 s&#039;afficher apr\u00e8s sa fermeture.\u00a0<\/p><\/li><li dir=\"ltr\" aria-level=\"1\"><p dir=\"ltr\" role=\"presentation\">Vous pouvez bloquer les cookies en activant un param\u00e8tre de votre navigateur permettant de refuser leur installation. Vous pouvez \u00e9galement supprimer les cookies via les param\u00e8tres de votre navigateur. Si vous d\u00e9sactivez, refusez ou bloquez les cookies (y compris les cookies essentiels) via les param\u00e8tres de votre navigateur, certaines parties de notre site web ne fonctionneront pas correctement. Dans certains cas, notre site web pourrait m\u00eame \u00eatre inaccessible. Veuillez noter que nous n&#039;avons aucun contr\u00f4le sur l&#039;utilisation des cookies par des tiers.<\/p><\/li><\/ul><div>\u00a0<\/div><p dir=\"ltr\"><strong>Respect de la vie priv\u00e9e des enfants<\/strong><\/p><ul><li dir=\"ltr\" aria-level=\"1\"><p dir=\"ltr\" role=\"presentation\">Nous ne recueillons, ne conservons ni n&#039;utilisons sciemment aucune information personnelle concernant des enfants de moins de 13 ans, et aucune partie de notre site ne s&#039;adresse aux enfants.<\/p><\/li><li dir=\"ltr\" aria-level=\"1\"><p dir=\"ltr\" role=\"presentation\">Si vous apprenez qu&#039;un enfant nous a fourni des informations personnelles en violation de la pr\u00e9sente politique de confidentialit\u00e9, vous pouvez nous en informer \u00e0 l&#039;adresse datateam@ukrainedefensesupport.org.<\/p><\/li><\/ul><h4 dir=\"ltr\">\u00a0<\/h4><h4 dir=\"ltr\">AVEC QUI PARTAGEONS-NOUS VOS INFORMATIONS<\/h4><ul><li dir=\"ltr\" aria-level=\"1\"><p dir=\"ltr\" role=\"presentation\">Nous ne vendons, ne louons ni ne divulguons vos informations personnelles \u00e0 d&#039;autres organisations, \u00e0 l&#039;exception des services tiers d\u00e9taill\u00e9s ci-dessus, lorsque cela est n\u00e9cessaire pour g\u00e9rer vos donn\u00e9es et fournir les services que vous demandez.\u00a0<\/p><\/li><li dir=\"ltr\" aria-level=\"1\"><p dir=\"ltr\" role=\"presentation\">Nous pouvons acc\u00e9der \u00e0 vos informations, les conserver et les divulguer si nous estimons que cela est n\u00e9cessaire ou appropri\u00e9 pour\u00a0:<\/p><ul><li dir=\"ltr\" aria-level=\"2\"><p dir=\"ltr\" role=\"presentation\">se conformer aux demandes des forces de l&#039;ordre et aux proc\u00e9dures l\u00e9gales, telles qu&#039;une ordonnance du tribunal ou une assignation \u00e0 compara\u00eetre\u00a0;<\/p><\/li><li dir=\"ltr\" aria-level=\"2\"><p dir=\"ltr\" role=\"presentation\">r\u00e9pondre \u00e0 vos demandes; ou<\/p><\/li><li dir=\"ltr\" aria-level=\"2\"><p dir=\"ltr\" role=\"presentation\">prot\u00e9ger vos droits, les n\u00f4tres ou ceux d&#039;autrui, nos biens ou notre s\u00e9curit\u00e9.<\/p><\/li><\/ul><\/li><li dir=\"ltr\" aria-level=\"1\"><p dir=\"ltr\" role=\"presentation\">Nous pouvons \u00e9galement divulguer des informations vous concernant ou concernant vos appareils avec votre autorisation.<\/p><\/li><\/ul><h4 dir=\"ltr\">\u00a0<\/h4><h4 dir=\"ltr\">VOS CHOIX ET VOS DROITS<\/h4><ul><li dir=\"ltr\" aria-level=\"1\"><p dir=\"ltr\" role=\"presentation\">Vous pouvez choisir de ne pas nous fournir de renseignements personnels.<\/p><ul><li dir=\"ltr\" aria-level=\"2\"><p dir=\"ltr\" role=\"presentation\">Si vous choisissez de ne pas fournir d&#039;informations personnelles, vous pouvez utiliser le site web et parcourir les pages, mais nous ne pourrons pas traiter les dons ni vous inscrire sur notre liste de contacts.\u00a0<\/p><\/li><\/ul><\/li><li dir=\"ltr\" aria-level=\"1\"><p dir=\"ltr\" role=\"presentation\">Vous pouvez d\u00e9sactiver les cookies dans votre navigateur en modifiant ses param\u00e8tres.<\/p><\/li><li dir=\"ltr\" aria-level=\"1\"><p dir=\"ltr\" role=\"presentation\">Vous pouvez nous demander de ne pas utiliser vos informations personnelles pour recevoir des courriels et des SMS de la part d&#039;UDS.\u00a0\u00a0<\/p><\/li><li dir=\"ltr\" aria-level=\"1\"><p dir=\"ltr\" role=\"presentation\">Vous avez le droit \u00e0 l&#039;oubli.<\/p><ul><li dir=\"ltr\" aria-level=\"2\"><p dir=\"ltr\" role=\"presentation\">Vous pouvez demander \u00e0 tout moment la suppression de vos donn\u00e9es personnelles.\u00a0<\/p><\/li><\/ul><\/li><li dir=\"ltr\" aria-level=\"1\"><p dir=\"ltr\" role=\"presentation\">Vous avez le droit d&#039;acc\u00e9der aux informations que nous d\u00e9tenons vous concernant.\u00a0<\/p><ul><li dir=\"ltr\" aria-level=\"2\"><p dir=\"ltr\" role=\"presentation\">Cela inclut vos informations personnelles, les finalit\u00e9s de leur collecte, leur mode de stockage et leur dur\u00e9e de conservation, ainsi que les personnes auxquelles ces donn\u00e9es ont \u00e9t\u00e9 divulgu\u00e9es.\u00a0<\/p><\/li><\/ul><\/li><li dir=\"ltr\" aria-level=\"1\"><p dir=\"ltr\" role=\"presentation\">Vous avez le droit de faire rectifier vos donn\u00e9es.<\/p><ul><li dir=\"ltr\" aria-level=\"2\"><p dir=\"ltr\" role=\"presentation\">Vous pouvez demander \u00e0 tout moment que des donn\u00e9es incompl\u00e8tes soient compl\u00e9t\u00e9es ou que des donn\u00e9es incorrectes soient corrig\u00e9es.<\/p><\/li><\/ul><\/li><li dir=\"ltr\" aria-level=\"1\"><p dir=\"ltr\" role=\"presentation\">Toutes les demandes peuvent \u00eatre soumises \u00e0 datateam@ukrainedefensesupport.org<\/p><\/li><\/ul><div>\u00a0<\/div><p dir=\"ltr\"><strong>S\u00e9curit\u00e9<br \/><\/strong><\/p><ul><li dir=\"ltr\" aria-level=\"1\"><p dir=\"ltr\" role=\"presentation\">Nous mettons en \u0153uvre des mesures raisonnables pour prot\u00e9ger vos informations en utilisant des dispositifs de s\u00e9curit\u00e9 physiques et \u00e9lectroniques con\u00e7us pour renforcer la s\u00e9curit\u00e9 des donn\u00e9es que nous conservons. Cependant, nos services \u00e9tant h\u00e9berg\u00e9s \u00e9lectroniquement, nous ne pouvons garantir la s\u00e9curit\u00e9 ni la confidentialit\u00e9 de vos informations.<\/p><\/li><li dir=\"ltr\" aria-level=\"1\"><p dir=\"ltr\" role=\"presentation\">Aucun syst\u00e8me ne peut garantir une s\u00e9curit\u00e9 absolue (100 % TPE\/TPS). Si vous avez des questions concernant la s\u00e9curit\u00e9 de vos donn\u00e9es personnelles, ou si vous avez des raisons de croire que les donn\u00e9es personnelles que nous d\u00e9tenons \u00e0 votre sujet ne sont plus s\u00e9curis\u00e9es, veuillez nous contacter imm\u00e9diatement \u00e0 l&#039;adresse datateam@ukrainedefensesupport.org.<\/p><\/li><\/ul><div>\u00a0<\/div><p dir=\"ltr\"><strong>Changements<\/strong><\/p><p dir=\"ltr\" style=\"padding-left: 40px;\">Nous pouvons modifier cette politique de confidentialit\u00e9 de temps \u00e0 autre. Veuillez consulter r\u00e9guli\u00e8rement cette page pour prendre connaissance des mises \u00e0 jour, car votre utilisation continue de ce site apr\u00e8s toute modification de cette politique de confidentialit\u00e9 vaudra acceptation de ces modifications.<\/p><p dir=\"ltr\" style=\"padding-left: 40px;\">\u00a0<\/p><p dir=\"ltr\"><strong>Date d&#039;entr\u00e9e en vigueur<\/strong><\/p><p dir=\"ltr\" style=\"padding-left: 40px;\">Cette version de la politique entrera en vigueur le 12 juin 2024.<\/p><p dir=\"ltr\" style=\"padding-left: 40px;\">\u00a0<\/p><p dir=\"ltr\"><strong>Questions<\/strong><\/p><p dir=\"ltr\" style=\"padding-left: 40px;\">Si vous avez des questions, des commentaires, des pr\u00e9occupations ou des r\u00e9clamations concernant nos sites web, veuillez nous contacter par courriel \u00e0 l&#039;adresse suivante : <a href=\"mailto:victory@ulkrainedefensesupport.org\">victory@ukrainedefensesupport.org<\/a>, par t\u00e9l\u00e9phone au 503-308-9479, ou en nous \u00e9crivant \u00e0\u00a0:<\/p><p dir=\"ltr\" style=\"padding-left: 40px;\">\u00a0<\/p><p dir=\"ltr\">Soutien \u00e0 la d\u00e9fense de l&#039;Ukraine<\/p><p dir=\"ltr\">2050 112e Avenue NE, bureau 115<\/p><p dir=\"ltr\">Bellevue, Washington 98004<\/p>\t\t\t\t\t\t\t\t<\/div>\n\t\t\t\t<\/div>\n\t\t\t\t<\/div>\n\t\t\t\t\t<\/div>\n\t\t\t\t<\/div>\n\t\t\t\t<\/div>","protected":false},"excerpt":{"rendered":"<p>PRIVACY POLICY PRIVACY POLICY Ukrainedefensesupport.org is a website run by Ukraine Defense Support (\u201cUDS\u201d, \u201cwe\u201d, \u201cus\u201d, \u201cour\u201d), a registered US 501(c)3 nonprofit entity (EIN 92-2693929). This Privacy Policy for ukrainedefensesupport.org describes: The personal information we collect and how we use it With whom we share your information Your choices &amp; rights How you can communicate [&hellip;]<\/p>\n","protected":false},"author":22,"featured_media":4087,"parent":0,"menu_order":0,"comment_status":"closed","ping_status":"closed","template":"","meta":{"_acf_changed":false,"footnotes":""},"class_list":["post-1054","page","type-page","status-publish","has-post-thumbnail","hentry"],"acf":[],"_links":{"self":[{"href":"https:\/\/ukrainedefensesupport.org\/fr\/wp-json\/wp\/v2\/pages\/1054","targetHints":{"allow":["GET"]}}],"collection":[{"href":"https:\/\/ukrainedefensesupport.org\/fr\/wp-json\/wp\/v2\/pages"}],"about":[{"href":"https:\/\/ukrainedefensesupport.org\/fr\/wp-json\/wp\/v2\/types\/page"}],"author":[{"embeddable":true,"href":"https:\/\/ukrainedefensesupport.org\/fr\/wp-json\/wp\/v2\/users\/22"}],"replies":[{"embeddable":true,"href":"https:\/\/ukrainedefensesupport.org\/fr\/wp-json\/wp\/v2\/comments?post=1054"}],"version-history":[{"count":0,"href":"https:\/\/ukrainedefensesupport.org\/fr\/wp-json\/wp\/v2\/pages\/1054\/revisions"}],"wp:featuredmedia":[{"embeddable":true,"href":"https:\/\/ukrainedefensesupport.org\/fr\/wp-json\/wp\/v2\/media\/4087"}],"wp:attachment":[{"href":"https:\/\/ukrainedefensesupport.org\/fr\/wp-json\/wp\/v2\/media?parent=1054"}],"curies":[{"name":"wp","href":"https:\/\/api.w.org\/{rel}","templated":true}]}}