{"id":4218,"date":"2025-03-01T19:50:19","date_gmt":"2025-03-02T03:50:19","guid":{"rendered":"https:\/\/ukrainedefensesupport.org\/?page_id=4218"},"modified":"2026-05-03T15:31:38","modified_gmt":"2026-05-03T22:31:38","slug":"freedom-for-ukraine-banquet","status":"publish","type":"page","link":"https:\/\/ukrainedefensesupport.org\/fr\/events\/freedom-for-ukraine-banquet\/","title":{"rendered":"Banquet pour la libert\u00e9 de l&#039;Ukraine"},"content":{"rendered":"<p style=\"text-align: center;\"><img decoding=\"async\" class=\"wp-image-4668 aligncenter\" src=\"https:\/\/ukrainedefensesupport.org\/wp-content\/uploads\/2026\/02\/415-on-Westlake.jpg\" alt=\"\" width=\"901\" height=\"603\" srcset=\"https:\/\/ukrainedefensesupport.org\/wp-content\/uploads\/2026\/02\/415-on-Westlake.jpg 683w, https:\/\/ukrainedefensesupport.org\/wp-content\/uploads\/2026\/02\/415-on-Westlake-300x201.jpg 300w, https:\/\/ukrainedefensesupport.org\/wp-content\/uploads\/2026\/02\/415-on-Westlake-18x12.jpg 18w\" sizes=\"(max-width: 901px) 100vw, 901px\" \/><\/p>\n<p>&nbsp;<\/p>\n<p style=\"text-align: center;\">Ukraine Defense Support a le plaisir de vous pr\u00e9senter une nouvelle occasion de nous rassembler pour soutenir l&#039;Ukraine. Rejoignez-nous \u00e0 notre quatri\u00e8me banquet annuel o\u00f9 vous d\u00e9gusterez un d\u00e9licieux repas ukrainien, profiterez de musique en direct, participerez \u00e0 une vente aux ench\u00e8res palpitante, \u00e9couterez des conf\u00e9renciers inspirants et bien plus encore. L&#039;int\u00e9gralit\u00e9 des b\u00e9n\u00e9fices servira \u00e0 financer des fournitures essentielles pour les soldats ukrainiens en premi\u00e8re ligne.<\/p>\n<h3><strong>D\u00e9tails:<\/strong><\/h3>\n<p><strong>O\u00f9 : 415 sur Westlake<\/strong>, 415 Westlake Ave. N., Seattle, WA <a href=\"https:\/\/www.google.com\/maps\/search\/parking\/@47.6225535,-122.3412408,17z\/data=!3m1!4b1!4m7!2m6!3m5!2s415+Westlake,+415+Westlake+Ave+N,+Seattle,+WA+98109!3s0x54901537861fa787:0xdf2422fd1eeb7f74!4m2!1d-122.3386587!2d47.6225483?authuser=0&amp;entry=ttu&amp;g_ep=EgoyMDI2MDQyOS4wIKXMDSoASAFQAw%3D%3D\" target=\"_blank\" rel=\"noopener\">(Click here for a map of nearby parkin.)<\/a><\/p>\n<p><strong>Quand : samedi 16 mai 2026<\/strong>\u00a0 | 16h00 \u2013 20h30<\/p>\n<p><strong>Co\u00fbt:<\/strong> &#8211; $100<\/p>\n<h2><a href=\"https:\/\/www.tickettailor.com\/events\/ukrainedefensesupport1\/2112399\" target=\"_blank\" rel=\"noopener\"><strong>Acheter des billets<\/strong><\/a><\/h2>\n<h3>Parrainages :<\/h3>\n<p>Le parrainage du banquet \u00ab\u00a0Libert\u00e9 pour l\u2019Ukraine\u00a0\u00bb offre une visibilit\u00e9 exceptionnelle \u00e0 votre entreprise\/organisation et \u00e0 votre marque. Les sponsors seront mis en avant sur nos r\u00e9seaux sociaux, notre site web, dans notre programme imprim\u00e9 et dans les diapositives de l\u2019\u00e9v\u00e9nement.<\/p>\n<p><strong>Niveaux :<\/strong><\/p>\n<ul>\n<li>$250 \u2013 La gentillesse<\/li>\n<li>$500 \u2013 Courage<\/li>\n<li>$750 \u2013 Espoir<\/li>\n<li>$1\u00a0000 \u2013 Leadership<\/li>\n<\/ul>\n<h3>Achat de tables :<\/h3>\n<p>L&#039;achat d&#039;une table offre des avantages suppl\u00e9mentaires et permet de financer davantage les d\u00e9fenseurs ukrainiens.<\/p>\n<p><strong>Niveaux :<\/strong><\/p>\n<ul>\n<li>$1\u00a0000 \u2013 Table Libert\u00e9 \u2013 8 tickets, 8 patchs UDS personnalis\u00e9s et plus encore<\/li>\n<li>$2\u00a0000 \u2013 Table D\u00e9mocratie \u2013 8 tickets, 8 \u00e9cussons UDS personnalis\u00e9s, chocolats ukrainiens et plus encore<\/li>\n<li>$3\u00a0000 \u2013 Table de la victoire \u2013 8 tickets, 8 \u00e9cussons UDS personnalis\u00e9s, chocolats ukrainiens, g\u00e2teau au miel ukrainien sp\u00e9cial et plus encore<\/li>\n<\/ul>\n<h3>Ench\u00e8res:<\/h3>\n<p>Veuillez nous envoyer un courriel si vous souhaitez participer \u00e0 notre vente aux ench\u00e8res silencieuse \u00e0 <strong><a href=\"mailto:victory@ukrainedefensesupport.org\">auction@ukrainedefensesupport.org<\/a>.<\/strong><\/p>\n<p>&nbsp;<\/p>\n<p style=\"text-align: center;\"><img decoding=\"async\" class=\"alignleft wp-image-4670\" src=\"https:\/\/ukrainedefensesupport.org\/wp-content\/uploads\/2026\/02\/Now-more-than-ever-Help-us-help-Ukraine.jpg\" alt=\"\" width=\"866\" height=\"726\" srcset=\"https:\/\/ukrainedefensesupport.org\/wp-content\/uploads\/2026\/02\/Now-more-than-ever-Help-us-help-Ukraine.jpg 940w, https:\/\/ukrainedefensesupport.org\/wp-content\/uploads\/2026\/02\/Now-more-than-ever-Help-us-help-Ukraine-300x251.jpg 300w, https:\/\/ukrainedefensesupport.org\/wp-content\/uploads\/2026\/02\/Now-more-than-ever-Help-us-help-Ukraine-768x644.jpg 768w, https:\/\/ukrainedefensesupport.org\/wp-content\/uploads\/2026\/02\/Now-more-than-ever-Help-us-help-Ukraine-14x12.jpg 14w\" sizes=\"(max-width: 866px) 100vw, 866px\" \/><\/p>\n<p>&nbsp;<\/p>","protected":false},"excerpt":{"rendered":"<p>&nbsp; Ukraine Defense Support is pleased to present another opportunity for us to all come together to support Ukraine. Join us at our fourth annual banquet where you will enjoy a delicious Ukrainian meal, live music, a thrilling auction, inspiring speakers, and more. All proceeds will fund essential supplies for Ukraine&#8217;s frontlines. Details: Where:\u00a0415 on [&hellip;]<\/p>\n","protected":false},"author":25,"featured_media":0,"parent":1412,"menu_order":0,"comment_status":"closed","ping_status":"closed","template":"","meta":{"_acf_changed":false,"footnotes":""},"class_list":["post-4218","page","type-page","status-publish","hentry"],"acf":[],"_links":{"self":[{"href":"https:\/\/ukrainedefensesupport.org\/fr\/wp-json\/wp\/v2\/pages\/4218","targetHints":{"allow":["GET"]}}],"collection":[{"href":"https:\/\/ukrainedefensesupport.org\/fr\/wp-json\/wp\/v2\/pages"}],"about":[{"href":"https:\/\/ukrainedefensesupport.org\/fr\/wp-json\/wp\/v2\/types\/page"}],"author":[{"embeddable":true,"href":"https:\/\/ukrainedefensesupport.org\/fr\/wp-json\/wp\/v2\/users\/25"}],"replies":[{"embeddable":true,"href":"https:\/\/ukrainedefensesupport.org\/fr\/wp-json\/wp\/v2\/comments?post=4218"}],"version-history":[{"count":0,"href":"https:\/\/ukrainedefensesupport.org\/fr\/wp-json\/wp\/v2\/pages\/4218\/revisions"}],"up":[{"embeddable":true,"href":"https:\/\/ukrainedefensesupport.org\/fr\/wp-json\/wp\/v2\/pages\/1412"}],"wp:attachment":[{"href":"https:\/\/ukrainedefensesupport.org\/fr\/wp-json\/wp\/v2\/media?parent=4218"}],"curies":[{"name":"wp","href":"https:\/\/api.w.org\/{rel}","templated":true}]}}