{"id":1054,"date":"2024-06-13T23:24:15","date_gmt":"2024-06-13T23:24:15","guid":{"rendered":"https:\/\/ukrainedefensesupport.org\/?page_id=1054"},"modified":"2025-03-01T14:56:07","modified_gmt":"2025-03-01T22:56:07","slug":"privacy-policy","status":"publish","type":"page","link":"https:\/\/ukrainedefensesupport.org\/hu\/privacy-policy\/","title":{"rendered":"Adatv\u00e9delmi ir\u00e1nyelvek"},"content":{"rendered":"<div data-elementor-type=\"wp-page\" data-elementor-id=\"1054\" class=\"elementor elementor-1054\" data-elementor-post-type=\"page\">\n\t\t\t\t<div class=\"elementor-element elementor-element-f1313fd e-con-full e-flex e-con e-parent\" data-id=\"f1313fd\" data-element_type=\"container\" data-e-type=\"container\" data-settings=\"{&quot;background_background&quot;:&quot;classic&quot;}\">\n\t\t<div class=\"elementor-element elementor-element-d496ac7 e-flex e-con-boxed e-con e-child\" data-id=\"d496ac7\" data-element_type=\"container\" data-e-type=\"container\">\n\t\t\t\t\t<div class=\"e-con-inner\">\n\t\t\t\t<div class=\"elementor-element elementor-element-2805a41 elementor-widget elementor-widget-image\" data-id=\"2805a41\" data-element_type=\"widget\" data-e-type=\"widget\" data-widget_type=\"image.default\">\n\t\t\t\t<div class=\"elementor-widget-container\">\n\t\t\t\t\t\t\t\t\t\t\t\t\t\t\t<img decoding=\"async\" width=\"440\" height=\"373\" src=\"https:\/\/ukrainedefensesupport.org\/wp-content\/uploads\/2024\/12\/usa_flag.png\" class=\"attachment-full size-full wp-image-1653\" alt=\"\" srcset=\"https:\/\/ukrainedefensesupport.org\/wp-content\/uploads\/2024\/12\/usa_flag.png 440w, https:\/\/ukrainedefensesupport.org\/wp-content\/uploads\/2024\/12\/usa_flag-300x254.png 300w\" sizes=\"(max-width: 440px) 100vw, 440px\" \/>\t\t\t\t\t\t\t\t\t\t\t\t\t\t\t<\/div>\n\t\t\t\t<\/div>\n\t\t\t\t\t<\/div>\n\t\t\t\t<\/div>\n\t\t<div class=\"elementor-element elementor-element-30fafd9 e-con-full e-flex e-con e-child\" data-id=\"30fafd9\" data-element_type=\"container\" data-e-type=\"container\">\n\t\t\t\t<div class=\"elementor-element elementor-element-4b5458a elementor-widget__width-auto elementor-widget elementor-widget-heading\" data-id=\"4b5458a\" data-element_type=\"widget\" data-e-type=\"widget\" data-widget_type=\"heading.default\">\n\t\t\t\t<div class=\"elementor-widget-container\">\n\t\t\t\t\t<h1 class=\"elementor-heading-title elementor-size-default\">ADATV\u00c9DELMI SZAB\u00c1LYZAT<\/h1>\t\t\t\t<\/div>\n\t\t\t\t<\/div>\n\t\t\t\t<\/div>\n\t\t<div class=\"elementor-element elementor-element-0e250bf e-flex e-con-boxed e-con e-child\" data-id=\"0e250bf\" data-element_type=\"container\" data-e-type=\"container\">\n\t\t\t\t\t<div class=\"e-con-inner\">\n\t\t\t\t<div class=\"elementor-element elementor-element-a772902 elementor-widget elementor-widget-image\" data-id=\"a772902\" data-element_type=\"widget\" data-e-type=\"widget\" data-widget_type=\"image.default\">\n\t\t\t\t<div class=\"elementor-widget-container\">\n\t\t\t\t\t\t\t\t\t\t\t\t\t\t\t<img decoding=\"async\" width=\"426\" height=\"371\" src=\"https:\/\/ukrainedefensesupport.org\/wp-content\/uploads\/2024\/12\/illustration_about_01.png\" class=\"attachment-large size-large wp-image-1338\" alt=\"\" srcset=\"https:\/\/ukrainedefensesupport.org\/wp-content\/uploads\/2024\/12\/illustration_about_01.png 426w, https:\/\/ukrainedefensesupport.org\/wp-content\/uploads\/2024\/12\/illustration_about_01-300x261.png 300w\" sizes=\"(max-width: 426px) 100vw, 426px\" \/>\t\t\t\t\t\t\t\t\t\t\t\t\t\t\t<\/div>\n\t\t\t\t<\/div>\n\t\t\t\t\t<\/div>\n\t\t\t\t<\/div>\n\t\t\t\t<\/div>\n\t\t<div class=\"elementor-element elementor-element-5321025 e-flex e-con-boxed e-con e-parent\" data-id=\"5321025\" data-element_type=\"container\" data-e-type=\"container\">\n\t\t\t\t\t<div class=\"e-con-inner\">\n\t\t<div class=\"elementor-element elementor-element-9d25574 e-con-full e-flex e-con e-child\" data-id=\"9d25574\" data-element_type=\"container\" data-e-type=\"container\">\n\t\t\t\t<div class=\"elementor-element elementor-element-0efb738 elementor-widget elementor-widget-text-editor\" data-id=\"0efb738\" data-element_type=\"widget\" data-e-type=\"widget\" data-widget_type=\"text-editor.default\">\n\t\t\t\t<div class=\"elementor-widget-container\">\n\t\t\t\t\t\t\t\t\t<h4 dir=\"ltr\">ADATV\u00c9DELMI SZAB\u00c1LYZAT<\/h4><p dir=\"ltr\">Az Ukrainedefensesupport.org weboldalt az Ukraine Defense Support (\u201cUDS\u201d, \u201cmi\u201d, \u201cminket\u201d, \u201cmi\u00e9nk\u201d) \u00fczemelteti, amely egy bejegyzett amerikai 501(c)3 nonprofit szervezet (EIN 92-2693929). Az ukrainedefensesupport.org adatv\u00e9delmi szab\u00e1lyzata a k\u00f6vetkez\u0151ket \u00edrja le:<\/p><ul><li dir=\"ltr\" aria-level=\"1\"><p dir=\"ltr\" role=\"presentation\">Az \u00e1ltalunk gy\u0171jt\u00f6tt szem\u00e9lyes adatok \u00e9s azok felhaszn\u00e1l\u00e1s\u00e1nak m\u00f3dja<\/p><\/li><li dir=\"ltr\" aria-level=\"1\"><p dir=\"ltr\" role=\"presentation\">Kivel osztjuk meg az adatait<\/p><\/li><li dir=\"ltr\" aria-level=\"1\"><p dir=\"ltr\" role=\"presentation\">Az \u00d6n v\u00e1laszt\u00e1si lehet\u0151s\u00e9gei \u00e9s jogai<\/p><\/li><li dir=\"ltr\" aria-level=\"1\"><p dir=\"ltr\" role=\"presentation\">Hogyan kommunik\u00e1lhat vel\u00fcnk a jogair\u00f3l \u00e9s a v\u00e1laszt\u00e1si lehet\u0151s\u00e9geir\u0151l.<\/p><\/li><\/ul><p dir=\"ltr\">Szem\u00e9lyes adatainak weboldalunkon t\u00f6rt\u00e9n\u0151 megad\u00e1s\u00e1val \u00d6n elfogadja a jelen Adatv\u00e9delmi Szab\u00e1lyzatban foglalt felt\u00e9teleket. Ha nem \u00e9rt egyet ezekkel a felt\u00e9telekkel, k\u00e9rj\u00fck, ne haszn\u00e1lja weboldalunkat.<\/p><p dir=\"ltr\">\u00a0<\/p><p dir=\"ltr\"><strong>AZ \u00c1LLAMUNKBAN GY\u0170JT\u00d6TT INFORM\u00c1CI\u00d3K \u00c9S AZOK FELHASZN\u00c1L\u00c1S\u00c1NAK HOGYAN<\/strong><\/p><p dir=\"ltr\">Az ukrainedefensesupport.org weboldal c\u00e9lja, hogy inform\u00e1ci\u00f3kat osszon meg szervezet\u00fcnkr\u0151l \u00e9s munk\u00e1j\u00e1r\u00f3l, k\u00e9r\u00e9sre regisztr\u00e1lja az \u00e9rdekl\u0151d\u0151ket levelez\u00e9si \u00e9s kapcsolati list\u00e1inkra, valamint adom\u00e1nyokat fogadjon.<\/p><p dir=\"ltr\">\u00a0<\/p><p dir=\"ltr\"><strong>Regisztr\u00e1ci\u00f3s \u0171rlap<\/strong><\/p><ul><li dir=\"ltr\" aria-level=\"1\"><p dir=\"ltr\" role=\"presentation\">Amikor feliratkozik h\u00edrlevel\u00fcnkre \u00e9s kapcsolati list\u00e1nkra a feliratkoz\u00e1si \u0171rlapunk seg\u00edts\u00e9g\u00e9vel, szem\u00e9lyes adatait a k\u00f6vetkez\u0151 gy\u0171jti \u00f6ssze: <a href=\"https:\/\/www.littlegreenlight.com\/\" rel=\"noopener\">Kis z\u00f6ld f\u00e9ny<\/a>, az adom\u00e1nyoz\u00f3i \u00e9s \u00f6nk\u00e9ntes-kezel\u0151 adatb\u00e1zisunk.\u00a0\u00a0<\/p><\/li><li dir=\"ltr\" aria-level=\"1\"><p dir=\"ltr\" role=\"presentation\">A list\u00e1nkra val\u00f3 feliratkoz\u00e1skor gy\u0171jt\u00f6tt szem\u00e9lyes adatok a k\u00f6vetkez\u0151k:<\/p><ul><li dir=\"ltr\" aria-level=\"2\"><p dir=\"ltr\" role=\"presentation\">A neved<\/p><\/li><li dir=\"ltr\" aria-level=\"2\"><p dir=\"ltr\" role=\"presentation\">Az \u00d6n e-mail c\u00edme<\/p><\/li><li dir=\"ltr\" aria-level=\"2\"><p dir=\"ltr\" role=\"presentation\">A telefonsz\u00e1mod<\/p><\/li><li dir=\"ltr\" aria-level=\"2\"><p dir=\"ltr\" role=\"presentation\">Az \u00d6n ir\u00e1ny\u00edt\u00f3sz\u00e1ma<\/p><\/li><li dir=\"ltr\" aria-level=\"2\"><p dir=\"ltr\" role=\"presentation\">Az \u0171rlap bek\u00fcld\u00e9s\u00e9nek d\u00e1tuma \u00e9s id\u0151pontja<\/p><\/li><\/ul><\/li><li dir=\"ltr\" aria-level=\"1\"><p dir=\"ltr\" role=\"presentation\">Hogyan haszn\u00e1ljuk fel az e-mail c\u00edm\u00e9t:<\/p><ul><li dir=\"ltr\" aria-level=\"2\"><p dir=\"ltr\" role=\"presentation\">A list\u00e1nkra feliratkoz\u00f3k e-mail c\u00edmeit arra haszn\u00e1ljuk, hogy e-maileket k\u00fcldj\u00fcnk nekik a munk\u00e1nkkal kapcsolatos h\u00edrekr\u0151l, esem\u00e9nyekr\u0151l, \u00e9s hogy koordin\u00e1ljuk munk\u00e1nkat (amennyiben \u00fagy d\u00f6nt, hogy \u00f6nk\u00e9nteskedik n\u00e1lunk).\u00a0<\/p><\/li><li dir=\"ltr\" aria-level=\"2\"><p dir=\"ltr\" role=\"presentation\">Haszn\u00e1ljuk <a href=\"https:\/\/mailchimp.com\/\" rel=\"noopener\">MailChimp<\/a> az e-mail list\u00e1nk \u00e9s a levelez\u00e9s\u00fcnk kezel\u00e9s\u00e9re.\u00a0<\/p><\/li><li dir=\"ltr\" aria-level=\"2\"><p dir=\"ltr\" role=\"presentation\">Minden automatikus e-mail tartalmaz egy linket a be\u00e1ll\u00edt\u00e1sok kezel\u00e9s\u00e9hez vagy a leiratkoz\u00e1shoz. Leiratkozhat e-mail list\u00e1nkr\u00f3l a datateam@ukrainedefensesupport.org c\u00edmre k\u00fcld\u00f6tt e-mail c\u00edmen is.<\/p><\/li><\/ul><\/li><li dir=\"ltr\" aria-level=\"1\"><p dir=\"ltr\" role=\"presentation\">Hogyan haszn\u00e1ljuk fel a telefonsz\u00e1m\u00e1t:<\/p><ul><li dir=\"ltr\" aria-level=\"2\"><p dir=\"ltr\" role=\"presentation\">Ha \u00f6nk\u00e9ntesk\u00e9nt jelentkezel, telefonsz\u00e1modat a munk\u00e1nk \u00f6sszehangol\u00e1s\u00e1ra haszn\u00e1ljuk.<\/p><\/li><li dir=\"ltr\" aria-level=\"2\"><p dir=\"ltr\" role=\"presentation\">Az UDS hetente egyszer k\u00fcld SMS-ben esem\u00e9nyekre vonatkoz\u00f3 eml\u00e9keztet\u0151ket. Telefonsz\u00e1ma megad\u00e1s\u00e1val hozz\u00e1j\u00e1rul az SMS-es fogad\u00e1sra val\u00f3 kezdeti feliratkoz\u00e1shoz. Minden SMS tartalmazni fog utas\u00edt\u00e1sokat az azonnali leiratkoz\u00e1shoz (pl. \u201cA leiratkoz\u00e1shoz k\u00fcldj\u00f6n egy STOP \u00fczenetet\u201d). Az SMS-ekr\u0151l a datateam@ukrainedefensesupport.org c\u00edmre k\u00fcld\u00f6tt e-mailben is leiratkozhat.\u00a0\u00a0\u00a0<\/p><\/li><li dir=\"ltr\" aria-level=\"2\"><p dir=\"ltr\" role=\"presentation\">Haszn\u00e1ljuk <a href=\"https:\/\/mailchimp.com\/\" rel=\"noopener\">MailChimp<\/a> mint SMS marketing szolg\u00e1ltat\u00f3nk.\u00a0\u00a0<\/p><\/li><\/ul><\/li><li dir=\"ltr\" aria-level=\"1\"><p dir=\"ltr\" role=\"presentation\">Hogyan haszn\u00e1ljuk az ir\u00e1ny\u00edt\u00f3sz\u00e1m\u00e1t:<\/p><ul><li dir=\"ltr\" aria-level=\"2\"><p dir=\"ltr\" role=\"presentation\">Az ir\u00e1ny\u00edt\u00f3sz\u00e1mod alapj\u00e1n meghat\u00e1rozzuk, hogy melyik \u00e1llamban \u00e9s kongresszusi k\u00f6rzetben \u00e9lsz. Ezeket az inform\u00e1ci\u00f3kat arra haszn\u00e1ljuk, hogy f\u00f6ldrajzilag meghat\u00e1rozott esem\u00e9nyekkel kapcsolatos e-maileket k\u00fcldj\u00fcnk, hogy t\u00e1j\u00e9koztassuk az adott kongresszusi k\u00f6rzetekben \u00e9l\u0151ket azokr\u00f3l a l\u00e9p\u00e9sekr\u0151l, amelyeket Ukrajna megseg\u00edt\u00e9s\u00e9re tehetnek, \u00e9s hogy meg\u00e9rts\u00fck tags\u00e1gunk n\u00f6veked\u00e9s\u00e9t.\u00a0\u00a0\u00a0\u00a0\u00a0<\/p><\/li><\/ul><\/li><li dir=\"ltr\" aria-level=\"1\"><p dir=\"ltr\" role=\"presentation\">Az UDS munk\u00e1j\u00e1nak elv\u00e9gz\u00e9s\u00e9hez sz\u00fcks\u00e9ges m\u00e9rt\u00e9kben a kapcsolattart\u00e1si adatokat megoszthatjuk a megfelel\u0151 \u00f6nk\u00e9ntes tagokkal harmadik f\u00e9l szolg\u00e1ltat\u00e1sain kereszt\u00fcl: <a href=\"https:\/\/www.littlegreenlight.com\/\" rel=\"noopener\">Kis z\u00f6ld f\u00e9ny<\/a>, <a href=\"https:\/\/www.google.com\/sheets\/about\/\" rel=\"noopener\">Google T\u00e1bl\u00e1zat<\/a>, <a href=\"http:\/\/monday.com\/\" rel=\"noopener\">Monday.com<\/a> \u00e9s <a href=\"https:\/\/slack.com\/\" rel=\"noopener\">Laza<\/a>. Az adatokhoz val\u00f3 hozz\u00e1f\u00e9r\u00e9s enged\u00e9lyezett \u00e9s jelsz\u00f3val v\u00e9dett.\u00a0<\/p><\/li><\/ul><div>\u00a0<\/div><p dir=\"ltr\"><strong>Adom\u00e1nyok<\/strong><\/p><ul><li dir=\"ltr\" aria-level=\"1\"><p dir=\"ltr\" role=\"presentation\">Amikor weboldalunkon kereszt\u00fcl adom\u00e1nyoz az Ukrajna V\u00e9delmi T\u00e1mogat\u00e1snak, szem\u00e9lyes adatait tov\u00e1bb\u00edtjuk \u00e9s feldolgozzuk a k\u00f6vetkez\u0151k sz\u00e1m\u00e1ra:,<a href=\"https:\/\/donorbox.org\/\" rel=\"noopener\"> DonorBox<\/a>.<\/p><\/li><li dir=\"ltr\" aria-level=\"1\"><p dir=\"ltr\" role=\"presentation\">A DonorBox az adom\u00e1nyoz\u00e1si tranzakci\u00f3kat a k\u00f6vetkez\u0151vel dolgozza fel:<a href=\"https:\/\/stripe.com\/\" rel=\"noopener\"> Cs\u00edk<\/a>,<a href=\"https:\/\/www.paypal.com\/us\/webapps\/mpp\/sem\/account-selection-signup?&amp;act=PayPal+US+Joint+&amp;campaignid=71700000021550093&amp;adgroupid=58700002203712911&amp;adgroup=GEN-GT+-+PayPal+-+ONLY+%28e%29&amp;creative=117972804848&amp;kwid=43700018500159337&amp;matchtype=e&amp;network=g&amp;adposition=1t1&amp;target=&amp;device=c&amp;devicemodel=&amp;feeditemid=&amp;loc_physical_ms=9031938&amp;loc_interest_ms=&amp;targetid=kwd-15051880&amp;utm_source=GOOGLE&amp;utm_medium=cpc&amp;utm_campaign=GEN-GT+-+PayPal+-+ONLY&amp;utm_term=paypal&amp;gclid=EAIaIQobChMI79qUzbX52wIVBKvsCh3mpQNWEAAYASAAEgLBA_D_BwE&amp;gclsrc=aw.ds&amp;dclid=CP71y861-dsCFcOtZAod9sQOpQ\" rel=\"noopener\"> \u00e9s PayPal<\/a> fizet\u00e9sfeldolgoz\u00f3k\u00e9nt. Az \u00d6n \u00e1ltal megadott hitelk\u00e1rtya- vagy banksz\u00e1mlaadatokat biztons\u00e1gosan tov\u00e1bb\u00edtjuk a megfelel\u0151 fizet\u00e9sfeldolgoz\u00f3knak.<\/p><\/li><li dir=\"ltr\" aria-level=\"1\"><p dir=\"ltr\" role=\"presentation\">Az online adom\u00e1nyoz\u00e1s sor\u00e1n gy\u0171jt\u00f6tt szem\u00e9lyes adatok a k\u00f6vetkez\u0151k:<\/p><ul><li dir=\"ltr\" aria-level=\"2\"><p dir=\"ltr\" role=\"presentation\">A neved<\/p><\/li><li dir=\"ltr\" aria-level=\"2\"><p dir=\"ltr\" role=\"presentation\">Az \u00d6n e-mail c\u00edme<\/p><\/li><li dir=\"ltr\" aria-level=\"2\"><p dir=\"ltr\" role=\"presentation\">A telefonsz\u00e1mod<\/p><\/li><li dir=\"ltr\" aria-level=\"2\"><p dir=\"ltr\" role=\"presentation\">Az \u0171rlap bek\u00fcld\u00e9s\u00e9nek d\u00e1tuma \u00e9s id\u0151pontja<\/p><\/li><\/ul><\/li><li dir=\"ltr\" aria-level=\"1\"><p dir=\"ltr\" role=\"presentation\">Az adom\u00e1nyok kifizet\u00e9s\u00e9t a DonorBox kezeli. Az UDS nem l\u00e1tja \u00e9s nem \u0151rzi meg az \u00d6n szem\u00e9lyes p\u00e9nz\u00fcgyi adatait, bele\u00e9rtve a hitelk\u00e1rtyasz\u00e1m\u00e1t vagy a PayPal-fi\u00f3k adatait.<\/p><\/li><\/ul><div>\u00a0<\/div><p dir=\"ltr\"><strong>Weboldal-analitikai \u00e9s nyomk\u00f6vet\u0151 s\u00fctik<\/strong><\/p><ul><li dir=\"ltr\" aria-level=\"1\"><p dir=\"ltr\" role=\"presentation\">A Google Analytics szolg\u00e1ltat\u00e1st haszn\u00e1ljuk annak meg\u00e9rt\u00e9s\u00e9re, hogy a l\u00e1togat\u00f3k hogyan haszn\u00e1lj\u00e1k weboldalunkat, \u00e9s \u00f6sszes\u00edtett teljes\u00edtm\u00e9nymutat\u00f3kat gy\u0171jt\u00fcnk. Ezeket az inform\u00e1ci\u00f3kat weboldalaink fejleszt\u00e9s\u00e9re haszn\u00e1ljuk fel.\u00a0<\/p><\/li><li dir=\"ltr\" aria-level=\"1\"><p dir=\"ltr\" role=\"presentation\">A Google Analytics egy s\u00fctit helyez el a webb\u00f6ng\u00e9sz\u0151j\u00e9ben, hogy egyedi felhaszn\u00e1l\u00f3k\u00e9nt azonos\u00edtsa \u00d6nt. Ezt a s\u00fctit a Google-on k\u00edv\u00fcl senki m\u00e1s nem haszn\u00e1lhatja. A Google azon k\u00e9pess\u00e9g\u00e9t, hogy a Google Analytics \u00e1ltal a webhelyen tett l\u00e1togat\u00e1sair\u00f3l gy\u0171jt\u00f6tt inform\u00e1ci\u00f3kat felhaszn\u00e1lja \u00e9s megossza, a k\u00f6vetkez\u0151 korl\u00e1tozza:<a href=\"https:\/\/www.google.com\/analytics\/terms\/us.html\" rel=\"noopener\"> Google Analytics Felhaszn\u00e1l\u00e1si Felt\u00e9telek<\/a> \u00e9s a<a href=\"https:\/\/www.google.com\/policies\/privacy\/\" rel=\"noopener\"> Google adatv\u00e9delmi ir\u00e1nyelvei<\/a>.<\/p><\/li><li dir=\"ltr\" aria-level=\"1\"><p dir=\"ltr\" role=\"presentation\">A Google Analytics seg\u00edts\u00e9g\u00e9vel nem gy\u0171jt\u00fcnk semmilyen szem\u00e9lyazonos\u00edt\u00e1sra alkalmas inform\u00e1ci\u00f3t, \u00e9s a Google Analyticsen kereszt\u00fcl gy\u0171jt\u00f6tt inform\u00e1ci\u00f3kat nem kombin\u00e1ljuk semmilyen szem\u00e9lyazonos\u00edt\u00e1sra alkalmas inform\u00e1ci\u00f3val.<\/p><\/li><li dir=\"ltr\" aria-level=\"1\"><p dir=\"ltr\" role=\"presentation\">A felugr\u00f3 regisztr\u00e1ci\u00f3s \u0171rlapunkon is s\u00fctiket haszn\u00e1lunk, hogy megakad\u00e1lyozzuk a tov\u00e1bbi felugr\u00f3 ablakok megjelen\u00e9s\u00e9t a bez\u00e1r\u00e1s ut\u00e1n.\u00a0<\/p><\/li><li dir=\"ltr\" aria-level=\"1\"><p dir=\"ltr\" role=\"presentation\">A s\u00fctiket blokkolhatja a b\u00f6ng\u00e9sz\u0151j\u00e9ben tal\u00e1lhat\u00f3 be\u00e1ll\u00edt\u00e1sok aktiv\u00e1l\u00e1s\u00e1val, amelyek lehet\u0151v\u00e9 teszik a s\u00fctik elhelyez\u00e9s\u00e9nek elutas\u00edt\u00e1s\u00e1t. A s\u00fctiket a b\u00f6ng\u00e9sz\u0151 be\u00e1ll\u00edt\u00e1sain kereszt\u00fcl t\u00f6r\u00f6lheti is. Ha a b\u00f6ng\u00e9sz\u0151 be\u00e1ll\u00edt\u00e1sait haszn\u00e1lja a s\u00fctik (bele\u00e9rtve a n\u00e9lk\u00fcl\u00f6zhetetlen s\u00fctiket is) letilt\u00e1s\u00e1ra, elutas\u00edt\u00e1s\u00e1ra vagy blokkol\u00e1s\u00e1ra, weboldalunk bizonyos r\u00e9szei nem fognak teljes m\u00e9rt\u00e9kben m\u0171k\u00f6dni. Bizonyos esetekben weboldalunk egy\u00e1ltal\u00e1n nem lesz el\u00e9rhet\u0151. Felh\u00edvjuk figyelm\u00e9t, hogy ahol harmadik felek s\u00fctiket haszn\u00e1lnak, nincs befoly\u00e1sunk arra, hogy ezek a harmadik felek hogyan haszn\u00e1lj\u00e1k ezeket a s\u00fctiket.<\/p><\/li><\/ul><div>\u00a0<\/div><p dir=\"ltr\"><strong>Gyermekek adatainak v\u00e9delme<\/strong><\/p><ul><li dir=\"ltr\" aria-level=\"1\"><p dir=\"ltr\" role=\"presentation\">Tudatosan nem gy\u0171jt\u00fcnk, t\u00e1rolunk \u00e9s nem haszn\u00e1lunk fel 13 \u00e9v alatti gyermekek szem\u00e9lyes adatait, \u00e9s weboldalunk egyetlen r\u00e9sze sem sz\u00f3l gyermekeknek.<\/p><\/li><li dir=\"ltr\" aria-level=\"1\"><p dir=\"ltr\" role=\"presentation\">Ha megtudja, hogy egy gyermek a jelen Adatv\u00e9delmi Szab\u00e1lyzat megs\u00e9rt\u00e9s\u00e9vel szem\u00e9lyes adatokat adott meg nek\u00fcnk, akkor \u00e9rtes\u00edthet minket a datateam@ukrainedefensesupport.org c\u00edmen.<\/p><\/li><\/ul><h4 dir=\"ltr\">\u00a0<\/h4><h4 dir=\"ltr\">KIVEL OSZTJUK MEG AZ ADATAIT<\/h4><ul><li dir=\"ltr\" aria-level=\"1\"><p dir=\"ltr\" role=\"presentation\">Szem\u00e9lyes adatait nem adjuk el, nem adjuk b\u00e9rbe \u00e9s semmilyen m\u00e1s m\u00f3don nem tessz\u00fck k\u00f6zz\u00e9 m\u00e1s szervezetek sz\u00e1m\u00e1ra, kiv\u00e9ve a fent r\u00e9szletezett harmadik f\u00e9lt\u0151l sz\u00e1rmaz\u00f3 szolg\u00e1ltat\u00e1sokat, amennyiben ez az adatainak kezel\u00e9s\u00e9hez \u00e9s az \u00d6n \u00e1ltal k\u00e9rt szolg\u00e1ltat\u00e1sok ny\u00fajt\u00e1s\u00e1hoz sz\u00fcks\u00e9ges.\u00a0<\/p><\/li><li dir=\"ltr\" aria-level=\"1\"><p dir=\"ltr\" role=\"presentation\">Hozz\u00e1f\u00e9rhet\u00fcnk az \u00d6n adataihoz, meg\u0151rizhetj\u00fck azokat \u00e9s nyilv\u00e1noss\u00e1gra hozhatjuk azokat, ha \u00fagy v\u00e9lj\u00fck, hogy ez sz\u00fcks\u00e9ges vagy hely\u00e9nval\u00f3 a k\u00f6vetkez\u0151k \u00e9rdek\u00e9ben:<\/p><ul><li dir=\"ltr\" aria-level=\"2\"><p dir=\"ltr\" role=\"presentation\">eleget tenni a b\u0171n\u00fcld\u00f6z\u0151 szervek k\u00e9r\u00e9seinek \u00e9s a jogi elj\u00e1r\u00e1soknak, p\u00e9ld\u00e1ul b\u00edr\u00f3s\u00e1gi v\u00e9gz\u00e9snek vagy id\u00e9z\u00e9snek;<\/p><\/li><li dir=\"ltr\" aria-level=\"2\"><p dir=\"ltr\" role=\"presentation\">v\u00e1laszolni a k\u00e9r\u00e9seidre; vagy<\/p><\/li><li dir=\"ltr\" aria-level=\"2\"><p dir=\"ltr\" role=\"presentation\">az \u00d6n, a mi vagy m\u00e1sok jogainak, tulajdon\u00e1nak vagy biztons\u00e1g\u00e1nak v\u00e9delme.<\/p><\/li><\/ul><\/li><li dir=\"ltr\" aria-level=\"1\"><p dir=\"ltr\" role=\"presentation\">Az \u00d6n enged\u00e9ly\u00e9vel inform\u00e1ci\u00f3kat is k\u00f6zz\u00e9tehet\u00fcnk \u00d6nr\u0151l, \u00d6nr\u0151l vagy az eszk\u00f6zeir\u0151l.<\/p><\/li><\/ul><h4 dir=\"ltr\">\u00a0<\/h4><h4 dir=\"ltr\">AZ \u00d6N V\u00c1LASZT\u00c1SI LEHET\u0150S\u00c9GEI \u00c9S JOGAI<\/h4><ul><li dir=\"ltr\" aria-level=\"1\"><p dir=\"ltr\" role=\"presentation\">D\u00f6nthet \u00fagy, hogy nem ad meg nek\u00fcnk szem\u00e9lyes adatokat.<\/p><ul><li dir=\"ltr\" aria-level=\"2\"><p dir=\"ltr\" role=\"presentation\">Ha \u00fagy d\u00f6nt, hogy nem ad meg szem\u00e9lyes adatokat, haszn\u00e1lhatja a weboldalt \u00e9s b\u00f6ng\u00e9szhet az oldalakon, de nem tudjuk feldolgozni az adom\u00e1nyokat, \u00e9s nem tudjuk \u00d6nt regisztr\u00e1lni a kapcsolati list\u00e1nkra.\u00a0<\/p><\/li><\/ul><\/li><li dir=\"ltr\" aria-level=\"1\"><p dir=\"ltr\" role=\"presentation\">A b\u00f6ng\u00e9sz\u0151j\u00e9ben kikapcsolhatja a s\u00fctiket a be\u00e1ll\u00edt\u00e1sok m\u00f3dos\u00edt\u00e1s\u00e1val.<\/p><\/li><li dir=\"ltr\" aria-level=\"1\"><p dir=\"ltr\" role=\"presentation\">K\u00e9rheti, hogy ne haszn\u00e1ljuk fel szem\u00e9lyes adatait az UDS-t\u0151l \u00e9rkez\u0151 e-mailek \u00e9s SMS-ek fogad\u00e1s\u00e1ra.\u00a0\u00a0<\/p><\/li><li dir=\"ltr\" aria-level=\"1\"><p dir=\"ltr\" role=\"presentation\">Jogod van ahhoz, hogy elfelejtsenek.<\/p><ul><li dir=\"ltr\" aria-level=\"2\"><p dir=\"ltr\" role=\"presentation\">B\u00e1rmikor k\u00e9rheti t\u0151l\u00fcnk szem\u00e9lyes adatainak t\u00f6rl\u00e9s\u00e9t.\u00a0<\/p><\/li><\/ul><\/li><li dir=\"ltr\" aria-level=\"1\"><p dir=\"ltr\" role=\"presentation\">Joga van hozz\u00e1f\u00e9rni az \u00d6nr\u0151l t\u00e1rolt adatainkhoz.\u00a0<\/p><ul><li dir=\"ltr\" aria-level=\"2\"><p dir=\"ltr\" role=\"presentation\">Ez mag\u00e1ban foglalja az \u00d6n szem\u00e9lyes adatait, a gy\u0171jt\u00e9s\u00fck c\u00e9lj\u00e1t, a t\u00e1rol\u00e1suk m\u00f3dj\u00e1t \u00e9s id\u0151tartam\u00e1t, valamint azt, hogy kinek adt\u00e1k ki az adatokat.\u00a0<\/p><\/li><\/ul><\/li><li dir=\"ltr\" aria-level=\"1\"><p dir=\"ltr\" role=\"presentation\">\u00d6nnek joga van adatai helyesb\u00edt\u00e9s\u00e9hez.<\/p><ul><li dir=\"ltr\" aria-level=\"2\"><p dir=\"ltr\" role=\"presentation\">A hi\u00e1nyos adatok kieg\u00e9sz\u00edt\u00e9s\u00e9t, illetve a helytelen adatok jav\u00edt\u00e1s\u00e1t b\u00e1rmikor k\u00e9rheti.<\/p><\/li><\/ul><\/li><li dir=\"ltr\" aria-level=\"1\"><p dir=\"ltr\" role=\"presentation\">Minden k\u00e9r\u00e9st a datateam@ukrainedefensesupport.org c\u00edmre lehet beny\u00fajtani.<\/p><\/li><\/ul><div>\u00a0<\/div><p dir=\"ltr\"><strong>Biztons\u00e1g<br \/><\/strong><\/p><ul><li dir=\"ltr\" aria-level=\"1\"><p dir=\"ltr\" role=\"presentation\">\u00c9sszer\u0171 er\u0151fesz\u00edt\u00e9seket tesz\u00fcnk adatainak v\u00e9delme \u00e9rdek\u00e9ben fizikai \u00e9s elektronikus biztons\u00e1gi int\u00e9zked\u00e9sek alkalmaz\u00e1s\u00e1val, amelyek c\u00e9lja az \u00e1ltalunk kezelt inform\u00e1ci\u00f3k biztons\u00e1g\u00e1nak jav\u00edt\u00e1sa. Mivel azonban szolg\u00e1ltat\u00e1sainkat elektronikusan \u00fczemeltetj\u00fck, nem tudunk garanci\u00e1t v\u00e1llalni adatai biztons\u00e1g\u00e1ra vagy adatv\u00e9delm\u00e9re vonatkoz\u00f3an.<\/p><\/li><li dir=\"ltr\" aria-level=\"1\"><p dir=\"ltr\" role=\"presentation\">Egyetlen rendszer biztons\u00e1ga sem garant\u00e1lhat\u00f3. Ha k\u00e9rd\u00e9sei vannak szem\u00e9lyes adatainak biztons\u00e1g\u00e1val kapcsolatban, vagy ha okkal felt\u00e9telezi, hogy az \u00d6nr\u0151l t\u00e1rolt szem\u00e9lyes adatok m\u00e1r nem biztons\u00e1gosak, k\u00e9rj\u00fck, azonnal vegye fel vel\u00fcnk a kapcsolatot a datateam@ukrainedefensesupport.org c\u00edmen.<\/p><\/li><\/ul><div>\u00a0<\/div><p dir=\"ltr\"><strong>V\u00e1ltoz\u00e1sok<\/strong><\/p><p dir=\"ltr\" style=\"padding-left: 40px;\">Id\u0151r\u0151l id\u0151re m\u00f3dos\u00edthatjuk ezt az Adatv\u00e9delmi Szab\u00e1lyzatot. K\u00e9rj\u00fck, rendszeresen ellen\u0151rizze ezt az oldalt a friss\u00edt\u00e9sek\u00e9rt, mivel a webhely tov\u00e1bbi haszn\u00e1lata az Adatv\u00e9delmi Szab\u00e1lyzat m\u00f3dos\u00edt\u00e1sa ut\u00e1n a v\u00e1ltoz\u00e1sok elfogad\u00e1s\u00e1t jelenti.<\/p><p dir=\"ltr\" style=\"padding-left: 40px;\">\u00a0<\/p><p dir=\"ltr\"><strong>Hat\u00e1lybal\u00e9p\u00e9s d\u00e1tuma<\/strong><\/p><p dir=\"ltr\" style=\"padding-left: 40px;\">A szab\u00e1lyzat ezen verzi\u00f3ja 2024. j\u00fanius 12-\u00e9n l\u00e9p hat\u00e1lyba.<\/p><p dir=\"ltr\" style=\"padding-left: 40px;\">\u00a0<\/p><p dir=\"ltr\"><strong>K\u00e9rd\u00e9sek<\/strong><\/p><p dir=\"ltr\" style=\"padding-left: 40px;\">Ha b\u00e1rmilyen k\u00e9rd\u00e9se, \u00e9szrev\u00e9tele, agg\u00e1lya vagy panasza van weboldalainkkal kapcsolatban, k\u00e9rj\u00fck, vegye fel vel\u00fcnk a kapcsolatot e-mailben a k\u00f6vetkez\u0151 c\u00edmen: <a href=\"mailto:victory@ulkrainedefensesupport.org\">victory@ukrainedefensesupport.org<\/a>, telefonon az 503-308-9479-es sz\u00e1mon, vagy lev\u00e9lben a k\u00f6vetkez\u0151 c\u00edmre:<\/p><p dir=\"ltr\" style=\"padding-left: 40px;\">\u00a0<\/p><p dir=\"ltr\">Ukrajna v\u00e9delmi t\u00e1mogat\u00e1sa<\/p><p dir=\"ltr\">2050 112th Ave NE, 115. emelet<\/p><p dir=\"ltr\">Bellevue, WA 98004<\/p>\t\t\t\t\t\t\t\t<\/div>\n\t\t\t\t<\/div>\n\t\t\t\t<\/div>\n\t\t\t\t\t<\/div>\n\t\t\t\t<\/div>\n\t\t\t\t<\/div>","protected":false},"excerpt":{"rendered":"<p>PRIVACY POLICY PRIVACY POLICY Ukrainedefensesupport.org is a website run by Ukraine Defense Support (\u201cUDS\u201d, \u201cwe\u201d, \u201cus\u201d, \u201cour\u201d), a registered US 501(c)3 nonprofit entity (EIN 92-2693929). This Privacy Policy for ukrainedefensesupport.org describes: The personal information we collect and how we use it With whom we share your information Your choices &amp; rights How you can communicate [&hellip;]<\/p>\n","protected":false},"author":22,"featured_media":4087,"parent":0,"menu_order":0,"comment_status":"closed","ping_status":"closed","template":"","meta":{"_acf_changed":false,"footnotes":""},"class_list":["post-1054","page","type-page","status-publish","has-post-thumbnail","hentry"],"acf":[],"_links":{"self":[{"href":"https:\/\/ukrainedefensesupport.org\/hu\/wp-json\/wp\/v2\/pages\/1054","targetHints":{"allow":["GET"]}}],"collection":[{"href":"https:\/\/ukrainedefensesupport.org\/hu\/wp-json\/wp\/v2\/pages"}],"about":[{"href":"https:\/\/ukrainedefensesupport.org\/hu\/wp-json\/wp\/v2\/types\/page"}],"author":[{"embeddable":true,"href":"https:\/\/ukrainedefensesupport.org\/hu\/wp-json\/wp\/v2\/users\/22"}],"replies":[{"embeddable":true,"href":"https:\/\/ukrainedefensesupport.org\/hu\/wp-json\/wp\/v2\/comments?post=1054"}],"version-history":[{"count":0,"href":"https:\/\/ukrainedefensesupport.org\/hu\/wp-json\/wp\/v2\/pages\/1054\/revisions"}],"wp:featuredmedia":[{"embeddable":true,"href":"https:\/\/ukrainedefensesupport.org\/hu\/wp-json\/wp\/v2\/media\/4087"}],"wp:attachment":[{"href":"https:\/\/ukrainedefensesupport.org\/hu\/wp-json\/wp\/v2\/media?parent=1054"}],"curies":[{"name":"munkaf\u00fczet","href":"https:\/\/api.w.org\/{rel}","templated":true}]}}