{"id":4505,"date":"2025-10-23T08:01:36","date_gmt":"2025-10-23T15:01:36","guid":{"rendered":"https:\/\/ukrainedefensesupport.org\/?page_id=4505"},"modified":"2025-10-28T09:28:05","modified_gmt":"2025-10-28T16:28:05","slug":"tacoma","status":"publish","type":"page","link":"https:\/\/ukrainedefensesupport.org\/hu\/tacoma\/","title":{"rendered":"Tacoma"},"content":{"rendered":"<div data-elementor-type=\"wp-page\" data-elementor-id=\"4505\" class=\"elementor elementor-4505\" data-elementor-post-type=\"page\">\n\t\t\t\t<div class=\"elementor-element elementor-element-d034e75 e-con-full e-flex e-con e-parent\" data-id=\"d034e75\" data-element_type=\"container\" data-e-type=\"container\" data-settings=\"{&quot;background_background&quot;:&quot;classic&quot;}\">\n\t\t<div class=\"elementor-element elementor-element-b0dcd82 e-flex e-con-boxed e-con e-child\" data-id=\"b0dcd82\" data-element_type=\"container\" data-e-type=\"container\">\n\t\t\t\t\t<div class=\"e-con-inner\">\n\t\t\t\t<div class=\"elementor-element elementor-element-9d022ff elementor-widget elementor-widget-image\" data-id=\"9d022ff\" data-element_type=\"widget\" data-e-type=\"widget\" data-widget_type=\"image.default\">\n\t\t\t\t<div class=\"elementor-widget-container\">\n\t\t\t\t\t\t\t\t\t\t\t\t\t\t\t<img decoding=\"async\" width=\"440\" height=\"373\" src=\"https:\/\/ukrainedefensesupport.org\/wp-content\/uploads\/2024\/12\/usa_flag.png\" class=\"attachment-full size-full wp-image-1653\" alt=\"\" srcset=\"https:\/\/ukrainedefensesupport.org\/wp-content\/uploads\/2024\/12\/usa_flag.png 440w, https:\/\/ukrainedefensesupport.org\/wp-content\/uploads\/2024\/12\/usa_flag-300x254.png 300w\" sizes=\"(max-width: 440px) 100vw, 440px\" \/>\t\t\t\t\t\t\t\t\t\t\t\t\t\t\t<\/div>\n\t\t\t\t<\/div>\n\t\t\t\t\t<\/div>\n\t\t\t\t<\/div>\n\t\t<div class=\"elementor-element elementor-element-e39f339 e-con-full e-flex e-con e-child\" data-id=\"e39f339\" data-element_type=\"container\" data-e-type=\"container\">\n\t\t\t\t<div class=\"elementor-element elementor-element-c10bf37 elementor-widget__width-auto elementor-widget elementor-widget-shortcode\" data-id=\"c10bf37\" data-element_type=\"widget\" data-e-type=\"widget\" data-widget_type=\"shortcode.default\">\n\t\t\t\t<div class=\"elementor-widget-container\">\n\t\t\t\t\t\t\t<div class=\"elementor-shortcode\">\t\t\t<!-- Flexy Breadcrumb -->\r\n\t\t\t<div class=\"fbc fbc-page\">\r\n\r\n\t\t\t\t<!-- Breadcrumb wrapper -->\r\n\t\t\t\t<div class=\"fbc-wrap\">\r\n\r\n\t\t\t\t\t<!-- Ordered list-->\r\n\t\t\t\t\t<ol class=\"fbc-items\" itemscope itemtype=\"https:\/\/schema.org\/BreadcrumbList\">\r\n\t\t\t\t\t\t            <li itemprop=\"itemListElement\" itemscope itemtype=\"https:\/\/schema.org\/ListItem\">\r\n                <span itemprop=\"name\">\r\n                    <!-- Home Link -->\r\n                    <a itemprop=\"item\" href=\"https:\/\/ukrainedefensesupport.org\/hu\/\">\r\n                    \r\n                                                    <i class=\"fa fa-home\" aria-hidden=\"true\"><\/i>Otthon                    <\/a>\r\n                <\/span>\r\n                <meta itemprop=\"position\" content=\"1\" \/><!-- Meta Position-->\r\n             <\/li><li><span class=\"fbc-separator\">\/<\/span><\/li><li class=\"active\" itemprop=\"itemListElement\" itemscope itemtype=\"https:\/\/schema.org\/ListItem\"><span itemprop=\"name\" title=\"Tacoma\">Tacoma<\/span><meta itemprop=\"position\" content=\"2\" \/><\/li>\t\t\t\t\t<\/ol>\r\n\t\t\t\t\t<div class=\"clearfix\"><\/div>\r\n\t\t\t\t<\/div>\r\n\t\t\t<\/div>\r\n\t\t\t<\/div>\n\t\t\t\t\t\t<\/div>\n\t\t\t\t<\/div>\n\t\t\t\t<div class=\"elementor-element elementor-element-9ca30b7 elementor-widget__width-auto elementor-widget elementor-widget-heading\" data-id=\"9ca30b7\" data-element_type=\"widget\" data-e-type=\"widget\" data-widget_type=\"heading.default\">\n\t\t\t\t<div class=\"elementor-widget-container\">\n\t\t\t\t\t<h1 class=\"elementor-heading-title elementor-size-default\">Tacoma<\/h1>\t\t\t\t<\/div>\n\t\t\t\t<\/div>\n\t\t\t\t<\/div>\n\t\t<div class=\"elementor-element elementor-element-38cf0ce e-flex e-con-boxed e-con e-child\" data-id=\"38cf0ce\" data-element_type=\"container\" data-e-type=\"container\">\n\t\t\t\t\t<div class=\"e-con-inner\">\n\t\t\t\t<div class=\"elementor-element elementor-element-a7303c9 elementor-widget elementor-widget-image\" data-id=\"a7303c9\" data-element_type=\"widget\" data-e-type=\"widget\" data-widget_type=\"image.default\">\n\t\t\t\t<div class=\"elementor-widget-container\">\n\t\t\t\t\t\t\t\t\t\t\t\t\t\t\t<img decoding=\"async\" width=\"426\" height=\"371\" src=\"https:\/\/ukrainedefensesupport.org\/wp-content\/uploads\/2024\/12\/illustration_about_01.png\" class=\"attachment-large size-large wp-image-1338\" alt=\"\" srcset=\"https:\/\/ukrainedefensesupport.org\/wp-content\/uploads\/2024\/12\/illustration_about_01.png 426w, https:\/\/ukrainedefensesupport.org\/wp-content\/uploads\/2024\/12\/illustration_about_01-300x261.png 300w\" sizes=\"(max-width: 426px) 100vw, 426px\" \/>\t\t\t\t\t\t\t\t\t\t\t\t\t\t\t<\/div>\n\t\t\t\t<\/div>\n\t\t\t\t\t<\/div>\n\t\t\t\t<\/div>\n\t\t\t\t<\/div>\n\t\t<div class=\"elementor-element elementor-element-a6544bd e-flex e-con-boxed e-con e-parent\" data-id=\"a6544bd\" data-element_type=\"container\" data-e-type=\"container\">\n\t\t\t\t\t<div class=\"e-con-inner\">\n\t\t<div class=\"elementor-element elementor-element-31c78b5 e-con-full e-flex e-con e-child\" data-id=\"31c78b5\" data-element_type=\"container\" data-e-type=\"container\">\n\t\t\t\t<div class=\"elementor-element elementor-element-e3e43ae elementor-widget elementor-widget-image\" data-id=\"e3e43ae\" data-element_type=\"widget\" data-e-type=\"widget\" data-widget_type=\"image.default\">\n\t\t\t\t<div class=\"elementor-widget-container\">\n\t\t\t\t\t\t\t\t\t\t\t\t\t\t\t<img decoding=\"async\" width=\"800\" height=\"600\" src=\"https:\/\/ukrainedefensesupport.org\/wp-content\/uploads\/2025\/10\/Aug-18-2025-Tacoma-Chapter-Meeting-1.webp\" class=\"attachment-full size-full wp-image-4508\" alt=\"\" srcset=\"https:\/\/ukrainedefensesupport.org\/wp-content\/uploads\/2025\/10\/Aug-18-2025-Tacoma-Chapter-Meeting-1.webp 800w, https:\/\/ukrainedefensesupport.org\/wp-content\/uploads\/2025\/10\/Aug-18-2025-Tacoma-Chapter-Meeting-1-300x225.webp 300w, https:\/\/ukrainedefensesupport.org\/wp-content\/uploads\/2025\/10\/Aug-18-2025-Tacoma-Chapter-Meeting-1-768x576.webp 768w\" sizes=\"(max-width: 800px) 100vw, 800px\" \/>\t\t\t\t\t\t\t\t\t\t\t\t\t\t\t<\/div>\n\t\t\t\t<\/div>\n\t\t\t\t<\/div>\n\t\t<div class=\"elementor-element elementor-element-96fad88 e-con-full e-flex e-con e-child\" data-id=\"96fad88\" data-element_type=\"container\" data-e-type=\"container\">\n\t\t\t\t<div class=\"elementor-element elementor-element-bb27043 elementor-widget elementor-widget-text-editor\" data-id=\"bb27043\" data-element_type=\"widget\" data-e-type=\"widget\" data-widget_type=\"text-editor.default\">\n\t\t\t\t<div class=\"elementor-widget-container\">\n\t\t\t\t\t\t\t\t\t<p><b>Heti tal\u00e1lkoz\u00f3 r\u00e9szletei:<\/b><\/p><ul><li style=\"font-weight: 400;\" aria-level=\"1\"><span style=\"font-weight: 400;\">Id\u0151<\/span><span style=\"font-weight: 400;\">18:30-20:30<\/span><\/li><li style=\"font-weight: 400;\" aria-level=\"1\"><span style=\"font-weight: 400;\">Elhelyezked\u00e9s<\/span><span style=\"font-weight: 400;\">: Emish Market (2040 70th Ave E, Fife, WA 98424)<\/span><\/li><li style=\"font-weight: 400;\" aria-level=\"1\"><span style=\"font-weight: 400;\">Tal\u00e1lj meg minket<\/span><span style=\"font-weight: 400;\">Bubor\u00e9kok a h\u00e1ts\u00f3 teraszon; keress \u00e9l\u00e9nk s\u00e1rga inget visel\u0151 embereket!<br \/><\/span><\/li><\/ul><p><span style=\"font-weight: 400;\">\u00a0<\/span><\/p><p><span style=\"font-weight: 400;\">M\u00edg az UDS r\u00e9g\u00f3ta k\u00e9pes hozz\u00e1j\u00e1rulni a Seattle \u00e9s Bellevue k\u00f6z\u00f6ss\u00e9gek t\u00e1mogat\u00e1s\u00e1hoz, a South Soundban \u00e9l\u0151k sz\u00e1m\u00e1ra nehezebb volt r\u00e9szt venni a tal\u00e1lkoz\u00f3kon \u00e9s rendezv\u00e9nyeken. Ez\u00e9rt ind\u00edtottunk egy csoportot Tacom\u00e1ban, ahov\u00e1 eg\u00e9szen \u00e9szakon Rentonig, d\u00e9len pedig Olympi\u00e1ig fogadtunk \u00f6nk\u00e9nteseket!<\/span><span style=\"font-weight: 400;\"><br \/><\/span><\/p><p>\u00a0<\/p><p><span style=\"font-weight: 400;\">Mivel \u00faj csoport vagyunk, jelenlegi c\u00e9lunk, hogy felh\u00edvjuk a k\u00f6z\u00f6ss\u00e9g seg\u00edteni akar\u00f3inak figyelm\u00e9t a probl\u00e9m\u00e1ra, \u00e9s hogy megtal\u00e1ljuk a m\u00f3dj\u00e1t annak, hogy l\u00e1that\u00f3bbak legy\u00fcnk a South Soundban.\u00a0<\/span><\/p><p>\u00a0<\/p><p><span style=\"font-weight: 400;\">Ha elj\u00f6ssz egy tal\u00e1lkoz\u00f3ra, a k\u00f6vetkez\u0151kre sz\u00e1m\u00edthatsz:<\/span><i><\/i><\/p><ul><li style=\"font-weight: 400;\" aria-level=\"1\"><span style=\"font-weight: 400;\">Friss\u00edt\u00e9sek az ukr\u00e1n v\u00e9d\u0151k UDS-t\u0151l kapott felszerel\u00e9s\u00e9r\u0151l az elm\u00falt h\u00e9ten \u2013 mindannyiunk sz\u00e1m\u00e1ra fontos, hogy l\u00e1ssuk er\u0151fesz\u00edt\u00e9seink hat\u00e1s\u00e1t!<\/span><\/li><li style=\"font-weight: 400;\" aria-level=\"1\"><span style=\"font-weight: 400;\">Friss\u00edt\u00e9sek az UDS helyi \u00e9s seattle-i esem\u00e9nyeir\u0151l<\/span><\/li><li style=\"font-weight: 400;\" aria-level=\"1\"><span style=\"font-weight: 400;\">A leg\u00fajabb \u00f6tleteink, hogyan j\u00e1rulhatunk hozz\u00e1 MINDEN NAP<\/span><\/li><li style=\"font-weight: 400;\" aria-level=\"1\"><span style=\"font-weight: 400;\">A tervezett esem\u00e9nyekr\u0151l \u00e9s arr\u00f3l, hogyan seg\u00edthetnek az \u00f6nk\u00e9ntesek<\/span><\/li><\/ul><p><i><span>\u00a0<\/span><\/i><\/p><p><span style=\"font-weight: 400;\">Lehet\u0151s\u00e9ged lesz ukr\u00e1n \u00e9lelmiszereket \u00e9s vacsor\u00e1t is beszerezni! Ez term\u00e9szetesen opcion\u00e1lis, de h\u00e1l\u00e1sak lenn\u00e9nk, ha t\u00e1mogatn\u00e1d az Emish Marketet, amely ingyenesen lehet\u0151v\u00e9 teszi sz\u00e1munkra, hogy minden h\u00e9ten megrendezz\u00fck a tal\u00e1lkoz\u00f3inkat az \u00fczlet\u00fckben. Az Emishnek van egy <\/span><a href=\"https:\/\/www.emishmarket.com\/menus\" rel=\"noopener\"><span style=\"font-weight: 400;\">nagyszer\u0171 men\u00fc<\/span><\/a><span style=\"font-weight: 400;\"> sz\u00f3val k\u00e9rlek n\u00e9zd meg!<\/span><\/p><p><i><span>\u00a0<\/span><\/i><\/p><p><span style=\"font-weight: 400;\">Nem kell visszaigazolni \u2013 csak gyere \u00fagy, ahogy vagy<\/span><\/p><p><i><span>\u00a0<\/span><\/i><\/p><p><span style=\"font-weight: 400;\">Egy\u00fctt \u00e9p\u00edtj\u00fck a South Sound k\u00f6z\u00f6ss\u00e9g\u00e9t, amely Ukrajna mellett \u00e1ll.<\/span><\/p><p><span style=\"font-weight: 400;\">\u00a0<\/span><\/p>\t\t\t\t\t\t\t\t<\/div>\n\t\t\t\t<\/div>\n\t\t\t\t<\/div>\n\t\t\t\t\t<\/div>\n\t\t\t\t<\/div>\n\t\t\t\t<\/div>","protected":false},"excerpt":{"rendered":"<p>Tacoma Weekly Meeting Details: Time: 6:30-8:30pm Location: Emish Market (2040 70th Ave E, Fife, WA 98424) Find us: Bubbles on the back patio; look for people wearing bright yellow shirts! \u00a0 While UDS has long had ways to contribute in the Seattle and Bellevue communities, it\u2019s been harder for those in the South Sound to [&hellip;]<\/p>\n","protected":false},"author":22,"featured_media":0,"parent":0,"menu_order":0,"comment_status":"closed","ping_status":"closed","template":"","meta":{"_acf_changed":false,"footnotes":""},"class_list":["post-4505","page","type-page","status-publish","hentry"],"acf":[],"_links":{"self":[{"href":"https:\/\/ukrainedefensesupport.org\/hu\/wp-json\/wp\/v2\/pages\/4505","targetHints":{"allow":["GET"]}}],"collection":[{"href":"https:\/\/ukrainedefensesupport.org\/hu\/wp-json\/wp\/v2\/pages"}],"about":[{"href":"https:\/\/ukrainedefensesupport.org\/hu\/wp-json\/wp\/v2\/types\/page"}],"author":[{"embeddable":true,"href":"https:\/\/ukrainedefensesupport.org\/hu\/wp-json\/wp\/v2\/users\/22"}],"replies":[{"embeddable":true,"href":"https:\/\/ukrainedefensesupport.org\/hu\/wp-json\/wp\/v2\/comments?post=4505"}],"version-history":[{"count":0,"href":"https:\/\/ukrainedefensesupport.org\/hu\/wp-json\/wp\/v2\/pages\/4505\/revisions"}],"wp:attachment":[{"href":"https:\/\/ukrainedefensesupport.org\/hu\/wp-json\/wp\/v2\/media?parent=4505"}],"curies":[{"name":"munkaf\u00fczet","href":"https:\/\/api.w.org\/{rel}","templated":true}]}}