{"id":1054,"date":"2024-06-13T23:24:15","date_gmt":"2024-06-13T23:24:15","guid":{"rendered":"https:\/\/ukrainedefensesupport.org\/?page_id=1054"},"modified":"2025-03-01T14:56:07","modified_gmt":"2025-03-01T22:56:07","slug":"privacy-policy","status":"publish","type":"page","link":"https:\/\/ukrainedefensesupport.org\/pl\/privacy-policy\/","title":{"rendered":"Polityka prywatno\u015bci"},"content":{"rendered":"<div data-elementor-type=\"wp-page\" data-elementor-id=\"1054\" class=\"elementor elementor-1054\" data-elementor-post-type=\"page\">\n\t\t\t\t<div class=\"elementor-element elementor-element-f1313fd e-con-full e-flex e-con e-parent\" data-id=\"f1313fd\" data-element_type=\"container\" data-e-type=\"container\" data-settings=\"{&quot;background_background&quot;:&quot;classic&quot;}\">\n\t\t<div class=\"elementor-element elementor-element-d496ac7 e-flex e-con-boxed e-con e-child\" data-id=\"d496ac7\" data-element_type=\"container\" data-e-type=\"container\">\n\t\t\t\t\t<div class=\"e-con-inner\">\n\t\t\t\t<div class=\"elementor-element elementor-element-2805a41 elementor-widget elementor-widget-image\" data-id=\"2805a41\" data-element_type=\"widget\" data-e-type=\"widget\" data-widget_type=\"image.default\">\n\t\t\t\t<div class=\"elementor-widget-container\">\n\t\t\t\t\t\t\t\t\t\t\t\t\t\t\t<img decoding=\"async\" width=\"440\" height=\"373\" src=\"https:\/\/ukrainedefensesupport.org\/wp-content\/uploads\/2024\/12\/usa_flag.png\" class=\"attachment-full size-full wp-image-1653\" alt=\"\" srcset=\"https:\/\/ukrainedefensesupport.org\/wp-content\/uploads\/2024\/12\/usa_flag.png 440w, https:\/\/ukrainedefensesupport.org\/wp-content\/uploads\/2024\/12\/usa_flag-300x254.png 300w\" sizes=\"(max-width: 440px) 100vw, 440px\" \/>\t\t\t\t\t\t\t\t\t\t\t\t\t\t\t<\/div>\n\t\t\t\t<\/div>\n\t\t\t\t\t<\/div>\n\t\t\t\t<\/div>\n\t\t<div class=\"elementor-element elementor-element-30fafd9 e-con-full e-flex e-con e-child\" data-id=\"30fafd9\" data-element_type=\"container\" data-e-type=\"container\">\n\t\t\t\t<div class=\"elementor-element elementor-element-4b5458a elementor-widget__width-auto elementor-widget elementor-widget-heading\" data-id=\"4b5458a\" data-element_type=\"widget\" data-e-type=\"widget\" data-widget_type=\"heading.default\">\n\t\t\t\t<div class=\"elementor-widget-container\">\n\t\t\t\t\t<h1 class=\"elementor-heading-title elementor-size-default\">POLITYKA PRYWATNO\u015aCI<\/h1>\t\t\t\t<\/div>\n\t\t\t\t<\/div>\n\t\t\t\t<\/div>\n\t\t<div class=\"elementor-element elementor-element-0e250bf e-flex e-con-boxed e-con e-child\" data-id=\"0e250bf\" data-element_type=\"container\" data-e-type=\"container\">\n\t\t\t\t\t<div class=\"e-con-inner\">\n\t\t\t\t<div class=\"elementor-element elementor-element-a772902 elementor-widget elementor-widget-image\" data-id=\"a772902\" data-element_type=\"widget\" data-e-type=\"widget\" data-widget_type=\"image.default\">\n\t\t\t\t<div class=\"elementor-widget-container\">\n\t\t\t\t\t\t\t\t\t\t\t\t\t\t\t<img decoding=\"async\" width=\"426\" height=\"371\" src=\"https:\/\/ukrainedefensesupport.org\/wp-content\/uploads\/2024\/12\/illustration_about_01.png\" class=\"attachment-large size-large wp-image-1338\" alt=\"\" srcset=\"https:\/\/ukrainedefensesupport.org\/wp-content\/uploads\/2024\/12\/illustration_about_01.png 426w, https:\/\/ukrainedefensesupport.org\/wp-content\/uploads\/2024\/12\/illustration_about_01-300x261.png 300w\" sizes=\"(max-width: 426px) 100vw, 426px\" \/>\t\t\t\t\t\t\t\t\t\t\t\t\t\t\t<\/div>\n\t\t\t\t<\/div>\n\t\t\t\t\t<\/div>\n\t\t\t\t<\/div>\n\t\t\t\t<\/div>\n\t\t<div class=\"elementor-element elementor-element-5321025 e-flex e-con-boxed e-con e-parent\" data-id=\"5321025\" data-element_type=\"container\" data-e-type=\"container\">\n\t\t\t\t\t<div class=\"e-con-inner\">\n\t\t<div class=\"elementor-element elementor-element-9d25574 e-con-full e-flex e-con e-child\" data-id=\"9d25574\" data-element_type=\"container\" data-e-type=\"container\">\n\t\t\t\t<div class=\"elementor-element elementor-element-0efb738 elementor-widget elementor-widget-text-editor\" data-id=\"0efb738\" data-element_type=\"widget\" data-e-type=\"widget\" data-widget_type=\"text-editor.default\">\n\t\t\t\t<div class=\"elementor-widget-container\">\n\t\t\t\t\t\t\t\t\t<h4 dir=\"ltr\">POLITYKA PRYWATNO\u015aCI<\/h4><p dir=\"ltr\">Ukrainedefensesupport.org to strona internetowa prowadzona przez Ukraine Defense Support (\u201cUDS\u201d, \u201cmy\u201d, \u201cnas\u201d, \u201cnasz\u201d), zarejestrowan\u0105 w USA organizacj\u0119 non-profit 501(c)3 (EIN 92-2693929). Niniejsza Polityka Prywatno\u015bci ukrainedefensesupport.org opisuje:<\/p><ul><li dir=\"ltr\" aria-level=\"1\"><p dir=\"ltr\" role=\"presentation\">Gromadzone przez nas dane osobowe i spos\u00f3b ich wykorzystania<\/p><\/li><li dir=\"ltr\" aria-level=\"1\"><p dir=\"ltr\" role=\"presentation\">Z kim dzielimy si\u0119 Twoimi danymi<\/p><\/li><li dir=\"ltr\" aria-level=\"1\"><p dir=\"ltr\" role=\"presentation\">Twoje wybory i prawa<\/p><\/li><li dir=\"ltr\" aria-level=\"1\"><p dir=\"ltr\" role=\"presentation\">W jaki spos\u00f3b mo\u017cesz si\u0119 z nami skontaktowa\u0107 w sprawie swoich praw i wybor\u00f3w.<\/p><\/li><\/ul><p dir=\"ltr\">Przesy\u0142aj\u0105c swoje dane osobowe na naszej stronie internetowej, akceptujesz warunki niniejszej Polityki Prywatno\u015bci. Je\u015bli nie zgadzasz si\u0119 z tymi warunkami, prosimy o niekorzystanie z naszej strony internetowej.<\/p><p dir=\"ltr\">\u00a0<\/p><p dir=\"ltr\"><strong>INFORMACJE, KT\u00d3RE GROMADZIMY I SPOS\u00d3B, W JAKI JE WYKORZYSTUJEMY<\/strong><\/p><p dir=\"ltr\">Celem witryny ukrainedefensesupport.org jest dzielenie si\u0119 informacjami o naszej organizacji i jej dzia\u0142alno\u015bci, rejestrowanie zainteresowanych os\u00f3b na naszej li\u015bcie mailingowej i kontaktowej na ich pro\u015bb\u0119 oraz przyjmowanie darowizn.<\/p><p dir=\"ltr\">\u00a0<\/p><p dir=\"ltr\"><strong>Formularz rejestracyjny<\/strong><\/p><ul><li dir=\"ltr\" aria-level=\"1\"><p dir=\"ltr\" role=\"presentation\">Gdy zapiszesz si\u0119 na nasz\u0105 list\u0119 mailingow\u0105 i kontaktow\u0105 za pomoc\u0105 naszego formularza rejestracyjnego, Twoje dane osobowe zostan\u0105 zebrane przez <a href=\"https:\/\/www.littlegreenlight.com\/\" rel=\"noopener\">Ma\u0142e zielone \u015bwiat\u0142o<\/a>, nasza baza danych dotycz\u0105ca zarz\u0105dzania darczy\u0144cami i wolontariuszami.\u00a0\u00a0<\/p><\/li><li dir=\"ltr\" aria-level=\"1\"><p dir=\"ltr\" role=\"presentation\">Dane osobowe, kt\u00f3re zbieramy, gdy zapisujesz si\u0119 na nasz\u0105 list\u0119, obejmuj\u0105:<\/p><ul><li dir=\"ltr\" aria-level=\"2\"><p dir=\"ltr\" role=\"presentation\">Twoje imi\u0119<\/p><\/li><li dir=\"ltr\" aria-level=\"2\"><p dir=\"ltr\" role=\"presentation\">Tw\u00f3j adres e-mail<\/p><\/li><li dir=\"ltr\" aria-level=\"2\"><p dir=\"ltr\" role=\"presentation\">Tw\u00f3j numer telefonu<\/p><\/li><li dir=\"ltr\" aria-level=\"2\"><p dir=\"ltr\" role=\"presentation\">Tw\u00f3j kod pocztowy<\/p><\/li><li dir=\"ltr\" aria-level=\"2\"><p dir=\"ltr\" role=\"presentation\">Data i godzina wys\u0142ania formularza<\/p><\/li><\/ul><\/li><li dir=\"ltr\" aria-level=\"1\"><p dir=\"ltr\" role=\"presentation\">Jak wykorzystujemy Tw\u00f3j adres e-mail:<\/p><ul><li dir=\"ltr\" aria-level=\"2\"><p dir=\"ltr\" role=\"presentation\">Wykorzystujemy adresy e-mail os\u00f3b zapisanych na nasz\u0105 list\u0119, aby wysy\u0142a\u0107 wiadomo\u015bci e-mail z aktualno\u015bciami dotycz\u0105cymi naszej dzia\u0142alno\u015bci i wydarzeniami, a tak\u017ce w celu koordynowania naszej pracy (je\u015bli zdecydujesz si\u0119 zosta\u0107 wolontariuszem).\u00a0<\/p><\/li><li dir=\"ltr\" aria-level=\"2\"><p dir=\"ltr\" role=\"presentation\">U\u017cywamy <a href=\"https:\/\/mailchimp.com\/\" rel=\"noopener\">MailChimp<\/a> aby zarz\u0105dza\u0107 nasz\u0105 list\u0105 e-mailow\u0105 i wysy\u0142k\u0105.\u00a0<\/p><\/li><li dir=\"ltr\" aria-level=\"2\"><p dir=\"ltr\" role=\"presentation\">Ka\u017cdy automatyczny e-mail b\u0119dzie zawiera\u0142 link umo\u017cliwiaj\u0105cy zarz\u0105dzanie preferencjami lub rezygnacj\u0119 z subskrypcji. Mo\u017cesz r\u00f3wnie\u017c zrezygnowa\u0107 z subskrypcji naszej listy mailingowej, wysy\u0142aj\u0105c wiadomo\u015b\u0107 e-mail na adres datateam@ukrainedefensesupport.org.<\/p><\/li><\/ul><\/li><li dir=\"ltr\" aria-level=\"1\"><p dir=\"ltr\" role=\"presentation\">Jak wykorzystujemy Tw\u00f3j numer telefonu:<\/p><ul><li dir=\"ltr\" aria-level=\"2\"><p dir=\"ltr\" role=\"presentation\">Je\u015bli zg\u0142osisz si\u0119 do nas jako wolontariusz, wykorzystamy Tw\u00f3j numer telefonu w celu koordynowania naszej pracy.<\/p><\/li><li dir=\"ltr\" aria-level=\"2\"><p dir=\"ltr\" role=\"presentation\">UDS wysy\u0142a raz w tygodniu SMS-y z przypomnieniami o wydarzeniach. Podaj\u0105c sw\u00f3j numer telefonu, wyra\u017casz zgod\u0119 na wst\u0119pn\u0105 rejestracj\u0119 SMS-a. Ka\u017cdy SMS b\u0119dzie zawiera\u0142 instrukcj\u0119 natychmiastowej rezygnacji (np. \u201cWy\u015blij SMS o tre\u015bci STOP, aby zrezygnowa\u0107\u201d). Mo\u017cesz r\u00f3wnie\u017c zrezygnowa\u0107 z otrzymywania SMS-\u00f3w, wysy\u0142aj\u0105c wiadomo\u015b\u0107 e-mail na adres datateam@ukrainedefensesupport.org.\u00a0\u00a0\u00a0<\/p><\/li><li dir=\"ltr\" aria-level=\"2\"><p dir=\"ltr\" role=\"presentation\">U\u017cywamy <a href=\"https:\/\/mailchimp.com\/\" rel=\"noopener\">MailChimp<\/a> jako naszego us\u0142ugodawcy w zakresie marketingu SMS.\u00a0\u00a0<\/p><\/li><\/ul><\/li><li dir=\"ltr\" aria-level=\"1\"><p dir=\"ltr\" role=\"presentation\">Jak wykorzystujemy Tw\u00f3j kod pocztowy:<\/p><ul><li dir=\"ltr\" aria-level=\"2\"><p dir=\"ltr\" role=\"presentation\">U\u017cywamy Twojego kodu pocztowego, aby ustali\u0107, w kt\u00f3rym stanie i okr\u0119gu kongresowym mieszkasz. Wykorzystujemy te informacje, aby wysy\u0142a\u0107 e-maile z informacjami o wydarzeniach w okre\u015blonych regionach geograficznych, informowa\u0107 mieszka\u0144c\u00f3w poszczeg\u00f3lnych okr\u0119g\u00f3w kongresowych o dzia\u0142aniach, kt\u00f3re mog\u0105 podj\u0105\u0107, aby pom\u00f3c Ukrainie, oraz aby \u015bledzi\u0107 wzrost liczby naszych cz\u0142onk\u00f3w.\u00a0\u00a0\u00a0\u00a0\u00a0<\/p><\/li><\/ul><\/li><li dir=\"ltr\" aria-level=\"1\"><p dir=\"ltr\" role=\"presentation\">W zakresie niezb\u0119dnym do wykonywania pracy UDS, dane kontaktowe mog\u0105 by\u0107 udost\u0119pniane odpowiednim wolontariuszom za po\u015brednictwem us\u0142ug stron trzecich: <a href=\"https:\/\/www.littlegreenlight.com\/\" rel=\"noopener\">Ma\u0142e zielone \u015bwiat\u0142o<\/a>, <a href=\"https:\/\/www.google.com\/sheets\/about\/\" rel=\"noopener\">Arkusz Google<\/a>, <a href=\"http:\/\/monday.com\/\" rel=\"noopener\">Monday.com<\/a> I <a href=\"https:\/\/slack.com\/\" rel=\"noopener\">Lu\u017any<\/a>. Dost\u0119p do tych danych jest dozwolony i chroniony has\u0142em.\u00a0<\/p><\/li><\/ul><div>\u00a0<\/div><p dir=\"ltr\"><strong>Darowizny<\/strong><\/p><ul><li dir=\"ltr\" aria-level=\"1\"><p dir=\"ltr\" role=\"presentation\">Kiedy dokonujesz darowizny na rzecz organizacji Ukraine Defence Support za po\u015brednictwem naszej witryny internetowej, Twoje dane osobowe s\u0105 przekazywane i przetwarzane przez:,<a href=\"https:\/\/donorbox.org\/\" rel=\"noopener\"> DonorBox<\/a>.<\/p><\/li><li dir=\"ltr\" aria-level=\"1\"><p dir=\"ltr\" role=\"presentation\">DonorBox przetwarza transakcje darowizn za pomoc\u0105<a href=\"https:\/\/stripe.com\/\" rel=\"noopener\"> Naszywka<\/a>,<a href=\"https:\/\/www.paypal.com\/us\/webapps\/mpp\/sem\/account-selection-signup?&amp;act=PayPal+US+Joint+&amp;campaignid=71700000021550093&amp;adgroupid=58700002203712911&amp;adgroup=GEN-GT+-+PayPal+-+ONLY+%28e%29&amp;creative=117972804848&amp;kwid=43700018500159337&amp;matchtype=e&amp;network=g&amp;adposition=1t1&amp;target=&amp;device=c&amp;devicemodel=&amp;feeditemid=&amp;loc_physical_ms=9031938&amp;loc_interest_ms=&amp;targetid=kwd-15051880&amp;utm_source=GOOGLE&amp;utm_medium=cpc&amp;utm_campaign=GEN-GT+-+PayPal+-+ONLY&amp;utm_term=paypal&amp;gclid=EAIaIQobChMI79qUzbX52wIVBKvsCh3mpQNWEAAYASAAEgLBA_D_BwE&amp;gclsrc=aw.ds&amp;dclid=CP71y861-dsCFcOtZAod9sQOpQ\" rel=\"noopener\"> i PayPal<\/a> jako podmioty przetwarzaj\u0105ce p\u0142atno\u015bci. Podane przez Ciebie dane karty kredytowej lub konta bankowego s\u0105 bezpiecznie przesy\u0142ane do odpowiednich podmiot\u00f3w przetwarzaj\u0105cych p\u0142atno\u015bci.<\/p><\/li><li dir=\"ltr\" aria-level=\"1\"><p dir=\"ltr\" role=\"presentation\">Gromadzone przez nas dane osobowe, gdy dokonujesz darowizny online, obejmuj\u0105:<\/p><ul><li dir=\"ltr\" aria-level=\"2\"><p dir=\"ltr\" role=\"presentation\">Twoje imi\u0119<\/p><\/li><li dir=\"ltr\" aria-level=\"2\"><p dir=\"ltr\" role=\"presentation\">Tw\u00f3j adres e-mail<\/p><\/li><li dir=\"ltr\" aria-level=\"2\"><p dir=\"ltr\" role=\"presentation\">Tw\u00f3j numer telefonu<\/p><\/li><li dir=\"ltr\" aria-level=\"2\"><p dir=\"ltr\" role=\"presentation\">Data i godzina wys\u0142ania formularza<\/p><\/li><\/ul><\/li><li dir=\"ltr\" aria-level=\"1\"><p dir=\"ltr\" role=\"presentation\">P\u0142atno\u015bci darowizn s\u0105 obs\u0142ugiwane przez DonorBox. UDS nie widzi ani nie przechowuje \u017cadnych Twoich danych finansowych, w tym numeru karty kredytowej ani danych konta PayPal.<\/p><\/li><\/ul><div>\u00a0<\/div><p dir=\"ltr\"><strong>Pliki cookie do analizy i \u015bledzenia stron internetowych<\/strong><\/p><ul><li dir=\"ltr\" aria-level=\"1\"><p dir=\"ltr\" role=\"presentation\">Korzystamy z Google Analytics, aby zrozumie\u0107, w jaki spos\u00f3b u\u017cytkownicy korzystaj\u0105 z naszej witryny i gromadzi\u0107 zbiorcze dane dotycz\u0105ce wydajno\u015bci. Wykorzystujemy te informacje do ulepszania naszych stron internetowych.\u00a0<\/p><\/li><li dir=\"ltr\" aria-level=\"1\"><p dir=\"ltr\" role=\"presentation\">Google Analytics umieszcza w Twojej przegl\u0105darce internetowej plik cookie, aby zidentyfikowa\u0107 Ci\u0119 jako unikalnego u\u017cytkownika. Ten plik cookie nie mo\u017ce by\u0107 u\u017cywany przez nikogo poza Google. Mo\u017cliwo\u015b\u0107 wykorzystywania i udost\u0119pniania przez Google informacji zebranych przez Google Analytics na temat Twoich wizyt na tej stronie jest ograniczona przez<a href=\"https:\/\/www.google.com\/analytics\/terms\/us.html\" rel=\"noopener\"> Warunki korzystania z us\u0142ugi Google Analytics<\/a> i<a href=\"https:\/\/www.google.com\/policies\/privacy\/\" rel=\"noopener\"> Polityka prywatno\u015bci Google<\/a>.<\/p><\/li><li dir=\"ltr\" aria-level=\"1\"><p dir=\"ltr\" role=\"presentation\">Nie gromadzimy \u017cadnych danych osobowych za po\u015brednictwem Google Analytics i nie \u0142\u0105czymy informacji zebranych za po\u015brednictwem Google Analytics z \u017cadnymi danymi osobowymi.<\/p><\/li><li dir=\"ltr\" aria-level=\"1\"><p dir=\"ltr\" role=\"presentation\">Pliki cookie wykorzystujemy r\u00f3wnie\u017c w naszym formularzu rejestracyjnym typu pop-up, aby zapobiec jego ponownemu wy\u015bwietlaniu po zamkni\u0119ciu.\u00a0<\/p><\/li><li dir=\"ltr\" aria-level=\"1\"><p dir=\"ltr\" role=\"presentation\">Mo\u017cesz zablokowa\u0107 pliki cookie, aktywuj\u0105c w przegl\u0105darce ustawienie umo\u017cliwiaj\u0105ce odmow\u0119 ich zapisywania. Mo\u017cesz r\u00f3wnie\u017c usun\u0105\u0107 pliki cookie w ustawieniach przegl\u0105darki. Je\u015bli u\u017cyjesz ustawie\u0144 przegl\u0105darki do wy\u0142\u0105czenia, odrzucenia lub zablokowania plik\u00f3w cookie (w tym niezb\u0119dnych), niekt\u00f3re cz\u0119\u015bci naszej witryny nie b\u0119d\u0105 w pe\u0142ni dzia\u0142a\u0107. W niekt\u00f3rych przypadkach nasza witryna mo\u017ce by\u0107 w og\u00f3le niedost\u0119pna. Nale\u017cy pami\u0119ta\u0107, \u017ce w przypadku, gdy pliki cookie s\u0105 wykorzystywane przez podmioty zewn\u0119trzne, nie mamy kontroli nad sposobem ich wykorzystywania.<\/p><\/li><\/ul><div>\u00a0<\/div><p dir=\"ltr\"><strong>Prywatno\u015b\u0107 dzieci<\/strong><\/p><ul><li dir=\"ltr\" aria-level=\"1\"><p dir=\"ltr\" role=\"presentation\">\u015awiadomie nie gromadzimy, nie przechowujemy ani nie wykorzystujemy danych osobowych dzieci poni\u017cej 13 roku \u017cycia. \u017badna cz\u0119\u015b\u0107 naszej Witryny nie jest skierowana do dzieci.<\/p><\/li><li dir=\"ltr\" aria-level=\"1\"><p dir=\"ltr\" role=\"presentation\">Je\u015bli dowiesz si\u0119, \u017ce dziecko przekaza\u0142o nam dane osobowe z naruszeniem niniejszej Polityki prywatno\u015bci, mo\u017cesz nas o tym powiadomi\u0107, pisz\u0105c na adres datateam@ukrainedefensesupport.org.<\/p><\/li><\/ul><h4 dir=\"ltr\">\u00a0<\/h4><h4 dir=\"ltr\">Z KIM DZIELIMY SI\u0118 TWOIMI DANYMI<\/h4><ul><li dir=\"ltr\" aria-level=\"1\"><p dir=\"ltr\" role=\"presentation\">Nie sprzedajemy, nie wynajmujemy ani w \u017caden inny spos\u00f3b nie udost\u0119pniamy Twoich danych osobowych innym organizacjom, z wyj\u0105tkiem us\u0142ug stron trzecich wyszczeg\u00f3lnionych powy\u017cej, je\u015bli jest to niezb\u0119dne do zarz\u0105dzania Twoimi danymi i \u015bwiadczenia \u017c\u0105danych przez Ciebie us\u0142ug.\u00a0<\/p><\/li><li dir=\"ltr\" aria-level=\"1\"><p dir=\"ltr\" role=\"presentation\">Mo\u017cemy uzyska\u0107 dost\u0119p do Twoich danych, zachowa\u0107 je i ujawni\u0107, je\u017celi uznamy, \u017ce jest to wymagane lub stosowne w celu:<\/p><ul><li dir=\"ltr\" aria-level=\"2\"><p dir=\"ltr\" role=\"presentation\">stosowa\u0107 si\u0119 do \u017c\u0105da\u0144 organ\u00f3w \u015bcigania i procedur prawnych, takich jak nakaz s\u0105dowy lub wezwanie;<\/p><\/li><li dir=\"ltr\" aria-level=\"2\"><p dir=\"ltr\" role=\"presentation\">odpowiedzie\u0107 na Twoje pro\u015bby; lub<\/p><\/li><li dir=\"ltr\" aria-level=\"2\"><p dir=\"ltr\" role=\"presentation\">chroni\u0107 Twoje, nasze lub cudze prawa, w\u0142asno\u015b\u0107 lub bezpiecze\u0144stwo.<\/p><\/li><\/ul><\/li><li dir=\"ltr\" aria-level=\"1\"><p dir=\"ltr\" role=\"presentation\">Za Twoj\u0105 zgod\u0105 mo\u017cemy r\u00f3wnie\u017c ujawni\u0107 informacje o Tobie lub Twoich urz\u0105dzeniach.<\/p><\/li><\/ul><h4 dir=\"ltr\">\u00a0<\/h4><h4 dir=\"ltr\">TWOJE WYBORY I PRAWA<\/h4><ul><li dir=\"ltr\" aria-level=\"1\"><p dir=\"ltr\" role=\"presentation\">Mo\u017cesz zdecydowa\u0107, \u017ce nie chcesz podawa\u0107 nam swoich danych osobowych.<\/p><ul><li dir=\"ltr\" aria-level=\"2\"><p dir=\"ltr\" role=\"presentation\">Je\u017celi nie podasz swoich danych osobowych, b\u0119dziesz m\u00f3g\u0142 korzysta\u0107 z serwisu i przegl\u0105da\u0107 jego podstrony, ale nie b\u0119dziemy mogli przetwarza\u0107 darowizn ani rejestrowa\u0107 Ci\u0119 na naszej li\u015bcie kontakt\u00f3w.\u00a0<\/p><\/li><\/ul><\/li><li dir=\"ltr\" aria-level=\"1\"><p dir=\"ltr\" role=\"presentation\">Mo\u017cesz wy\u0142\u0105czy\u0107 obs\u0142ug\u0119 plik\u00f3w cookie w swojej przegl\u0105darce poprzez zmian\u0119 jej ustawie\u0144.<\/p><\/li><li dir=\"ltr\" aria-level=\"1\"><p dir=\"ltr\" role=\"presentation\">Mo\u017cesz poprosi\u0107 nas o nieu\u017cywanie Twoich danych osobowych do otrzymywania wiadomo\u015bci e-mail i SMS od UDS.\u00a0\u00a0<\/p><\/li><li dir=\"ltr\" aria-level=\"1\"><p dir=\"ltr\" role=\"presentation\">Masz prawo do bycia zapomnianym.<\/p><ul><li dir=\"ltr\" aria-level=\"2\"><p dir=\"ltr\" role=\"presentation\">Mo\u017cesz w ka\u017cdej chwili za\u017c\u0105da\u0107 usuni\u0119cia Twoich danych osobowych.\u00a0<\/p><\/li><\/ul><\/li><li dir=\"ltr\" aria-level=\"1\"><p dir=\"ltr\" role=\"presentation\">Masz prawo dost\u0119pu do informacji, kt\u00f3re o Tobie przechowujemy.\u00a0<\/p><ul><li dir=\"ltr\" aria-level=\"2\"><p dir=\"ltr\" role=\"presentation\">Dotyczy to Twoich danych osobowych, cel\u00f3w, dla kt\u00f3rych s\u0105 one gromadzone, sposobu i okresu ich przechowywania, a tak\u017ce os\u00f3b, kt\u00f3rym zosta\u0142y ujawnione.\u00a0<\/p><\/li><\/ul><\/li><li dir=\"ltr\" aria-level=\"1\"><p dir=\"ltr\" role=\"presentation\">Masz prawo do sprostowania swoich danych.<\/p><ul><li dir=\"ltr\" aria-level=\"2\"><p dir=\"ltr\" role=\"presentation\">W ka\u017cdej chwili mo\u017cesz za\u017c\u0105da\u0107 uzupe\u0142nienia niekompletnych danych lub sprostowania nieprawid\u0142owych danych.<\/p><\/li><\/ul><\/li><li dir=\"ltr\" aria-level=\"1\"><p dir=\"ltr\" role=\"presentation\">Wszystkie pro\u015bby mo\u017cna kierowa\u0107 na adres datateam@ukrainedefensesupport.org<\/p><\/li><\/ul><div>\u00a0<\/div><p dir=\"ltr\"><strong>Bezpiecze\u0144stwo<br \/><\/strong><\/p><ul><li dir=\"ltr\" aria-level=\"1\"><p dir=\"ltr\" role=\"presentation\">Dok\u0142adamy wszelkich stara\u0144, aby chroni\u0107 Twoje dane, stosuj\u0105c zabezpieczenia fizyczne i elektroniczne, kt\u00f3re maj\u0105 na celu popraw\u0119 bezpiecze\u0144stwa przechowywanych przez nas informacji. Poniewa\u017c jednak nasze us\u0142ugi s\u0105 hostowane elektronicznie, nie mo\u017cemy udzieli\u0107 \u017cadnych gwarancji co do bezpiecze\u0144stwa ani prywatno\u015bci Twoich danych.<\/p><\/li><li dir=\"ltr\" aria-level=\"1\"><p dir=\"ltr\" role=\"presentation\">\u017baden system nie gwarantuje bezpiecze\u0144stwa na poziomie 100%. Je\u015bli masz pytania dotycz\u0105ce bezpiecze\u0144stwa swoich danych osobowych lub masz powody, by s\u0105dzi\u0107, \u017ce przechowywane przez nas dane osobowe nie s\u0105 ju\u017c bezpieczne, skontaktuj si\u0119 z nami natychmiast pod adresem datateam@ukrainedefensesupport.org.<\/p><\/li><\/ul><div>\u00a0<\/div><p dir=\"ltr\"><strong>Zmiany<\/strong><\/p><p dir=\"ltr\" style=\"padding-left: 40px;\">Niniejsza Polityka Prywatno\u015bci mo\u017ce by\u0107 okresowo zmieniana. Prosimy o regularne sprawdzanie tej strony pod k\u0105tem aktualizacji, poniewa\u017c dalsze korzystanie z tej witryny po wprowadzeniu zmian w niniejszej Polityce Prywatno\u015bci b\u0119dzie r\u00f3wnoznaczne z akceptacj\u0105 tych zmian.<\/p><p dir=\"ltr\" style=\"padding-left: 40px;\">\u00a0<\/p><p dir=\"ltr\"><strong>Data wej\u015bcia w \u017cycie<\/strong><\/p><p dir=\"ltr\" style=\"padding-left: 40px;\">Niniejsza wersja polityki wchodzi w \u017cycie z dniem 12 czerwca 2024 r.<\/p><p dir=\"ltr\" style=\"padding-left: 40px;\">\u00a0<\/p><p dir=\"ltr\"><strong>Pytania<\/strong><\/p><p dir=\"ltr\" style=\"padding-left: 40px;\">Je\u015bli masz jakiekolwiek pytania, uwagi, w\u0105tpliwo\u015bci lub skargi dotycz\u0105ce naszych stron internetowych, skontaktuj si\u0119 z nami za po\u015brednictwem poczty elektronicznej pod adresem <a href=\"mailto:victory@ulkrainedefensesupport.org\">victory@ukrainedefensesupport.org<\/a>, telefonicznie pod numerem 503-308-9479 lub pisz\u0105c do nas na adres:<\/p><p dir=\"ltr\" style=\"padding-left: 40px;\">\u00a0<\/p><p dir=\"ltr\">Wsparcie obronne Ukrainy<\/p><p dir=\"ltr\">2050 112th Ave NE, Ste 115<\/p><p dir=\"ltr\">Bellevue, WA 98004<\/p>\t\t\t\t\t\t\t\t<\/div>\n\t\t\t\t<\/div>\n\t\t\t\t<\/div>\n\t\t\t\t\t<\/div>\n\t\t\t\t<\/div>\n\t\t\t\t<\/div>","protected":false},"excerpt":{"rendered":"<p>PRIVACY POLICY PRIVACY POLICY Ukrainedefensesupport.org is a website run by Ukraine Defense Support (\u201cUDS\u201d, \u201cwe\u201d, \u201cus\u201d, \u201cour\u201d), a registered US 501(c)3 nonprofit entity (EIN 92-2693929). This Privacy Policy for ukrainedefensesupport.org describes: The personal information we collect and how we use it With whom we share your information Your choices &amp; rights How you can communicate [&hellip;]<\/p>\n","protected":false},"author":22,"featured_media":4087,"parent":0,"menu_order":0,"comment_status":"closed","ping_status":"closed","template":"","meta":{"_acf_changed":false,"footnotes":""},"class_list":["post-1054","page","type-page","status-publish","has-post-thumbnail","hentry"],"acf":[],"_links":{"self":[{"href":"https:\/\/ukrainedefensesupport.org\/pl\/wp-json\/wp\/v2\/pages\/1054","targetHints":{"allow":["GET"]}}],"collection":[{"href":"https:\/\/ukrainedefensesupport.org\/pl\/wp-json\/wp\/v2\/pages"}],"about":[{"href":"https:\/\/ukrainedefensesupport.org\/pl\/wp-json\/wp\/v2\/types\/page"}],"author":[{"embeddable":true,"href":"https:\/\/ukrainedefensesupport.org\/pl\/wp-json\/wp\/v2\/users\/22"}],"replies":[{"embeddable":true,"href":"https:\/\/ukrainedefensesupport.org\/pl\/wp-json\/wp\/v2\/comments?post=1054"}],"version-history":[{"count":0,"href":"https:\/\/ukrainedefensesupport.org\/pl\/wp-json\/wp\/v2\/pages\/1054\/revisions"}],"wp:featuredmedia":[{"embeddable":true,"href":"https:\/\/ukrainedefensesupport.org\/pl\/wp-json\/wp\/v2\/media\/4087"}],"wp:attachment":[{"href":"https:\/\/ukrainedefensesupport.org\/pl\/wp-json\/wp\/v2\/media?parent=1054"}],"curies":[{"name":"wp","href":"https:\/\/api.w.org\/{rel}","templated":true}]}}