{"id":4212,"date":"2025-03-01T12:24:50","date_gmt":"2025-03-01T20:24:50","guid":{"rendered":"https:\/\/ukrainedefensesupport.org\/?page_id=4212"},"modified":"2025-07-12T15:59:18","modified_gmt":"2025-07-12T22:59:18","slug":"resources","status":"publish","type":"page","link":"https:\/\/ukrainedefensesupport.org\/pl\/resources\/","title":{"rendered":"Zasoby"},"content":{"rendered":"<div data-elementor-type=\"wp-page\" data-elementor-id=\"4212\" class=\"elementor elementor-4212\" data-elementor-post-type=\"page\">\n\t\t\t\t<div class=\"elementor-element elementor-element-7377ee50 e-con-full e-flex e-con e-parent\" data-id=\"7377ee50\" data-element_type=\"container\" data-e-type=\"container\" data-settings=\"{&quot;background_background&quot;:&quot;classic&quot;}\">\n\t\t<div class=\"elementor-element elementor-element-2bc77354 e-flex e-con-boxed e-con e-child\" data-id=\"2bc77354\" data-element_type=\"container\" data-e-type=\"container\">\n\t\t\t\t\t<div class=\"e-con-inner\">\n\t\t\t\t<div class=\"elementor-element elementor-element-64379ee1 elementor-widget elementor-widget-image\" data-id=\"64379ee1\" data-element_type=\"widget\" data-e-type=\"widget\" data-widget_type=\"image.default\">\n\t\t\t\t<div class=\"elementor-widget-container\">\n\t\t\t\t\t\t\t\t\t\t\t\t\t\t\t<img decoding=\"async\" width=\"440\" height=\"373\" src=\"https:\/\/ukrainedefensesupport.org\/wp-content\/uploads\/2024\/12\/usa_flag.png\" class=\"attachment-full size-full wp-image-1653\" alt=\"\" srcset=\"https:\/\/ukrainedefensesupport.org\/wp-content\/uploads\/2024\/12\/usa_flag.png 440w, https:\/\/ukrainedefensesupport.org\/wp-content\/uploads\/2024\/12\/usa_flag-300x254.png 300w\" sizes=\"(max-width: 440px) 100vw, 440px\" \/>\t\t\t\t\t\t\t\t\t\t\t\t\t\t\t<\/div>\n\t\t\t\t<\/div>\n\t\t\t\t\t<\/div>\n\t\t\t\t<\/div>\n\t\t<div class=\"elementor-element elementor-element-1fdeae2f e-con-full e-flex e-con e-child\" data-id=\"1fdeae2f\" data-element_type=\"container\" data-e-type=\"container\">\n\t\t\t\t<div class=\"elementor-element elementor-element-7dbda2ec elementor-widget__width-auto elementor-widget elementor-widget-shortcode\" data-id=\"7dbda2ec\" data-element_type=\"widget\" data-e-type=\"widget\" data-widget_type=\"shortcode.default\">\n\t\t\t\t<div class=\"elementor-widget-container\">\n\t\t\t\t\t\t\t<div class=\"elementor-shortcode\">\t\t\t<!-- Flexy Breadcrumb -->\r\n\t\t\t<div class=\"fbc fbc-page\">\r\n\r\n\t\t\t\t<!-- Breadcrumb wrapper -->\r\n\t\t\t\t<div class=\"fbc-wrap\">\r\n\r\n\t\t\t\t\t<!-- Ordered list-->\r\n\t\t\t\t\t<ol class=\"fbc-items\" itemscope itemtype=\"https:\/\/schema.org\/BreadcrumbList\">\r\n\t\t\t\t\t\t            <li itemprop=\"itemListElement\" itemscope itemtype=\"https:\/\/schema.org\/ListItem\">\r\n                <span itemprop=\"name\">\r\n                    <!-- Home Link -->\r\n                    <a itemprop=\"item\" href=\"https:\/\/ukrainedefensesupport.org\/pl\/\">\r\n                    \r\n                                                    <i class=\"fa fa-home\" aria-hidden=\"true\"><\/i>Dom                    <\/a>\r\n                <\/span>\r\n                <meta itemprop=\"position\" content=\"1\" \/><!-- Meta Position-->\r\n             <\/li><li><span class=\"fbc-separator\">\/<\/span><\/li><li class=\"active\" itemprop=\"itemListElement\" itemscope itemtype=\"https:\/\/schema.org\/ListItem\"><span itemprop=\"name\" title=\"Zasoby\">Zasoby<\/span><meta itemprop=\"position\" content=\"2\" \/><\/li>\t\t\t\t\t<\/ol>\r\n\t\t\t\t\t<div class=\"clearfix\"><\/div>\r\n\t\t\t\t<\/div>\r\n\t\t\t<\/div>\r\n\t\t\t<\/div>\n\t\t\t\t\t\t<\/div>\n\t\t\t\t<\/div>\n\t\t\t\t<div class=\"elementor-element elementor-element-2952acf5 elementor-widget__width-auto elementor-widget elementor-widget-heading\" data-id=\"2952acf5\" data-element_type=\"widget\" data-e-type=\"widget\" data-widget_type=\"heading.default\">\n\t\t\t\t<div class=\"elementor-widget-container\">\n\t\t\t\t\t<h1 class=\"elementor-heading-title elementor-size-default\">Zasoby<\/h1>\t\t\t\t<\/div>\n\t\t\t\t<\/div>\n\t\t\t\t<\/div>\n\t\t<div class=\"elementor-element elementor-element-74fb4840 e-flex e-con-boxed e-con e-child\" data-id=\"74fb4840\" data-element_type=\"container\" data-e-type=\"container\">\n\t\t\t\t\t<div class=\"e-con-inner\">\n\t\t\t\t<div class=\"elementor-element elementor-element-118e0d6 elementor-widget elementor-widget-image\" data-id=\"118e0d6\" data-element_type=\"widget\" data-e-type=\"widget\" data-widget_type=\"image.default\">\n\t\t\t\t<div class=\"elementor-widget-container\">\n\t\t\t\t\t\t\t\t\t\t\t\t\t\t\t<img decoding=\"async\" width=\"426\" height=\"371\" src=\"https:\/\/ukrainedefensesupport.org\/wp-content\/uploads\/2024\/12\/illustration_about_01.png\" class=\"attachment-large size-large wp-image-1338\" alt=\"\" srcset=\"https:\/\/ukrainedefensesupport.org\/wp-content\/uploads\/2024\/12\/illustration_about_01.png 426w, https:\/\/ukrainedefensesupport.org\/wp-content\/uploads\/2024\/12\/illustration_about_01-300x261.png 300w\" sizes=\"(max-width: 426px) 100vw, 426px\" \/>\t\t\t\t\t\t\t\t\t\t\t\t\t\t\t<\/div>\n\t\t\t\t<\/div>\n\t\t\t\t\t<\/div>\n\t\t\t\t<\/div>\n\t\t\t\t<\/div>\n\t\t<div class=\"elementor-element elementor-element-bbf123c e-flex e-con-boxed e-con e-parent\" data-id=\"bbf123c\" data-element_type=\"container\" data-e-type=\"container\">\n\t\t\t\t\t<div class=\"e-con-inner\">\n\t\t\t\t<div class=\"elementor-element elementor-element-a427070 premium-blog-align-left elementor-widget elementor-widget-premium-addon-blog\" data-id=\"a427070\" data-element_type=\"widget\" data-e-type=\"widget\" data-settings=\"{&quot;premium_blog_grid&quot;:&quot;yes&quot;,&quot;premium_blog_layout&quot;:&quot;even&quot;,&quot;premium_blog_columns_number&quot;:&quot;50%&quot;,&quot;premium_blog_columns_number_tablet&quot;:&quot;50%&quot;,&quot;premium_blog_columns_number_mobile&quot;:&quot;100%&quot;,&quot;scroll_to_offset&quot;:&quot;yes&quot;}\" data-widget_type=\"premium-addon-blog.default\">\n\t\t\t\t<div class=\"elementor-widget-container\">\n\t\t\t\t\t\n\t\t\n\n\t\t\t\t<div class=\"premium-blog-wrap  premium-blog-even\" data-page=\"4212\">\n\t\t\t\t\t\t\t\t\t<div class=\"premium-blog-post-outer-container\" data-total=\"1\">\n\t\t\t<div class=\"premium-blog-post-container premium-blog-skin-cards\">\n\t\t\t\t\t\t\t\t\t<div class=\"premium-blog-thumb-effect-wrapper\">\n\t\t\t\t\t\t<div class=\"premium-blog-thumbnail-container premium-blog-zoomin-effect\">\n\t\t\t\t\t\t\t\t\t\t\t<a href=\"https:\/\/ukrainedefensesupport.org\/pl\/resources\/orthodox-easter-in-ukraine\/\" target=\"_self\">\n\t\t\t\t<img decoding=\"async\" width=\"500\" height=\"666\" src=\"https:\/\/ukrainedefensesupport.org\/wp-content\/uploads\/2026\/04\/Easter-in-Luhansk-Ukraine.jpg\" class=\"attachment-full size-full wp-image-4726\" alt=\"\" srcset=\"https:\/\/ukrainedefensesupport.org\/wp-content\/uploads\/2026\/04\/Easter-in-Luhansk-Ukraine.jpg 500w, https:\/\/ukrainedefensesupport.org\/wp-content\/uploads\/2026\/04\/Easter-in-Luhansk-Ukraine-225x300.jpg 225w, https:\/\/ukrainedefensesupport.org\/wp-content\/uploads\/2026\/04\/Easter-in-Luhansk-Ukraine-9x12.jpg 9w\" sizes=\"(max-width: 500px) 100vw, 500px\" \/>\t\t\t\t<\/a>\n\t\t\t\t\t\t\t\t\t\t<\/div>\n\t\t\t\t\t\t\t\t\t\t\t\t\t<div class=\"premium-blog-effect-container premium-blog-diagonal-effect\">\n\t\t\t\t\t\t\t\t<a class=\"premium-blog-post-link\" href=\"https:\/\/ukrainedefensesupport.org\/pl\/resources\/orthodox-easter-in-ukraine\/\" target=\"_self\"><span>Orthodox Easter in Ukraine<\/span><\/a>\n\t\t\t\t\t\t\t\t\t\t\t\t\t\t\t<\/div>\n\t\t\t\t\t\t\t\t\t\t\t<\/div>\n\t\t\t\t\t\t\t\t\t\t\t\t\t\t\t\t\t\t\t\t\t<div class=\"premium-blog-content-wrapper\">\n\n\t\t\t\t\t<div class=\"premium-blog-inner-container\">\n\n\t\t\t\t\t\t\t\t\t\t\t\t\t\t<h2 class=\"premium-blog-entry-title\">\n\t\t\t<a href=\"https:\/\/ukrainedefensesupport.org\/pl\/resources\/orthodox-easter-in-ukraine\/\" target=\"_self\">\n\t\t\t\tOrthodox Easter in Ukraine\t\t\t<\/a>\n\t\t<\/h2>\n\t\t\n\t\t\t\t\t<\/div>\n\n\t\t\t\t\t\t\t<div class=\"premium-blog-content-inner-wrapper\">\n\t\t<p class=\"premium-blog-post-content\">By Rein Deaton Acknowledgement: With thanks to Fr. Volodymyr Yavorskyi, a priest of the Ukrainian Orthodox Church of the USA and the pastor of St. John the Baptist Ukrainian Orthodox Church in Portland, Oregon. \u2014\u2014\u2014\u2014\u2014\u2014\u2014 As the chill of winter begins to give way to the fresh life of spring, \u2026<\/p>\t\t<\/div>\n\t\t\t\t<div class=\"premium-blog-entry-meta\">\n\t\t\t\n\t\t\t\t\t\t\t<span class=\"premium-blog-meta-separator\">\u2022<\/span>\n\t\t\t\t<div class=\"premium-blog-post-time premium-blog-meta-data\">\n\t\t\t\t\t<i class=\"fa fa-calendar-alt\" aria-hidden=\"true\"><\/i>\n\t\t\t\t\t<span>4 kwietnia, 2026<\/span>\n\t\t\t\t<\/div>\n\t\t\t\n\t\t\t\t\t\t\t<span class=\"premium-blog-meta-separator\">\u2022<\/span>\n\t\t\t\t<div class=\"premium-blog-post-categories premium-blog-meta-data\">\n\t\t\t\t\t<i class=\"fa fa-align-left fa-fw\" aria-hidden=\"true\"><\/i>\n\t\t\t\t\t<a href=\"https:\/\/ukrainedefensesupport.org\/pl\/category\/resources\/\" rel=\"category tag\">Zasoby<\/a>\t\t\t\t<\/div>\n\t\t\t\n\t\t\t\t\t<\/div>\n\t\t\t\t\t\t\t\n\t\t\t\t<\/div>\n\t\t\t<\/div>\n\t\t<\/div>\n\n\t\t\t\t<div class=\"premium-blog-post-outer-container\" data-total=\"1\">\n\t\t\t<div class=\"premium-blog-post-container premium-blog-skin-cards\">\n\t\t\t\t\t\t\t\t\t<div class=\"premium-blog-thumb-effect-wrapper\">\n\t\t\t\t\t\t<div class=\"premium-blog-thumbnail-container premium-blog-zoomin-effect\">\n\t\t\t\t\t\t\t\t\t\t\t<a href=\"https:\/\/ukrainedefensesupport.org\/pl\/resources\/ukrainian-christmas-traditions\/\" target=\"_self\">\n\t\t\t\t<img decoding=\"async\" width=\"891\" height=\"638\" src=\"https:\/\/ukrainedefensesupport.org\/wp-content\/uploads\/2024\/12\/\u041f\u0430\u0440\u0430\u0434_\u0432\u0443\u043b\u0438\u0447\u043d\u0438\u0445_\u0432\u0435\u0440\u0442\u0435\u043f\u0456\u0432_\u0443_\u041b\u044c\u0432\u043e\u0432\u0456_\u043f\u043e\u0447\u0430\u0442\u043e\u043a_2010-\u0445.jpg\" class=\"attachment-full size-full wp-image-4363\" alt=\"\" srcset=\"https:\/\/ukrainedefensesupport.org\/wp-content\/uploads\/2024\/12\/\u041f\u0430\u0440\u0430\u0434_\u0432\u0443\u043b\u0438\u0447\u043d\u0438\u0445_\u0432\u0435\u0440\u0442\u0435\u043f\u0456\u0432_\u0443_\u041b\u044c\u0432\u043e\u0432\u0456_\u043f\u043e\u0447\u0430\u0442\u043e\u043a_2010-\u0445.jpg 891w, https:\/\/ukrainedefensesupport.org\/wp-content\/uploads\/2024\/12\/\u041f\u0430\u0440\u0430\u0434_\u0432\u0443\u043b\u0438\u0447\u043d\u0438\u0445_\u0432\u0435\u0440\u0442\u0435\u043f\u0456\u0432_\u0443_\u041b\u044c\u0432\u043e\u0432\u0456_\u043f\u043e\u0447\u0430\u0442\u043e\u043a_2010-\u0445-300x215.jpg 300w, https:\/\/ukrainedefensesupport.org\/wp-content\/uploads\/2024\/12\/\u041f\u0430\u0440\u0430\u0434_\u0432\u0443\u043b\u0438\u0447\u043d\u0438\u0445_\u0432\u0435\u0440\u0442\u0435\u043f\u0456\u0432_\u0443_\u041b\u044c\u0432\u043e\u0432\u0456_\u043f\u043e\u0447\u0430\u0442\u043e\u043a_2010-\u0445-768x550.jpg 768w\" sizes=\"(max-width: 891px) 100vw, 891px\" \/>\t\t\t\t<\/a>\n\t\t\t\t\t\t\t\t\t\t<\/div>\n\t\t\t\t\t\t\t\t\t\t\t\t\t<div class=\"premium-blog-effect-container premium-blog-diagonal-effect\">\n\t\t\t\t\t\t\t\t<a class=\"premium-blog-post-link\" href=\"https:\/\/ukrainedefensesupport.org\/pl\/resources\/ukrainian-christmas-traditions\/\" target=\"_self\"><span>Ukrai\u0144skie tradycje bo\u017conarodzeniowe<\/span><\/a>\n\t\t\t\t\t\t\t\t\t\t\t\t\t\t\t<\/div>\n\t\t\t\t\t\t\t\t\t\t\t<\/div>\n\t\t\t\t\t\t\t\t\t\t\t\t\t\t\t\t\t\t\t\t\t<div class=\"premium-blog-content-wrapper\">\n\n\t\t\t\t\t<div class=\"premium-blog-inner-container\">\n\n\t\t\t\t\t\t\t\t\t\t\t\t\t\t<h2 class=\"premium-blog-entry-title\">\n\t\t\t<a href=\"https:\/\/ukrainedefensesupport.org\/pl\/resources\/ukrainian-christmas-traditions\/\" target=\"_self\">\n\t\t\t\tUkrai\u0144skie tradycje bo\u017conarodzeniowe\t\t\t<\/a>\n\t\t<\/h2>\n\t\t\n\t\t\t\t\t<\/div>\n\n\t\t\t\t\t\t\t<div class=\"premium-blog-content-inner-wrapper\">\n\t\t<p class=\"premium-blog-post-content\">Autor: Prescott Farris Ukraina ma bogat\u0105 mozaik\u0119 tradycji kulturowych zwi\u0105zanych ze \u015bwi\u0119tami Bo\u017cego Narodzenia. Od sztuki, kt\u00f3rej korzenie si\u0119gaj\u0105 czas\u00f3w sprzed pojawienia si\u0119 chrze\u015bcija\u0144stwa na Ukrainie, po unikatowe ukrai\u0144skie potrawy, kt\u00f3re odgrywaj\u0105 istotn\u0105 rol\u0119 w rodzinnych i spo\u0142ecznych uroczysto\u015bciach: oto kilka interesuj\u0105cych ukrai\u0144skich tradycji bo\u017conarodzeniowych i\u2026<\/p>\t\t<\/div>\n\t\t\t\t<div class=\"premium-blog-entry-meta\">\n\t\t\t\n\t\t\t\t\t\t\t<span class=\"premium-blog-meta-separator\">\u2022<\/span>\n\t\t\t\t<div class=\"premium-blog-post-time premium-blog-meta-data\">\n\t\t\t\t\t<i class=\"fa fa-calendar-alt\" aria-hidden=\"true\"><\/i>\n\t\t\t\t\t<span>20 grudnia, 2024<\/span>\n\t\t\t\t<\/div>\n\t\t\t\n\t\t\t\t\t\t\t<span class=\"premium-blog-meta-separator\">\u2022<\/span>\n\t\t\t\t<div class=\"premium-blog-post-categories premium-blog-meta-data\">\n\t\t\t\t\t<i class=\"fa fa-align-left fa-fw\" aria-hidden=\"true\"><\/i>\n\t\t\t\t\t<a href=\"https:\/\/ukrainedefensesupport.org\/pl\/category\/resources\/\" rel=\"category tag\">Zasoby<\/a>, <a href=\"https:\/\/ukrainedefensesupport.org\/pl\/category\/blog\/\" rel=\"category tag\">Blog<\/a>\t\t\t\t<\/div>\n\t\t\t\n\t\t\t\t\t<\/div>\n\t\t\t\t\t\t\t\n\t\t\t\t<\/div>\n\t\t\t<\/div>\n\t\t<\/div>\n\n\t\t\t\t\t\t\t<\/div>\n\n\t\t\n\t\t\n\t\t\t\t\t\t<\/div>\n\t\t\t\t<\/div>\n\t\t\t\t\t<\/div>\n\t\t\t\t<\/div>\n\t\t\t\t<\/div>","protected":false},"excerpt":{"rendered":"<p>Resources Ukrainian Christmas Traditions Ukrainian Christmas Traditions Author: Prescott Farris Ukraine has a rich tapestry of cultural traditions celebrating the Christmas holiday. From art that traces its roots back to before Christianity&#8217;s introduction to Ukraine, to uniquely Ukrainian dishes that play a vital part in family and community celebrations: here are some interesting Ukrainian Christmas [&hellip;]<\/p>\n","protected":false},"author":28,"featured_media":0,"parent":0,"menu_order":0,"comment_status":"closed","ping_status":"closed","template":"","meta":{"_acf_changed":false,"footnotes":""},"class_list":["post-4212","page","type-page","status-publish","hentry"],"acf":[],"_links":{"self":[{"href":"https:\/\/ukrainedefensesupport.org\/pl\/wp-json\/wp\/v2\/pages\/4212","targetHints":{"allow":["GET"]}}],"collection":[{"href":"https:\/\/ukrainedefensesupport.org\/pl\/wp-json\/wp\/v2\/pages"}],"about":[{"href":"https:\/\/ukrainedefensesupport.org\/pl\/wp-json\/wp\/v2\/types\/page"}],"author":[{"embeddable":true,"href":"https:\/\/ukrainedefensesupport.org\/pl\/wp-json\/wp\/v2\/users\/28"}],"replies":[{"embeddable":true,"href":"https:\/\/ukrainedefensesupport.org\/pl\/wp-json\/wp\/v2\/comments?post=4212"}],"version-history":[{"count":0,"href":"https:\/\/ukrainedefensesupport.org\/pl\/wp-json\/wp\/v2\/pages\/4212\/revisions"}],"wp:attachment":[{"href":"https:\/\/ukrainedefensesupport.org\/pl\/wp-json\/wp\/v2\/media?parent=4212"}],"curies":[{"name":"wp","href":"https:\/\/api.w.org\/{rel}","templated":true}]}}