{"id":1054,"date":"2024-06-13T23:24:15","date_gmt":"2024-06-13T23:24:15","guid":{"rendered":"https:\/\/ukrainedefensesupport.org\/?page_id=1054"},"modified":"2025-03-01T14:56:07","modified_gmt":"2025-03-01T22:56:07","slug":"privacy-policy","status":"publish","type":"page","link":"https:\/\/ukrainedefensesupport.org\/pt\/privacy-policy\/","title":{"rendered":"pol\u00edtica de Privacidade"},"content":{"rendered":"<div data-elementor-type=\"wp-page\" data-elementor-id=\"1054\" class=\"elementor elementor-1054\" data-elementor-post-type=\"page\">\n\t\t\t\t<div class=\"elementor-element elementor-element-f1313fd e-con-full e-flex e-con e-parent\" data-id=\"f1313fd\" data-element_type=\"container\" data-e-type=\"container\" data-settings=\"{&quot;background_background&quot;:&quot;classic&quot;}\">\n\t\t<div class=\"elementor-element elementor-element-d496ac7 e-flex e-con-boxed e-con e-child\" data-id=\"d496ac7\" data-element_type=\"container\" data-e-type=\"container\">\n\t\t\t\t\t<div class=\"e-con-inner\">\n\t\t\t\t<div class=\"elementor-element elementor-element-2805a41 elementor-widget elementor-widget-image\" data-id=\"2805a41\" data-element_type=\"widget\" data-e-type=\"widget\" data-widget_type=\"image.default\">\n\t\t\t\t<div class=\"elementor-widget-container\">\n\t\t\t\t\t\t\t\t\t\t\t\t\t\t\t<img decoding=\"async\" width=\"440\" height=\"373\" src=\"https:\/\/ukrainedefensesupport.org\/wp-content\/uploads\/2024\/12\/usa_flag.png\" class=\"attachment-full size-full wp-image-1653\" alt=\"\" srcset=\"https:\/\/ukrainedefensesupport.org\/wp-content\/uploads\/2024\/12\/usa_flag.png 440w, https:\/\/ukrainedefensesupport.org\/wp-content\/uploads\/2024\/12\/usa_flag-300x254.png 300w\" sizes=\"(max-width: 440px) 100vw, 440px\" \/>\t\t\t\t\t\t\t\t\t\t\t\t\t\t\t<\/div>\n\t\t\t\t<\/div>\n\t\t\t\t\t<\/div>\n\t\t\t\t<\/div>\n\t\t<div class=\"elementor-element elementor-element-30fafd9 e-con-full e-flex e-con e-child\" data-id=\"30fafd9\" data-element_type=\"container\" data-e-type=\"container\">\n\t\t\t\t<div class=\"elementor-element elementor-element-4b5458a elementor-widget__width-auto elementor-widget elementor-widget-heading\" data-id=\"4b5458a\" data-element_type=\"widget\" data-e-type=\"widget\" data-widget_type=\"heading.default\">\n\t\t\t\t<div class=\"elementor-widget-container\">\n\t\t\t\t\t<h1 class=\"elementor-heading-title elementor-size-default\">POL\u00cdTICA DE PRIVACIDADE<\/h1>\t\t\t\t<\/div>\n\t\t\t\t<\/div>\n\t\t\t\t<\/div>\n\t\t<div class=\"elementor-element elementor-element-0e250bf e-flex e-con-boxed e-con e-child\" data-id=\"0e250bf\" data-element_type=\"container\" data-e-type=\"container\">\n\t\t\t\t\t<div class=\"e-con-inner\">\n\t\t\t\t<div class=\"elementor-element elementor-element-a772902 elementor-widget elementor-widget-image\" data-id=\"a772902\" data-element_type=\"widget\" data-e-type=\"widget\" data-widget_type=\"image.default\">\n\t\t\t\t<div class=\"elementor-widget-container\">\n\t\t\t\t\t\t\t\t\t\t\t\t\t\t\t<img decoding=\"async\" width=\"426\" height=\"371\" src=\"https:\/\/ukrainedefensesupport.org\/wp-content\/uploads\/2024\/12\/illustration_about_01.png\" class=\"attachment-large size-large wp-image-1338\" alt=\"\" srcset=\"https:\/\/ukrainedefensesupport.org\/wp-content\/uploads\/2024\/12\/illustration_about_01.png 426w, https:\/\/ukrainedefensesupport.org\/wp-content\/uploads\/2024\/12\/illustration_about_01-300x261.png 300w\" sizes=\"(max-width: 426px) 100vw, 426px\" \/>\t\t\t\t\t\t\t\t\t\t\t\t\t\t\t<\/div>\n\t\t\t\t<\/div>\n\t\t\t\t\t<\/div>\n\t\t\t\t<\/div>\n\t\t\t\t<\/div>\n\t\t<div class=\"elementor-element elementor-element-5321025 e-flex e-con-boxed e-con e-parent\" data-id=\"5321025\" data-element_type=\"container\" data-e-type=\"container\">\n\t\t\t\t\t<div class=\"e-con-inner\">\n\t\t<div class=\"elementor-element elementor-element-9d25574 e-con-full e-flex e-con e-child\" data-id=\"9d25574\" data-element_type=\"container\" data-e-type=\"container\">\n\t\t\t\t<div class=\"elementor-element elementor-element-0efb738 elementor-widget elementor-widget-text-editor\" data-id=\"0efb738\" data-element_type=\"widget\" data-e-type=\"widget\" data-widget_type=\"text-editor.default\">\n\t\t\t\t<div class=\"elementor-widget-container\">\n\t\t\t\t\t\t\t\t\t<h4 dir=\"ltr\">POL\u00cdTICA DE PRIVACIDADE<\/h4><p dir=\"ltr\">O site Ukrainedefensesupport.org \u00e9 administrado pela Ukraine Defense Support (\u201cUDS\u201d, \u201cn\u00f3s\u201d, \u201cnosso\u201d), uma entidade sem fins lucrativos registrada nos EUA sob a se\u00e7\u00e3o 501(c)3 do c\u00f3digo tribut\u00e1rio americano (EIN 92-2693929). Esta Pol\u00edtica de Privacidade para ukrainedefensesupport.org descreve:<\/p><ul><li dir=\"ltr\" aria-level=\"1\"><p dir=\"ltr\" role=\"presentation\">As informa\u00e7\u00f5es pessoais que coletamos e como as utilizamos<\/p><\/li><li dir=\"ltr\" aria-level=\"1\"><p dir=\"ltr\" role=\"presentation\">Com quem compartilhamos suas informa\u00e7\u00f5es<\/p><\/li><li dir=\"ltr\" aria-level=\"1\"><p dir=\"ltr\" role=\"presentation\">Suas escolhas e direitos<\/p><\/li><li dir=\"ltr\" aria-level=\"1\"><p dir=\"ltr\" role=\"presentation\">Como voc\u00ea pode se comunicar conosco sobre seus direitos e op\u00e7\u00f5es.<\/p><\/li><\/ul><p dir=\"ltr\">Ao enviar suas informa\u00e7\u00f5es pessoais em nosso site, voc\u00ea concorda com os termos desta Pol\u00edtica de Privacidade. Caso n\u00e3o concorde com estes termos, por favor, n\u00e3o utilize nosso site.<\/p><p dir=\"ltr\">\u00a0<\/p><p dir=\"ltr\"><strong>INFORMA\u00c7\u00d5ES QUE COLETAMOS E COMO AS UTILIZAMOS<\/strong><\/p><p dir=\"ltr\">O objetivo do site ukrainedefensesupport.org \u00e9 compartilhar informa\u00e7\u00f5es sobre nossa organiza\u00e7\u00e3o e seu trabalho, cadastrar interessados em nossas listas de e-mail e contatos, mediante solicita\u00e7\u00e3o, e aceitar doa\u00e7\u00f5es.<\/p><p dir=\"ltr\">\u00a0<\/p><p dir=\"ltr\"><strong>Formul\u00e1rio de inscri\u00e7\u00e3o<\/strong><\/p><ul><li dir=\"ltr\" aria-level=\"1\"><p dir=\"ltr\" role=\"presentation\">Ao se inscrever em nossa lista de e-mails e contatos usando nosso formul\u00e1rio de inscri\u00e7\u00e3o, seus dados pessoais s\u00e3o coletados por <a href=\"https:\/\/www.littlegreenlight.com\/\" rel=\"noopener\">Luzinha Verde<\/a>, nosso banco de dados de gerenciamento de doadores e volunt\u00e1rios.\u00a0\u00a0<\/p><\/li><li dir=\"ltr\" aria-level=\"1\"><p dir=\"ltr\" role=\"presentation\">Os dados pessoais que coletamos quando voc\u00ea se inscreve em nossa lista incluem:<\/p><ul><li dir=\"ltr\" aria-level=\"2\"><p dir=\"ltr\" role=\"presentation\">Seu nome<\/p><\/li><li dir=\"ltr\" aria-level=\"2\"><p dir=\"ltr\" role=\"presentation\">Seu endere\u00e7o de email<\/p><\/li><li dir=\"ltr\" aria-level=\"2\"><p dir=\"ltr\" role=\"presentation\">Seu n\u00famero de telefone<\/p><\/li><li dir=\"ltr\" aria-level=\"2\"><p dir=\"ltr\" role=\"presentation\">Seu c\u00f3digo postal<\/p><\/li><li dir=\"ltr\" aria-level=\"2\"><p dir=\"ltr\" role=\"presentation\">Data e hora em que voc\u00ea enviou o formul\u00e1rio.<\/p><\/li><\/ul><\/li><li dir=\"ltr\" aria-level=\"1\"><p dir=\"ltr\" role=\"presentation\">Como utilizamos seu endere\u00e7o de e-mail:<\/p><ul><li dir=\"ltr\" aria-level=\"2\"><p dir=\"ltr\" role=\"presentation\">Utilizamos os endere\u00e7os de e-mail dos nossos assinantes para enviar mensagens com not\u00edcias relacionadas ao nosso trabalho, informa\u00e7\u00f5es sobre eventos e para coordenar nossas atividades (caso voc\u00ea opte por ser volunt\u00e1rio conosco).\u00a0<\/p><\/li><li dir=\"ltr\" aria-level=\"2\"><p dir=\"ltr\" role=\"presentation\">N\u00f3s usamos <a href=\"https:\/\/mailchimp.com\/\" rel=\"noopener\">MailChimp<\/a> Para gerenciar nossa lista de e-mails e envios postais.\u00a0<\/p><\/li><li dir=\"ltr\" aria-level=\"2\"><p dir=\"ltr\" role=\"presentation\">Todos os e-mails automatizados incluir\u00e3o um link para gerenciar suas prefer\u00eancias ou cancelar a inscri\u00e7\u00e3o. Voc\u00ea tamb\u00e9m pode cancelar a inscri\u00e7\u00e3o da nossa lista de e-mails enviando uma mensagem para datateam@ukrainedefensesupport.org.<\/p><\/li><\/ul><\/li><li dir=\"ltr\" aria-level=\"1\"><p dir=\"ltr\" role=\"presentation\">Como utilizamos seu n\u00famero de telefone:<\/p><ul><li dir=\"ltr\" aria-level=\"2\"><p dir=\"ltr\" role=\"presentation\">Usamos seu n\u00famero de telefone para coordenar nosso trabalho caso voc\u00ea seja volunt\u00e1rio conosco.<\/p><\/li><li dir=\"ltr\" aria-level=\"2\"><p dir=\"ltr\" role=\"presentation\">A UDS envia mensagens de texto semanais com lembretes de eventos. Ao fornecer seu n\u00famero de telefone, voc\u00ea concorda com a inscri\u00e7\u00e3o inicial para receber mensagens de texto. Cada mensagem incluir\u00e1 instru\u00e7\u00f5es para cancelamento imediato (por exemplo, &quot;Envie STOP para cancelar&quot;). Voc\u00ea tamb\u00e9m pode cancelar o recebimento de mensagens SMS enviando um e-mail para datateam@ukrainedefensesupport.org.\u00a0\u00a0\u00a0<\/p><\/li><li dir=\"ltr\" aria-level=\"2\"><p dir=\"ltr\" role=\"presentation\">N\u00f3s usamos <a href=\"https:\/\/mailchimp.com\/\" rel=\"noopener\">MailChimp<\/a> como nosso provedor de servi\u00e7os de marketing por SMS.\u00a0\u00a0<\/p><\/li><\/ul><\/li><li dir=\"ltr\" aria-level=\"1\"><p dir=\"ltr\" role=\"presentation\">Como utilizamos o seu c\u00f3digo postal:<\/p><ul><li dir=\"ltr\" aria-level=\"2\"><p dir=\"ltr\" role=\"presentation\">Usamos seu CEP para determinar o estado e o distrito eleitoral em que voc\u00ea reside. Utilizamos essas informa\u00e7\u00f5es para enviar e-mails sobre eventos espec\u00edficos para sua regi\u00e3o, para informar pessoas em distritos eleitorais espec\u00edficos sobre a\u00e7\u00f5es que podem tomar para ajudar a Ucr\u00e2nia e para entender o crescimento de nossa base de membros.\u00a0\u00a0\u00a0\u00a0\u00a0<\/p><\/li><\/ul><\/li><li dir=\"ltr\" aria-level=\"1\"><p dir=\"ltr\" role=\"presentation\">Conforme necess\u00e1rio para a execu\u00e7\u00e3o do trabalho da UDS, as informa\u00e7\u00f5es de contato podem ser compartilhadas com membros volunt\u00e1rios relevantes por meio de servi\u00e7os de terceiros: <a href=\"https:\/\/www.littlegreenlight.com\/\" rel=\"noopener\">Luzinha Verde<\/a>, <a href=\"https:\/\/www.google.com\/sheets\/about\/\" rel=\"noopener\">Planilha do Google<\/a>, <a href=\"http:\/\/monday.com\/\" rel=\"noopener\">Segunda-feira.com<\/a> e <a href=\"https:\/\/slack.com\/\" rel=\"noopener\">Slack<\/a>. O acesso a esses dados \u00e9 restrito e protegido por senha.\u00a0<\/p><\/li><\/ul><div>\u00a0<\/div><p dir=\"ltr\"><strong>Doa\u00e7\u00f5es<\/strong><\/p><ul><li dir=\"ltr\" aria-level=\"1\"><p dir=\"ltr\" role=\"presentation\">Ao fazer doa\u00e7\u00f5es para o Apoio \u00e0 Defesa da Ucr\u00e2nia atrav\u00e9s do nosso site, suas informa\u00e7\u00f5es pessoais s\u00e3o transferidas e processadas por [nome da organiza\u00e7\u00e3o\/pessoa respons\u00e1vel].,<a href=\"https:\/\/donorbox.org\/\" rel=\"noopener\"> Caixa de doadores<\/a>.<\/p><\/li><li dir=\"ltr\" aria-level=\"1\"><p dir=\"ltr\" role=\"presentation\">A DonorBox processa transa\u00e7\u00f5es de doa\u00e7\u00e3o usando<a href=\"https:\/\/stripe.com\/\" rel=\"noopener\"> Listra<\/a>,<a href=\"https:\/\/www.paypal.com\/us\/webapps\/mpp\/sem\/account-selection-signup?&amp;act=PayPal+US+Joint+&amp;campaignid=71700000021550093&amp;adgroupid=58700002203712911&amp;adgroup=GEN-GT+-+PayPal+-+ONLY+%28e%29&amp;creative=117972804848&amp;kwid=43700018500159337&amp;matchtype=e&amp;network=g&amp;adposition=1t1&amp;target=&amp;device=c&amp;devicemodel=&amp;feeditemid=&amp;loc_physical_ms=9031938&amp;loc_interest_ms=&amp;targetid=kwd-15051880&amp;utm_source=GOOGLE&amp;utm_medium=cpc&amp;utm_campaign=GEN-GT+-+PayPal+-+ONLY&amp;utm_term=paypal&amp;gclid=EAIaIQobChMI79qUzbX52wIVBKvsCh3mpQNWEAAYASAAEgLBA_D_BwE&amp;gclsrc=aw.ds&amp;dclid=CP71y861-dsCFcOtZAod9sQOpQ\" rel=\"noopener\"> e PayPal<\/a> como processadores de pagamento. As informa\u00e7\u00f5es do cart\u00e3o de cr\u00e9dito ou da conta banc\u00e1ria que voc\u00ea fornece s\u00e3o transmitidas com seguran\u00e7a aos processadores de pagamento relevantes.<\/p><\/li><li dir=\"ltr\" aria-level=\"1\"><p dir=\"ltr\" role=\"presentation\">Os dados pessoais que coletamos quando voc\u00ea faz uma doa\u00e7\u00e3o online incluem:<\/p><ul><li dir=\"ltr\" aria-level=\"2\"><p dir=\"ltr\" role=\"presentation\">Seu nome<\/p><\/li><li dir=\"ltr\" aria-level=\"2\"><p dir=\"ltr\" role=\"presentation\">Seu endere\u00e7o de email<\/p><\/li><li dir=\"ltr\" aria-level=\"2\"><p dir=\"ltr\" role=\"presentation\">Seu n\u00famero de telefone<\/p><\/li><li dir=\"ltr\" aria-level=\"2\"><p dir=\"ltr\" role=\"presentation\">Data e hora em que voc\u00ea enviou o formul\u00e1rio.<\/p><\/li><\/ul><\/li><li dir=\"ltr\" aria-level=\"1\"><p dir=\"ltr\" role=\"presentation\">Os pagamentos de doa\u00e7\u00f5es s\u00e3o gerenciados pela DonorBox. A UDS n\u00e3o visualiza nem armazena nenhuma de suas informa\u00e7\u00f5es financeiras pessoais, incluindo n\u00famero de cart\u00e3o de cr\u00e9dito ou informa\u00e7\u00f5es da conta PayPal.<\/p><\/li><\/ul><div>\u00a0<\/div><p dir=\"ltr\"><strong>Cookies de an\u00e1lise e rastreamento de p\u00e1ginas da web<\/strong><\/p><ul><li dir=\"ltr\" aria-level=\"1\"><p dir=\"ltr\" role=\"presentation\">Utilizamos o Google Analytics para entender como os visitantes usam nosso site e para coletar m\u00e9tricas de desempenho agregadas. Usamos essas informa\u00e7\u00f5es para melhorar nossas p\u00e1ginas da web.\u00a0<\/p><\/li><li dir=\"ltr\" aria-level=\"1\"><p dir=\"ltr\" role=\"presentation\">O Google Analytics instala um cookie no seu navegador para identific\u00e1-lo como um usu\u00e1rio \u00fanico. Este cookie n\u00e3o pode ser usado por ningu\u00e9m al\u00e9m do Google. A capacidade do Google de usar e compartilhar as informa\u00e7\u00f5es coletadas pelo Google Analytics sobre suas visitas a este site \u00e9 restrita pela pol\u00edtica de privacidade do Google.<a href=\"https:\/\/www.google.com\/analytics\/terms\/us.html\" rel=\"noopener\"> Termos de Uso do Google Analytics<\/a> e o<a href=\"https:\/\/www.google.com\/policies\/privacy\/\" rel=\"noopener\"> Pol\u00edtica de Privacidade do Google<\/a>.<\/p><\/li><li dir=\"ltr\" aria-level=\"1\"><p dir=\"ltr\" role=\"presentation\">N\u00e3o coletamos nenhuma informa\u00e7\u00e3o pessoal identific\u00e1vel usando o Google Analytics e n\u00e3o combinamos as informa\u00e7\u00f5es coletadas pelo Google Analytics com nenhuma informa\u00e7\u00e3o pessoal identific\u00e1vel.<\/p><\/li><li dir=\"ltr\" aria-level=\"1\"><p dir=\"ltr\" role=\"presentation\">Tamb\u00e9m utilizamos cookies em nosso formul\u00e1rio de cadastro pop-up para evitar que ele continue a aparecer ap\u00f3s ser fechado.\u00a0<\/p><\/li><li dir=\"ltr\" aria-level=\"1\"><p dir=\"ltr\" role=\"presentation\">Voc\u00ea pode bloquear cookies ativando uma configura\u00e7\u00e3o no seu navegador que permita recusar a instala\u00e7\u00e3o de cookies. Voc\u00ea tamb\u00e9m pode excluir cookies atrav\u00e9s das configura\u00e7\u00f5es do seu navegador. Se voc\u00ea usar as configura\u00e7\u00f5es do seu navegador para desativar, rejeitar ou bloquear cookies (incluindo cookies essenciais), certas partes do nosso site n\u00e3o funcionar\u00e3o corretamente. Em alguns casos, nosso site poder\u00e1 ficar inacess\u00edvel. Observe que, quando terceiros usam cookies, n\u00e3o temos controle sobre como esses terceiros usam esses cookies.<\/p><\/li><\/ul><div>\u00a0<\/div><p dir=\"ltr\"><strong>Privacidade das crian\u00e7as<\/strong><\/p><ul><li dir=\"ltr\" aria-level=\"1\"><p dir=\"ltr\" role=\"presentation\">N\u00e3o coletamos, mantemos ou utilizamos intencionalmente informa\u00e7\u00f5es pessoais de crian\u00e7as menores de 13 anos de idade, e nenhuma parte do nosso Site \u00e9 direcionada a crian\u00e7as.<\/p><\/li><li dir=\"ltr\" aria-level=\"1\"><p dir=\"ltr\" role=\"presentation\">Se voc\u00ea descobrir que uma crian\u00e7a nos forneceu informa\u00e7\u00f5es pessoais em viola\u00e7\u00e3o desta Pol\u00edtica de Privacidade, entre em contato conosco pelo endere\u00e7o datateam@ukrainedefensesupport.org.<\/p><\/li><\/ul><h4 dir=\"ltr\">\u00a0<\/h4><h4 dir=\"ltr\">COM QUEM COMPARTILHAMOS SUAS INFORMA\u00c7\u00d5ES<\/h4><ul><li dir=\"ltr\" aria-level=\"1\"><p dir=\"ltr\" role=\"presentation\">N\u00e3o vendemos, alugamos ou divulgamos suas informa\u00e7\u00f5es pessoais a outras organiza\u00e7\u00f5es, com exce\u00e7\u00e3o dos servi\u00e7os de terceiros detalhados acima, conforme necess\u00e1rio para gerenciar seus dados e fornecer os servi\u00e7os que voc\u00ea solicita.\u00a0<\/p><\/li><li dir=\"ltr\" aria-level=\"1\"><p dir=\"ltr\" role=\"presentation\">Podemos acessar, preservar e divulgar suas informa\u00e7\u00f5es se acreditarmos que isso seja necess\u00e1rio ou apropriado para:<\/p><ul><li dir=\"ltr\" aria-level=\"2\"><p dir=\"ltr\" role=\"presentation\">Cumprir as solicita\u00e7\u00f5es das autoridades policiais e os processos legais, como uma ordem judicial ou intima\u00e7\u00e3o;<\/p><\/li><li dir=\"ltr\" aria-level=\"2\"><p dir=\"ltr\" role=\"presentation\">responder \u00e0s suas solicita\u00e7\u00f5es; ou<\/p><\/li><li dir=\"ltr\" aria-level=\"2\"><p dir=\"ltr\" role=\"presentation\">Proteger os seus direitos, os nossos direitos ou os direitos, a propriedade ou a seguran\u00e7a de terceiros.<\/p><\/li><\/ul><\/li><li dir=\"ltr\" aria-level=\"1\"><p dir=\"ltr\" role=\"presentation\">Tamb\u00e9m podemos divulgar informa\u00e7\u00f5es suas, sobre voc\u00ea ou sobre seus dispositivos com a sua permiss\u00e3o.<\/p><\/li><\/ul><h4 dir=\"ltr\">\u00a0<\/h4><h4 dir=\"ltr\">SUAS ESCOLHAS E SEUS DIREITOS<\/h4><ul><li dir=\"ltr\" aria-level=\"1\"><p dir=\"ltr\" role=\"presentation\">Voc\u00ea pode optar por n\u00e3o nos fornecer informa\u00e7\u00f5es pessoais.<\/p><ul><li dir=\"ltr\" aria-level=\"2\"><p dir=\"ltr\" role=\"presentation\">Caso opte por n\u00e3o fornecer informa\u00e7\u00f5es pessoais, poder\u00e1 utilizar o site e navegar pelas p\u00e1ginas, mas n\u00e3o poderemos processar doa\u00e7\u00f5es nem cadastr\u00e1-lo(a) em nossa lista de contatos.\u00a0<\/p><\/li><\/ul><\/li><li dir=\"ltr\" aria-level=\"1\"><p dir=\"ltr\" role=\"presentation\">Voc\u00ea pode optar por desativar os cookies no seu navegador alterando as configura\u00e7\u00f5es dele.<\/p><\/li><li dir=\"ltr\" aria-level=\"1\"><p dir=\"ltr\" role=\"presentation\">Voc\u00ea pode solicitar que n\u00e3o utilizemos suas informa\u00e7\u00f5es pessoais para o envio de e-mails e mensagens de texto da UDS.\u00a0\u00a0<\/p><\/li><li dir=\"ltr\" aria-level=\"1\"><p dir=\"ltr\" role=\"presentation\">Voc\u00ea tem o direito de ser esquecido.<\/p><ul><li dir=\"ltr\" aria-level=\"2\"><p dir=\"ltr\" role=\"presentation\">Voc\u00ea pode solicitar que excluamos seus dados pessoais a qualquer momento.\u00a0<\/p><\/li><\/ul><\/li><li dir=\"ltr\" aria-level=\"1\"><p dir=\"ltr\" role=\"presentation\">Voc\u00ea tem o direito de acessar as informa\u00e7\u00f5es que mantemos a seu respeito.\u00a0<\/p><ul><li dir=\"ltr\" aria-level=\"2\"><p dir=\"ltr\" role=\"presentation\">Isso inclui suas informa\u00e7\u00f5es pessoais, as finalidades para as quais s\u00e3o coletadas, como s\u00e3o armazenadas e por quanto tempo, e a quem os dados foram divulgados.\u00a0<\/p><\/li><\/ul><\/li><li dir=\"ltr\" aria-level=\"1\"><p dir=\"ltr\" role=\"presentation\">Voc\u00ea tem o direito de ter seus dados corrigidos.<\/p><ul><li dir=\"ltr\" aria-level=\"2\"><p dir=\"ltr\" role=\"presentation\">Voc\u00ea pode solicitar que dados incompletos sejam completados ou que dados incorretos sejam corrigidos a qualquer momento.<\/p><\/li><\/ul><\/li><li dir=\"ltr\" aria-level=\"1\"><p dir=\"ltr\" role=\"presentation\">Todas as solicita\u00e7\u00f5es podem ser enviadas para datateam@ukrainedefensesupport.org<\/p><\/li><\/ul><div>\u00a0<\/div><p dir=\"ltr\"><strong>Seguran\u00e7a<br \/><\/strong><\/p><ul><li dir=\"ltr\" aria-level=\"1\"><p dir=\"ltr\" role=\"presentation\">Fazemos esfor\u00e7os razo\u00e1veis para proteger suas informa\u00e7\u00f5es, utilizando medidas de seguran\u00e7a f\u00edsicas e eletr\u00f4nicas projetadas para aprimorar a seguran\u00e7a das informa\u00e7\u00f5es que mantemos. No entanto, como nossos servi\u00e7os s\u00e3o hospedados eletronicamente, n\u00e3o podemos garantir a seguran\u00e7a ou a privacidade de suas informa\u00e7\u00f5es.<\/p><\/li><li dir=\"ltr\" aria-level=\"1\"><p dir=\"ltr\" role=\"presentation\">Nenhum sistema pode ser considerado 100% totalmente seguro. Se voc\u00ea tiver d\u00favidas sobre a seguran\u00e7a de suas informa\u00e7\u00f5es pessoais ou se tiver motivos para acreditar que as informa\u00e7\u00f5es pessoais que mantemos sobre voc\u00ea n\u00e3o est\u00e3o mais seguras, entre em contato conosco imediatamente pelo endere\u00e7o datateam@ukrainedefensesupport.org.<\/p><\/li><\/ul><div>\u00a0<\/div><p dir=\"ltr\"><strong>Mudan\u00e7as<\/strong><\/p><p dir=\"ltr\" style=\"padding-left: 40px;\">Podemos alterar esta Pol\u00edtica de Privacidade periodicamente. Consulte esta p\u00e1gina com frequ\u00eancia para verificar as atualiza\u00e7\u00f5es, pois o uso cont\u00ednuo deste site ap\u00f3s quaisquer altera\u00e7\u00f5es nesta Pol\u00edtica de Privacidade constituir\u00e1 sua aceita\u00e7\u00e3o das altera\u00e7\u00f5es.<\/p><p dir=\"ltr\" style=\"padding-left: 40px;\">\u00a0<\/p><p dir=\"ltr\"><strong>Data de vig\u00eancia<\/strong><\/p><p dir=\"ltr\" style=\"padding-left: 40px;\">Esta vers\u00e3o da pol\u00edtica entra em vigor em 12 de junho de 2024.<\/p><p dir=\"ltr\" style=\"padding-left: 40px;\">\u00a0<\/p><p dir=\"ltr\"><strong>Quest\u00f5es<\/strong><\/p><p dir=\"ltr\" style=\"padding-left: 40px;\">Se voc\u00ea tiver d\u00favidas, coment\u00e1rios, preocupa\u00e7\u00f5es ou reclama\u00e7\u00f5es relacionadas aos nossos sites, entre em contato conosco por e-mail em <a href=\"mailto:victory@ulkrainedefensesupport.org\">victory@ukrainedefensesupport.org<\/a>, por telefone, no n\u00famero 503-308-9479, ou por escrito, no seguinte endere\u00e7o:<\/p><p dir=\"ltr\" style=\"padding-left: 40px;\">\u00a0<\/p><p dir=\"ltr\">Apoio \u00e0 Defesa da Ucr\u00e2nia<\/p><p dir=\"ltr\">2050 112th Ave NE, Sala 115<\/p><p dir=\"ltr\">Bellevue, WA 98004<\/p>\t\t\t\t\t\t\t\t<\/div>\n\t\t\t\t<\/div>\n\t\t\t\t<\/div>\n\t\t\t\t\t<\/div>\n\t\t\t\t<\/div>\n\t\t\t\t<\/div>","protected":false},"excerpt":{"rendered":"<p>PRIVACY POLICY PRIVACY POLICY Ukrainedefensesupport.org is a website run by Ukraine Defense Support (\u201cUDS\u201d, \u201cwe\u201d, \u201cus\u201d, \u201cour\u201d), a registered US 501(c)3 nonprofit entity (EIN 92-2693929). This Privacy Policy for ukrainedefensesupport.org describes: The personal information we collect and how we use it With whom we share your information Your choices &amp; rights How you can communicate [&hellip;]<\/p>\n","protected":false},"author":22,"featured_media":4087,"parent":0,"menu_order":0,"comment_status":"closed","ping_status":"closed","template":"","meta":{"_acf_changed":false,"footnotes":""},"class_list":["post-1054","page","type-page","status-publish","has-post-thumbnail","hentry"],"acf":[],"_links":{"self":[{"href":"https:\/\/ukrainedefensesupport.org\/pt\/wp-json\/wp\/v2\/pages\/1054","targetHints":{"allow":["GET"]}}],"collection":[{"href":"https:\/\/ukrainedefensesupport.org\/pt\/wp-json\/wp\/v2\/pages"}],"about":[{"href":"https:\/\/ukrainedefensesupport.org\/pt\/wp-json\/wp\/v2\/types\/page"}],"author":[{"embeddable":true,"href":"https:\/\/ukrainedefensesupport.org\/pt\/wp-json\/wp\/v2\/users\/22"}],"replies":[{"embeddable":true,"href":"https:\/\/ukrainedefensesupport.org\/pt\/wp-json\/wp\/v2\/comments?post=1054"}],"version-history":[{"count":0,"href":"https:\/\/ukrainedefensesupport.org\/pt\/wp-json\/wp\/v2\/pages\/1054\/revisions"}],"wp:featuredmedia":[{"embeddable":true,"href":"https:\/\/ukrainedefensesupport.org\/pt\/wp-json\/wp\/v2\/media\/4087"}],"wp:attachment":[{"href":"https:\/\/ukrainedefensesupport.org\/pt\/wp-json\/wp\/v2\/media?parent=1054"}],"curies":[{"name":"wp","href":"https:\/\/api.w.org\/{rel}","templated":true}]}}