{"id":1054,"date":"2024-06-13T23:24:15","date_gmt":"2024-06-13T23:24:15","guid":{"rendered":"https:\/\/ukrainedefensesupport.org\/?page_id=1054"},"modified":"2025-03-01T14:56:07","modified_gmt":"2025-03-01T22:56:07","slug":"privacy-policy","status":"publish","type":"page","link":"https:\/\/ukrainedefensesupport.org\/ro\/privacy-policy\/","title":{"rendered":"Politica de confiden\u021bialitate"},"content":{"rendered":"<div data-elementor-type=\"wp-page\" data-elementor-id=\"1054\" class=\"elementor elementor-1054\" data-elementor-post-type=\"page\">\n\t\t\t\t<div class=\"elementor-element elementor-element-f1313fd e-con-full e-flex e-con e-parent\" data-id=\"f1313fd\" data-element_type=\"container\" data-e-type=\"container\" data-settings=\"{&quot;background_background&quot;:&quot;classic&quot;}\">\n\t\t<div class=\"elementor-element elementor-element-d496ac7 e-flex e-con-boxed e-con e-child\" data-id=\"d496ac7\" data-element_type=\"container\" data-e-type=\"container\">\n\t\t\t\t\t<div class=\"e-con-inner\">\n\t\t\t\t<div class=\"elementor-element elementor-element-2805a41 elementor-widget elementor-widget-image\" data-id=\"2805a41\" data-element_type=\"widget\" data-e-type=\"widget\" data-widget_type=\"image.default\">\n\t\t\t\t<div class=\"elementor-widget-container\">\n\t\t\t\t\t\t\t\t\t\t\t\t\t\t\t<img decoding=\"async\" width=\"440\" height=\"373\" src=\"https:\/\/ukrainedefensesupport.org\/wp-content\/uploads\/2024\/12\/usa_flag.png\" class=\"attachment-full size-full wp-image-1653\" alt=\"\" srcset=\"https:\/\/ukrainedefensesupport.org\/wp-content\/uploads\/2024\/12\/usa_flag.png 440w, https:\/\/ukrainedefensesupport.org\/wp-content\/uploads\/2024\/12\/usa_flag-300x254.png 300w\" sizes=\"(max-width: 440px) 100vw, 440px\" \/>\t\t\t\t\t\t\t\t\t\t\t\t\t\t\t<\/div>\n\t\t\t\t<\/div>\n\t\t\t\t\t<\/div>\n\t\t\t\t<\/div>\n\t\t<div class=\"elementor-element elementor-element-30fafd9 e-con-full e-flex e-con e-child\" data-id=\"30fafd9\" data-element_type=\"container\" data-e-type=\"container\">\n\t\t\t\t<div class=\"elementor-element elementor-element-4b5458a elementor-widget__width-auto elementor-widget elementor-widget-heading\" data-id=\"4b5458a\" data-element_type=\"widget\" data-e-type=\"widget\" data-widget_type=\"heading.default\">\n\t\t\t\t<div class=\"elementor-widget-container\">\n\t\t\t\t\t<h1 class=\"elementor-heading-title elementor-size-default\">POLITICA DE CONFIDEN\u021aIALITATE<\/h1>\t\t\t\t<\/div>\n\t\t\t\t<\/div>\n\t\t\t\t<\/div>\n\t\t<div class=\"elementor-element elementor-element-0e250bf e-flex e-con-boxed e-con e-child\" data-id=\"0e250bf\" data-element_type=\"container\" data-e-type=\"container\">\n\t\t\t\t\t<div class=\"e-con-inner\">\n\t\t\t\t<div class=\"elementor-element elementor-element-a772902 elementor-widget elementor-widget-image\" data-id=\"a772902\" data-element_type=\"widget\" data-e-type=\"widget\" data-widget_type=\"image.default\">\n\t\t\t\t<div class=\"elementor-widget-container\">\n\t\t\t\t\t\t\t\t\t\t\t\t\t\t\t<img decoding=\"async\" width=\"426\" height=\"371\" src=\"https:\/\/ukrainedefensesupport.org\/wp-content\/uploads\/2024\/12\/illustration_about_01.png\" class=\"attachment-large size-large wp-image-1338\" alt=\"\" srcset=\"https:\/\/ukrainedefensesupport.org\/wp-content\/uploads\/2024\/12\/illustration_about_01.png 426w, https:\/\/ukrainedefensesupport.org\/wp-content\/uploads\/2024\/12\/illustration_about_01-300x261.png 300w\" sizes=\"(max-width: 426px) 100vw, 426px\" \/>\t\t\t\t\t\t\t\t\t\t\t\t\t\t\t<\/div>\n\t\t\t\t<\/div>\n\t\t\t\t\t<\/div>\n\t\t\t\t<\/div>\n\t\t\t\t<\/div>\n\t\t<div class=\"elementor-element elementor-element-5321025 e-flex e-con-boxed e-con e-parent\" data-id=\"5321025\" data-element_type=\"container\" data-e-type=\"container\">\n\t\t\t\t\t<div class=\"e-con-inner\">\n\t\t<div class=\"elementor-element elementor-element-9d25574 e-con-full e-flex e-con e-child\" data-id=\"9d25574\" data-element_type=\"container\" data-e-type=\"container\">\n\t\t\t\t<div class=\"elementor-element elementor-element-0efb738 elementor-widget elementor-widget-text-editor\" data-id=\"0efb738\" data-element_type=\"widget\" data-e-type=\"widget\" data-widget_type=\"text-editor.default\">\n\t\t\t\t<div class=\"elementor-widget-container\">\n\t\t\t\t\t\t\t\t\t<h4 dir=\"ltr\">POLITICA DE CONFIDEN\u021aIALITATE<\/h4><p dir=\"ltr\">Ukrainedefensesupport.org este un site web administrat de Ukraine Defense Support (\u201cUDS\u201d, \u201cnoi\u201d, \u201cnou\u0103\u201d, \u201cal nostru\/a noastr\u0103\/ai no\u0219tri\/ale noastre\u201d), o entitate non-profit \u00eenregistrat\u0103 \u00een SUA 501(c)3 (EIN 92-2693929). Aceast\u0103 Politic\u0103 de confiden\u021bialitate pentru ukrainedefensesupport.org descrie:<\/p><ul><li dir=\"ltr\" aria-level=\"1\"><p dir=\"ltr\" role=\"presentation\">Informa\u021biile personale pe care le colect\u0103m \u0219i modul \u00een care le utiliz\u0103m<\/p><\/li><li dir=\"ltr\" aria-level=\"1\"><p dir=\"ltr\" role=\"presentation\">Cu cine \u00eemp\u0103rt\u0103\u0219im informa\u021biile dumneavoastr\u0103<\/p><\/li><li dir=\"ltr\" aria-level=\"1\"><p dir=\"ltr\" role=\"presentation\">Alegerile \u0219i drepturile dumneavoastr\u0103<\/p><\/li><li dir=\"ltr\" aria-level=\"1\"><p dir=\"ltr\" role=\"presentation\">Cum pute\u021bi comunica cu noi despre drepturile \u0219i op\u021biunile dumneavoastr\u0103.<\/p><\/li><\/ul><p dir=\"ltr\">Prin trimiterea informa\u021biilor dumneavoastr\u0103 personale pe site-ul nostru web, sunte\u021bi de acord cu termenii din aceast\u0103 Politic\u0103 de confiden\u021bialitate. Dac\u0103 nu sunte\u021bi de acord cu ace\u0219ti termeni, v\u0103 rug\u0103m s\u0103 nu utiliza\u021bi site-ul nostru web.<\/p><p dir=\"ltr\">\u00a0<\/p><p dir=\"ltr\"><strong>INFORMA\u021aIILE PE CARE LE COLECT\u0102M \u0218I CUM LE UTILIZ\u0102M<\/strong><\/p><p dir=\"ltr\">Scopul site-ului web ukrainedefensesupport.org este de a partaja informa\u021bii despre organiza\u021bia noastr\u0103 \u0219i activitatea acesteia, de a \u00eenregistra p\u0103r\u021bile interesate pe listele noastre de coresponden\u021b\u0103 \u0219i de contact la cererea acestora \u0219i de a accepta dona\u021bii.<\/p><p dir=\"ltr\">\u00a0<\/p><p dir=\"ltr\"><strong>Formular de \u00eenscriere<\/strong><\/p><ul><li dir=\"ltr\" aria-level=\"1\"><p dir=\"ltr\" role=\"presentation\">C\u00e2nd v\u0103 \u00eenscrie\u021bi la lista noastr\u0103 de coresponden\u021b\u0103 \u0219i contacte utiliz\u00e2nd formularul nostru de \u00eenscriere, datele dumneavoastr\u0103 personale sunt colectate de <a href=\"https:\/\/www.littlegreenlight.com\/\" rel=\"noopener\">Mic\u0103 lumin\u0103 verde<\/a>, baza noastr\u0103 de date pentru gestionarea donatorilor \u0219i voluntarilor.\u00a0\u00a0<\/p><\/li><li dir=\"ltr\" aria-level=\"1\"><p dir=\"ltr\" role=\"presentation\">Datele personale pe care le colect\u0103m atunci c\u00e2nd v\u0103 \u00eenscrie\u021bi pe lista noastr\u0103 includ:<\/p><ul><li dir=\"ltr\" aria-level=\"2\"><p dir=\"ltr\" role=\"presentation\">Numele dumneavoastr\u0103<\/p><\/li><li dir=\"ltr\" aria-level=\"2\"><p dir=\"ltr\" role=\"presentation\">Adresa dvs. de e-mail<\/p><\/li><li dir=\"ltr\" aria-level=\"2\"><p dir=\"ltr\" role=\"presentation\">Num\u0103rul dumneavoastr\u0103 de telefon<\/p><\/li><li dir=\"ltr\" aria-level=\"2\"><p dir=\"ltr\" role=\"presentation\">Codul dumneavoastr\u0103 po\u0219tal<\/p><\/li><li dir=\"ltr\" aria-level=\"2\"><p dir=\"ltr\" role=\"presentation\">Data \u0219i ora la care trimite\u021bi formularul<\/p><\/li><\/ul><\/li><li dir=\"ltr\" aria-level=\"1\"><p dir=\"ltr\" role=\"presentation\">Cum folosim adresa dvs. de e-mail:<\/p><ul><li dir=\"ltr\" aria-level=\"2\"><p dir=\"ltr\" role=\"presentation\">Folosim adresele de e-mail ale abona\u021bilor listei noastre pentru a trimite e-mailuri cu \u0219tiri legate de activitatea noastr\u0103, informa\u021bii despre evenimente \u0219i pentru a coordona activitatea noastr\u0103 (\u00een cazul \u00een care alege\u021bi s\u0103 v\u0103 oferi\u021bi voluntar al\u0103turi de noi).\u00a0<\/p><\/li><li dir=\"ltr\" aria-level=\"2\"><p dir=\"ltr\" role=\"presentation\">Folosim <a href=\"https:\/\/mailchimp.com\/\" rel=\"noopener\">MailChimp<\/a> pentru a gestiona lista noastr\u0103 de e-mailuri \u0219i coresponden\u021ba.\u00a0<\/p><\/li><li dir=\"ltr\" aria-level=\"2\"><p dir=\"ltr\" role=\"presentation\">Fiecare e-mail automat va include un link pentru a v\u0103 gestiona preferin\u021bele sau pentru a v\u0103 dezabona. De asemenea, v\u0103 pute\u021bi dezabona de la lista noastr\u0103 de e-mailuri trimi\u021b\u00e2nd un e-mail la adresa datateam@ukrainedefensesupport.org<\/p><\/li><\/ul><\/li><li dir=\"ltr\" aria-level=\"1\"><p dir=\"ltr\" role=\"presentation\">Cum folosim num\u0103rul dvs. de telefon:<\/p><ul><li dir=\"ltr\" aria-level=\"2\"><p dir=\"ltr\" role=\"presentation\">Folosim num\u0103rul dumneavoastr\u0103 de telefon pentru a ne coordona munca dac\u0103 face\u021bi voluntariat cu noi.<\/p><\/li><li dir=\"ltr\" aria-level=\"2\"><p dir=\"ltr\" role=\"presentation\">UDS trimite mesaje text o dat\u0103 pe s\u0103pt\u0103m\u00e2n\u0103 cu mementouri pentru evenimente. Prin furnizarea num\u0103rului dvs. de telefon, sunte\u021bi de acord cu \u00eenscrierea ini\u021bial\u0103 prin mesaj text. Fiecare mesaj text va include instruc\u021biuni pentru dezabonare imediat\u0103 (de exemplu, \u201cTrimite\u021bi un mesaj STOP pentru a v\u0103 dezabona\u201d). De asemenea, pute\u021bi renun\u021ba la mesajele text SMS trimi\u021b\u00e2nd un e-mail la datateam@ukrainedefensesupport.org\u00a0\u00a0\u00a0<\/p><\/li><li dir=\"ltr\" aria-level=\"2\"><p dir=\"ltr\" role=\"presentation\">Folosim <a href=\"https:\/\/mailchimp.com\/\" rel=\"noopener\">MailChimp<\/a> ca furnizor al nostru de servicii de marketing prin SMS.\u00a0\u00a0<\/p><\/li><\/ul><\/li><li dir=\"ltr\" aria-level=\"1\"><p dir=\"ltr\" role=\"presentation\">Cum folosim codul po\u0219tal:<\/p><ul><li dir=\"ltr\" aria-level=\"2\"><p dir=\"ltr\" role=\"presentation\">Folosim codul po\u0219tal pentru a determina \u00een ce stat \u0219i circumscrip\u021bie electoral\u0103 locui\u021bi. Folosim aceste informa\u021bii pentru a trimite e-mailuri despre evenimente specifice zonei geografice, pentru a informa persoanele din anumite circumscrip\u021bii electorale despre ac\u021biunile pe care le pot \u00eentreprinde pentru a ajuta Ucraina \u0219i pentru a \u00een\u021belege cre\u0219terea num\u0103rului de membri.\u00a0\u00a0\u00a0\u00a0\u00a0<\/p><\/li><\/ul><\/li><li dir=\"ltr\" aria-level=\"1\"><p dir=\"ltr\" role=\"presentation\">Dac\u0103 este necesar pentru desf\u0103\u0219urarea activit\u0103\u021bii UDS, informa\u021biile de contact pot fi partajate cu membri voluntari corespunz\u0103tori prin intermediul unor servicii ter\u021be: <a href=\"https:\/\/www.littlegreenlight.com\/\" rel=\"noopener\">Mic\u0103 lumin\u0103 verde<\/a>, <a href=\"https:\/\/www.google.com\/sheets\/about\/\" rel=\"noopener\">Foaie de calcul Google<\/a>, <a href=\"http:\/\/monday.com\/\" rel=\"noopener\">Monday.com<\/a> \u015fi <a href=\"https:\/\/slack.com\/\" rel=\"noopener\">Slack<\/a>. Accesul la aceste date este permis \u0219i protejat prin parol\u0103.\u00a0<\/p><\/li><\/ul><div>\u00a0<\/div><p dir=\"ltr\"><strong>Dona\u021bii<\/strong><\/p><ul><li dir=\"ltr\" aria-level=\"1\"><p dir=\"ltr\" role=\"presentation\">C\u00e2nd face\u021bi dona\u021bii c\u0103tre Ukraine Defense Support prin intermediul site-ului nostru web, informa\u021biile dumneavoastr\u0103 personale sunt transferate c\u0103tre \u0219i prelucrate de c\u0103tre,<a href=\"https:\/\/donorbox.org\/\" rel=\"noopener\"> DonorBox<\/a>.<\/p><\/li><li dir=\"ltr\" aria-level=\"1\"><p dir=\"ltr\" role=\"presentation\">DonorBox proceseaz\u0103 tranzac\u021biile de dona\u021bii folosind<a href=\"https:\/\/stripe.com\/\" rel=\"noopener\"> Dunga<\/a>,<a href=\"https:\/\/www.paypal.com\/us\/webapps\/mpp\/sem\/account-selection-signup?&amp;act=PayPal+US+Joint+&amp;campaignid=71700000021550093&amp;adgroupid=58700002203712911&amp;adgroup=GEN-GT+-+PayPal+-+ONLY+%28e%29&amp;creative=117972804848&amp;kwid=43700018500159337&amp;matchtype=e&amp;network=g&amp;adposition=1t1&amp;target=&amp;device=c&amp;devicemodel=&amp;feeditemid=&amp;loc_physical_ms=9031938&amp;loc_interest_ms=&amp;targetid=kwd-15051880&amp;utm_source=GOOGLE&amp;utm_medium=cpc&amp;utm_campaign=GEN-GT+-+PayPal+-+ONLY&amp;utm_term=paypal&amp;gclid=EAIaIQobChMI79qUzbX52wIVBKvsCh3mpQNWEAAYASAAEgLBA_D_BwE&amp;gclsrc=aw.ds&amp;dclid=CP71y861-dsCFcOtZAod9sQOpQ\" rel=\"noopener\"> \u0219i PayPal<\/a> ca procesatori de pl\u0103\u021bi. Informa\u021biile despre cardul de credit sau contul bancar pe care le furniza\u021bi sunt transmise \u00een siguran\u021b\u0103 c\u0103tre procesatorii de pl\u0103\u021bi relevan\u021bi.<\/p><\/li><li dir=\"ltr\" aria-level=\"1\"><p dir=\"ltr\" role=\"presentation\">Datele personale pe care le colect\u0103m atunci c\u00e2nd face\u021bi o dona\u021bie online includ:<\/p><ul><li dir=\"ltr\" aria-level=\"2\"><p dir=\"ltr\" role=\"presentation\">Numele dumneavoastr\u0103<\/p><\/li><li dir=\"ltr\" aria-level=\"2\"><p dir=\"ltr\" role=\"presentation\">Adresa dvs. de e-mail<\/p><\/li><li dir=\"ltr\" aria-level=\"2\"><p dir=\"ltr\" role=\"presentation\">Num\u0103rul dumneavoastr\u0103 de telefon<\/p><\/li><li dir=\"ltr\" aria-level=\"2\"><p dir=\"ltr\" role=\"presentation\">Data \u0219i ora la care trimite\u021bi formularul<\/p><\/li><\/ul><\/li><li dir=\"ltr\" aria-level=\"1\"><p dir=\"ltr\" role=\"presentation\">Pl\u0103\u021bile cu dona\u021bii sunt gestionate de DonorBox. UDS nu vede \u0219i nu p\u0103streaz\u0103 nicio informa\u021bie financiar\u0103 personal\u0103, inclusiv num\u0103rul cardului de credit sau informa\u021biile contului PayPal.<\/p><\/li><\/ul><div>\u00a0<\/div><p dir=\"ltr\"><strong>Cookie-uri de analiz\u0103 \u0219i urm\u0103rire a paginilor web<\/strong><\/p><ul><li dir=\"ltr\" aria-level=\"1\"><p dir=\"ltr\" role=\"presentation\">Folosim Google Analytics pentru a \u00een\u021belege cum utilizeaz\u0103 vizitatorii site-ul nostru \u0219i pentru a colecta indicatori agrega\u021bi de performan\u021b\u0103. Folosim aceste informa\u021bii pentru a \u00eembun\u0103t\u0103\u021bi paginile noastre web.\u00a0<\/p><\/li><li dir=\"ltr\" aria-level=\"1\"><p dir=\"ltr\" role=\"presentation\">Google Analytics plaseaz\u0103 un cookie \u00een browserul dvs. web pentru a v\u0103 identifica ca utilizator unic. Acest cookie nu poate fi utilizat de nimeni altcineva dec\u00e2t de Google. Capacitatea Google de a utiliza \u0219i partaja informa\u021biile colectate de Google Analytics despre vizitele dvs. pe acest site este restric\u021bionat\u0103 de<a href=\"https:\/\/www.google.com\/analytics\/terms\/us.html\" rel=\"noopener\"> Termeni de utilizare Google Analytics<\/a> \u0219i<a href=\"https:\/\/www.google.com\/policies\/privacy\/\" rel=\"noopener\"> Politica de confiden\u021bialitate Google<\/a>.<\/p><\/li><li dir=\"ltr\" aria-level=\"1\"><p dir=\"ltr\" role=\"presentation\">Nu colect\u0103m nicio informa\u021bie de identificare personal\u0103 utiliz\u00e2nd Google Analytics \u0219i nu combin\u0103m informa\u021biile colectate prin Google Analytics cu nicio informa\u021bie de identificare personal\u0103.<\/p><\/li><li dir=\"ltr\" aria-level=\"1\"><p dir=\"ltr\" role=\"presentation\">De asemenea, folosim cookie-uri \u00een formularul nostru de \u00eenregistrare pop-up, pentru a \u00eempiedica continuarea acestuia dup\u0103 ce a fost \u00eenchis.\u00a0<\/p><\/li><li dir=\"ltr\" aria-level=\"1\"><p dir=\"ltr\" role=\"presentation\">Pute\u021bi bloca cookie-urile activ\u00e2nd o setare \u00een browserul dvs. care v\u0103 permite s\u0103 refuza\u021bi setarea cookie-urilor. De asemenea, pute\u021bi \u0219terge cookie-urile prin set\u0103rile browserului dvs. Dac\u0103 utiliza\u021bi set\u0103rile browserului dvs. pentru a dezactiva, respinge sau bloca cookie-urile (inclusiv cookie-urile esen\u021biale), anumite p\u0103r\u021bi ale site-ului nostru web nu vor func\u021biona complet. \u00cen unele cazuri, este posibil ca site-ul nostru web s\u0103 nu fie deloc accesibil. V\u0103 rug\u0103m s\u0103 re\u021bine\u021bi c\u0103, \u00een cazul \u00een care ter\u021bii utilizeaz\u0103 cookie-uri, nu avem control asupra modului \u00een care ace\u0219tia utilizeaz\u0103 cookie-urile respective.<\/p><\/li><\/ul><div>\u00a0<\/div><p dir=\"ltr\"><strong>Intimitatea copiilor<\/strong><\/p><ul><li dir=\"ltr\" aria-level=\"1\"><p dir=\"ltr\" role=\"presentation\">Nu colect\u0103m, nu p\u0103str\u0103m \u0219i nu utiliz\u0103m \u00een mod con\u0219tient informa\u021bii personale de la copii sub 13 ani \u0219i nicio parte a Site-ului nostru nu este destinat\u0103 copiilor.<\/p><\/li><li dir=\"ltr\" aria-level=\"1\"><p dir=\"ltr\" role=\"presentation\">Dac\u0103 afla\u021bi c\u0103 un copil ne-a furnizat informa\u021bii personale cu \u00eenc\u0103lcarea acestei Politici de confiden\u021bialitate, ne pute\u021bi anun\u021ba la datateam@ukrainedefensesupport.org.<\/p><\/li><\/ul><h4 dir=\"ltr\">\u00a0<\/h4><h4 dir=\"ltr\">CU CINE \u00ceMP\u0102RT\u0102\u0218IM INFORMA\u021aIILE DUMNEAVOASTR\u0102<\/h4><ul><li dir=\"ltr\" aria-level=\"1\"><p dir=\"ltr\" role=\"presentation\">Nu vindem, \u00eenchiriem \u0219i nu divulg\u0103m \u00een alt mod informa\u021biile dumneavoastr\u0103 personale c\u0103tre alte organiza\u021bii, cu excep\u021bia serviciilor ter\u021be detaliate mai sus, dup\u0103 cum este necesar pentru a gestiona datele dumneavoastr\u0103 \u0219i a furniza serviciile pe care le solicita\u021bi.\u00a0<\/p><\/li><li dir=\"ltr\" aria-level=\"1\"><p dir=\"ltr\" role=\"presentation\">Putem accesa, p\u0103stra \u0219i divulga informa\u021biile dumneavoastr\u0103 dac\u0103 consider\u0103m c\u0103 acest lucru este necesar sau adecvat pentru:<\/p><ul><li dir=\"ltr\" aria-level=\"2\"><p dir=\"ltr\" role=\"presentation\">respectarea solicit\u0103rilor organelor de drept \u0219i a procedurilor legale, cum ar fi o hot\u0103r\u00e2re judec\u0103toreasc\u0103 sau o cita\u021bie;<\/p><\/li><li dir=\"ltr\" aria-level=\"2\"><p dir=\"ltr\" role=\"presentation\">a r\u0103spunde solicit\u0103rilor dumneavoastr\u0103; sau<\/p><\/li><li dir=\"ltr\" aria-level=\"2\"><p dir=\"ltr\" role=\"presentation\">a proteja drepturile, proprietatea sau siguran\u021ba dumneavoastr\u0103, a noastr\u0103 sau a altora.<\/p><\/li><\/ul><\/li><li dir=\"ltr\" aria-level=\"1\"><p dir=\"ltr\" role=\"presentation\">De asemenea, este posibil s\u0103 divulg\u0103m informa\u021bii despre dumneavoastr\u0103 sau despre dumneavoastr\u0103 sau despre dispozitivele dumneavoastr\u0103, cu permisiunea dumneavoastr\u0103.<\/p><\/li><\/ul><h4 dir=\"ltr\">\u00a0<\/h4><h4 dir=\"ltr\">OP\u021aIUNILE \u0218I DREPTURILE DUMNEAVOASTR\u0102<\/h4><ul><li dir=\"ltr\" aria-level=\"1\"><p dir=\"ltr\" role=\"presentation\">Pute\u021bi alege s\u0103 nu ne furniza\u021bi informa\u021bii personale.<\/p><ul><li dir=\"ltr\" aria-level=\"2\"><p dir=\"ltr\" role=\"presentation\">Dac\u0103 alege\u021bi s\u0103 nu furniza\u021bi informa\u021bii personale, pute\u021bi utiliza site-ul web \u0219i naviga pe pagini, dar nu putem procesa dona\u021bii sau v\u0103 putem \u00eenregistra \u00een lista noastr\u0103 de contacte.\u00a0<\/p><\/li><\/ul><\/li><li dir=\"ltr\" aria-level=\"1\"><p dir=\"ltr\" role=\"presentation\">Pute\u021bi alege s\u0103 dezactiva\u021bi cookie-urile \u00een browserul dvs. modific\u00e2nd set\u0103rile acestuia.<\/p><\/li><li dir=\"ltr\" aria-level=\"1\"><p dir=\"ltr\" role=\"presentation\">Ne pute\u021bi solicita s\u0103 nu v\u0103 folosim informa\u021biile personale pentru a primi e-mailuri \u0219i mesaje text de la UDS.\u00a0\u00a0<\/p><\/li><li dir=\"ltr\" aria-level=\"1\"><p dir=\"ltr\" role=\"presentation\">Ai dreptul s\u0103 fii uitat.<\/p><ul><li dir=\"ltr\" aria-level=\"2\"><p dir=\"ltr\" role=\"presentation\">Pute\u021bi solicita oric\u00e2nd s\u0103 v\u0103 \u0219tergem datele cu caracter personal.\u00a0<\/p><\/li><\/ul><\/li><li dir=\"ltr\" aria-level=\"1\"><p dir=\"ltr\" role=\"presentation\">Ave\u021bi dreptul de a accesa informa\u021biile pe care le de\u021binem despre dumneavoastr\u0103.\u00a0<\/p><ul><li dir=\"ltr\" aria-level=\"2\"><p dir=\"ltr\" role=\"presentation\">Acestea includ informa\u021biile dumneavoastr\u0103 personale, scopurile pentru care sunt colectate, modul \u00een care sunt stocate \u0219i pentru c\u00e2t timp, precum \u0219i cui i-au fost divulgate datele.\u00a0<\/p><\/li><\/ul><\/li><li dir=\"ltr\" aria-level=\"1\"><p dir=\"ltr\" role=\"presentation\">Ave\u021bi dreptul la rectificarea datelor dumneavoastr\u0103.<\/p><ul><li dir=\"ltr\" aria-level=\"2\"><p dir=\"ltr\" role=\"presentation\">Pute\u021bi solicita oric\u00e2nd completarea datelor incomplete sau corectarea datelor incorecte.<\/p><\/li><\/ul><\/li><li dir=\"ltr\" aria-level=\"1\"><p dir=\"ltr\" role=\"presentation\">Toate solicit\u0103rile pot fi trimise la adresa datateam@ukrainedefensesupport.org<\/p><\/li><\/ul><div>\u00a0<\/div><p dir=\"ltr\"><strong>Securitate<br \/><\/strong><\/p><ul><li dir=\"ltr\" aria-level=\"1\"><p dir=\"ltr\" role=\"presentation\">Depunem eforturi rezonabile pentru a v\u0103 proteja informa\u021biile utiliz\u00e2nd m\u0103suri de siguran\u021b\u0103 fizice \u0219i electronice concepute pentru a \u00eembun\u0103t\u0103\u021bi securitatea informa\u021biilor pe care le de\u021binem. Cu toate acestea, deoarece serviciile noastre sunt g\u0103zduite electronic, nu putem oferi nicio garan\u021bie cu privire la securitatea sau confiden\u021bialitatea informa\u021biilor dumneavoastr\u0103.<\/p><\/li><li dir=\"ltr\" aria-level=\"1\"><p dir=\"ltr\" role=\"presentation\">Niciun sistem nu poate fi garantat ca fiind 100% securizat. Dac\u0103 ave\u021bi \u00eentreb\u0103ri despre securitatea informa\u021biilor dumneavoastr\u0103 personale sau dac\u0103 ave\u021bi motive s\u0103 crede\u021bi c\u0103 informa\u021biile personale pe care le de\u021binem despre dumneavoastr\u0103 nu mai sunt \u00een siguran\u021b\u0103, v\u0103 rug\u0103m s\u0103 ne contacta\u021bi imediat la datateam@ukrainedefensesupport.org<\/p><\/li><\/ul><div>\u00a0<\/div><p dir=\"ltr\"><strong>Modific\u0103ri<\/strong><\/p><p dir=\"ltr\" style=\"padding-left: 40px;\">Este posibil s\u0103 modific\u0103m aceast\u0103 Politic\u0103 de confiden\u021bialitate din c\u00e2nd \u00een c\u00e2nd. V\u0103 rug\u0103m s\u0103 verifica\u021bi frecvent aceast\u0103 pagin\u0103 pentru actualiz\u0103ri, deoarece utilizarea \u00een continuare a acestui site dup\u0103 orice modific\u0103ri ale acestei Politici de confiden\u021bialitate va constitui acceptarea modific\u0103rilor.<\/p><p dir=\"ltr\" style=\"padding-left: 40px;\">\u00a0<\/p><p dir=\"ltr\"><strong>Data intr\u0103rii \u00een vigoare<\/strong><\/p><p dir=\"ltr\" style=\"padding-left: 40px;\">Aceast\u0103 versiune a politicii intr\u0103 \u00een vigoare la 12 iunie 2024.<\/p><p dir=\"ltr\" style=\"padding-left: 40px;\">\u00a0<\/p><p dir=\"ltr\"><strong>\u00centreb\u0103ri<\/strong><\/p><p dir=\"ltr\" style=\"padding-left: 40px;\">Dac\u0103 ave\u021bi \u00eentreb\u0103ri, comentarii, nel\u0103muriri sau reclama\u021bii legate de site-urile noastre web, v\u0103 rug\u0103m s\u0103 ne contacta\u021bi prin e-mail la adresa <a href=\"mailto:victory@ulkrainedefensesupport.org\">victory@ukrainedefensesupport.org<\/a>, telefonic la 503-308-9479 sau scriindu-ne la:<\/p><p dir=\"ltr\" style=\"padding-left: 40px;\">\u00a0<\/p><p dir=\"ltr\">Sprijin pentru ap\u0103rare \u00een Ucraina<\/p><p dir=\"ltr\">2050 112th Ave NE, Ste 115<\/p><p dir=\"ltr\">Bellevue, WA 98004<\/p>\t\t\t\t\t\t\t\t<\/div>\n\t\t\t\t<\/div>\n\t\t\t\t<\/div>\n\t\t\t\t\t<\/div>\n\t\t\t\t<\/div>\n\t\t\t\t<\/div>","protected":false},"excerpt":{"rendered":"<p>PRIVACY POLICY PRIVACY POLICY Ukrainedefensesupport.org is a website run by Ukraine Defense Support (\u201cUDS\u201d, \u201cwe\u201d, \u201cus\u201d, \u201cour\u201d), a registered US 501(c)3 nonprofit entity (EIN 92-2693929). This Privacy Policy for ukrainedefensesupport.org describes: The personal information we collect and how we use it With whom we share your information Your choices &amp; rights How you can communicate [&hellip;]<\/p>\n","protected":false},"author":22,"featured_media":4087,"parent":0,"menu_order":0,"comment_status":"closed","ping_status":"closed","template":"","meta":{"_acf_changed":false,"footnotes":""},"class_list":["post-1054","page","type-page","status-publish","has-post-thumbnail","hentry"],"acf":[],"_links":{"self":[{"href":"https:\/\/ukrainedefensesupport.org\/ro\/wp-json\/wp\/v2\/pages\/1054","targetHints":{"allow":["GET"]}}],"collection":[{"href":"https:\/\/ukrainedefensesupport.org\/ro\/wp-json\/wp\/v2\/pages"}],"about":[{"href":"https:\/\/ukrainedefensesupport.org\/ro\/wp-json\/wp\/v2\/types\/page"}],"author":[{"embeddable":true,"href":"https:\/\/ukrainedefensesupport.org\/ro\/wp-json\/wp\/v2\/users\/22"}],"replies":[{"embeddable":true,"href":"https:\/\/ukrainedefensesupport.org\/ro\/wp-json\/wp\/v2\/comments?post=1054"}],"version-history":[{"count":0,"href":"https:\/\/ukrainedefensesupport.org\/ro\/wp-json\/wp\/v2\/pages\/1054\/revisions"}],"wp:featuredmedia":[{"embeddable":true,"href":"https:\/\/ukrainedefensesupport.org\/ro\/wp-json\/wp\/v2\/media\/4087"}],"wp:attachment":[{"href":"https:\/\/ukrainedefensesupport.org\/ro\/wp-json\/wp\/v2\/media?parent=1054"}],"curies":[{"name":"wp","href":"https:\/\/api.w.org\/{rel}","templated":true}]}}