{"id":4218,"date":"2025-03-01T19:50:19","date_gmt":"2025-03-02T03:50:19","guid":{"rendered":"https:\/\/ukrainedefensesupport.org\/?page_id=4218"},"modified":"2026-04-27T18:25:27","modified_gmt":"2026-04-28T01:25:27","slug":"freedom-for-ukraine-banquet","status":"publish","type":"page","link":"https:\/\/ukrainedefensesupport.org\/ro\/events\/freedom-for-ukraine-banquet\/","title":{"rendered":"Banchetul Libert\u0103\u021bii pentru Ucraina"},"content":{"rendered":"<p style=\"text-align: center;\"><img decoding=\"async\" class=\"wp-image-4668 aligncenter\" src=\"https:\/\/ukrainedefensesupport.org\/wp-content\/uploads\/2026\/02\/415-on-Westlake.jpg\" alt=\"\" width=\"901\" height=\"603\" srcset=\"https:\/\/ukrainedefensesupport.org\/wp-content\/uploads\/2026\/02\/415-on-Westlake.jpg 683w, https:\/\/ukrainedefensesupport.org\/wp-content\/uploads\/2026\/02\/415-on-Westlake-300x201.jpg 300w, https:\/\/ukrainedefensesupport.org\/wp-content\/uploads\/2026\/02\/415-on-Westlake-18x12.jpg 18w\" sizes=\"(max-width: 901px) 100vw, 901px\" \/><\/p>\n<p>&nbsp;<\/p>\n<p style=\"text-align: center;\">Ukraine Defense Support are pl\u0103cerea s\u0103 v\u0103 ofere o nou\u0103 oportunitate de a ne reuni cu to\u021bii pentru a sprijini Ucraina. Al\u0103tura\u021bi-v\u0103 nou\u0103 la cel de-al patrulea banchet anual, unde v\u0103 ve\u021bi bucura de o mas\u0103 ucrainean\u0103 delicioas\u0103, muzic\u0103 live, o licita\u021bie palpitant\u0103, vorbitori inspira\u021bi \u0219i multe altele. Toate \u00eencas\u0103rile vor finan\u021ba provizii esen\u021biale pentru frontul Ucrainei.<\/p>\n<h3><strong>Detalii:<\/strong><\/h3>\n<p><strong>Unde: 415 pe Westlake<\/strong>,415 Westlake Ave. N., Seattle, WA<\/p>\n<p><strong>C\u00e2nd: S\u00e2mb\u0103t\u0103, 16 mai 2026<\/strong>\u00a0 16:00 \u2013 20:30<\/p>\n<p><strong>Cost:<\/strong> Bilete Early Bird disponibile p\u00e2n\u0103 pe 18 aprilie \u2013 $80 | Bilete la pre\u021b normal \u2013 $100<\/p>\n<h2><a href=\"https:\/\/www.tickettailor.com\/events\/ukrainedefensesupport1\/2112399\" target=\"_blank\" rel=\"noopener\"><strong>Cump\u0103ra\u021bi bilete<\/strong><\/a><\/h2>\n<h3>Sponsoriz\u0103ri:<\/h3>\n<p>Sponsorizarea banchetului Freedom for Ukraine ofer\u0103 o vizibilitate excelent\u0103 afacerii\/organiza\u021biei \u0219i brandului dumneavoastr\u0103. Sponsorii vor fi prezenta\u021bi pe canalele noastre de socializare, pe site-ul nostru web, \u00een programul tip\u0103rit \u0219i \u00een slide-urile evenimentului.<\/p>\n<p><strong>Niveluri:<\/strong><\/p>\n<ul>\n<li>$250 \u2013 Bun\u0103tate<\/li>\n<li>$500 \u2013 Curaj<\/li>\n<li>$750 \u2013 Speran\u021b\u0103<\/li>\n<li>$1.000 \u2013 Conducere<\/li>\n<\/ul>\n<h3>Achizi\u021bii la mas\u0103:<\/h3>\n<p>Achizi\u021bionarea unei mese ofer\u0103 beneficii suplimentare \u0219i asigur\u0103 mai multe fonduri pentru ap\u0103r\u0103torii Ucrainei.<\/p>\n<p><strong>Niveluri:<\/strong><\/p>\n<ul>\n<li>$1.000 \u2013 Mas\u0103 Freedom \u2013 8 bilete, 8 patch-uri UDS personalizate \u0219i multe altele<\/li>\n<li>$2.000 \u2013 Mas\u0103 pentru democra\u021bie \u2013 8 bilete, 8 ecusoane UDS personalizate, ciocolat\u0103 ucrainean\u0103 \u0219i multe altele<\/li>\n<li>$3.000 \u2013 Masa victoriei \u2013 8 bilete, 8 insigne UDS personalizate, ciocolat\u0103 ucrainean\u0103, tort special ucrainean cu miere \u0219i multe altele<\/li>\n<\/ul>\n<h3>Licita\u0163ie:<\/h3>\n<p>V\u0103 rug\u0103m s\u0103 ne trimite\u021bi un e-mail dac\u0103 dori\u021bi s\u0103 contribui\u021bi la licita\u021bia noastr\u0103 silen\u021bioas\u0103 la <strong><a href=\"mailto:victory@ukrainedefensesupport.org\">auction@ukrainedefensesupport.org<\/a>.<\/strong><\/p>\n<p>&nbsp;<\/p>\n<p style=\"text-align: center;\"><img decoding=\"async\" class=\"alignleft wp-image-4670\" src=\"https:\/\/ukrainedefensesupport.org\/wp-content\/uploads\/2026\/02\/Now-more-than-ever-Help-us-help-Ukraine.jpg\" alt=\"\" width=\"866\" height=\"726\" srcset=\"https:\/\/ukrainedefensesupport.org\/wp-content\/uploads\/2026\/02\/Now-more-than-ever-Help-us-help-Ukraine.jpg 940w, https:\/\/ukrainedefensesupport.org\/wp-content\/uploads\/2026\/02\/Now-more-than-ever-Help-us-help-Ukraine-300x251.jpg 300w, https:\/\/ukrainedefensesupport.org\/wp-content\/uploads\/2026\/02\/Now-more-than-ever-Help-us-help-Ukraine-768x644.jpg 768w, https:\/\/ukrainedefensesupport.org\/wp-content\/uploads\/2026\/02\/Now-more-than-ever-Help-us-help-Ukraine-14x12.jpg 14w\" sizes=\"(max-width: 866px) 100vw, 866px\" \/><\/p>\n<p>&nbsp;<\/p>","protected":false},"excerpt":{"rendered":"<p>&nbsp; Ukraine Defense Support is pleased to present another opportunity for us to all come together to support Ukraine. Join us at our fourth annual banquet where you will enjoy a delicious Ukrainian meal, live music, a thrilling auction, inspiring speakers, and more. All proceeds will fund essential supplies for Ukraine&#8217;s frontlines. Details: Where:\u00a0415 on [&hellip;]<\/p>\n","protected":false},"author":25,"featured_media":0,"parent":1412,"menu_order":0,"comment_status":"closed","ping_status":"closed","template":"","meta":{"_acf_changed":false,"footnotes":""},"class_list":["post-4218","page","type-page","status-publish","hentry"],"acf":[],"_links":{"self":[{"href":"https:\/\/ukrainedefensesupport.org\/ro\/wp-json\/wp\/v2\/pages\/4218","targetHints":{"allow":["GET"]}}],"collection":[{"href":"https:\/\/ukrainedefensesupport.org\/ro\/wp-json\/wp\/v2\/pages"}],"about":[{"href":"https:\/\/ukrainedefensesupport.org\/ro\/wp-json\/wp\/v2\/types\/page"}],"author":[{"embeddable":true,"href":"https:\/\/ukrainedefensesupport.org\/ro\/wp-json\/wp\/v2\/users\/25"}],"replies":[{"embeddable":true,"href":"https:\/\/ukrainedefensesupport.org\/ro\/wp-json\/wp\/v2\/comments?post=4218"}],"version-history":[{"count":0,"href":"https:\/\/ukrainedefensesupport.org\/ro\/wp-json\/wp\/v2\/pages\/4218\/revisions"}],"up":[{"embeddable":true,"href":"https:\/\/ukrainedefensesupport.org\/ro\/wp-json\/wp\/v2\/pages\/1412"}],"wp:attachment":[{"href":"https:\/\/ukrainedefensesupport.org\/ro\/wp-json\/wp\/v2\/media?parent=4218"}],"curies":[{"name":"wp","href":"https:\/\/api.w.org\/{rel}","templated":true}]}}