{"id":4505,"date":"2025-10-23T08:01:36","date_gmt":"2025-10-23T15:01:36","guid":{"rendered":"https:\/\/ukrainedefensesupport.org\/?page_id=4505"},"modified":"2025-10-28T09:28:05","modified_gmt":"2025-10-28T16:28:05","slug":"tacoma","status":"publish","type":"page","link":"https:\/\/ukrainedefensesupport.org\/ro\/tacoma\/","title":{"rendered":"Tacoma"},"content":{"rendered":"<div data-elementor-type=\"wp-page\" data-elementor-id=\"4505\" class=\"elementor elementor-4505\" data-elementor-post-type=\"page\">\n\t\t\t\t<div class=\"elementor-element elementor-element-d034e75 e-con-full e-flex e-con e-parent\" data-id=\"d034e75\" data-element_type=\"container\" data-e-type=\"container\" data-settings=\"{&quot;background_background&quot;:&quot;classic&quot;}\">\n\t\t<div class=\"elementor-element elementor-element-b0dcd82 e-flex e-con-boxed e-con e-child\" data-id=\"b0dcd82\" data-element_type=\"container\" data-e-type=\"container\">\n\t\t\t\t\t<div class=\"e-con-inner\">\n\t\t\t\t<div class=\"elementor-element elementor-element-9d022ff elementor-widget elementor-widget-image\" data-id=\"9d022ff\" data-element_type=\"widget\" data-e-type=\"widget\" data-widget_type=\"image.default\">\n\t\t\t\t<div class=\"elementor-widget-container\">\n\t\t\t\t\t\t\t\t\t\t\t\t\t\t\t<img decoding=\"async\" width=\"440\" height=\"373\" src=\"https:\/\/ukrainedefensesupport.org\/wp-content\/uploads\/2024\/12\/usa_flag.png\" class=\"attachment-full size-full wp-image-1653\" alt=\"\" srcset=\"https:\/\/ukrainedefensesupport.org\/wp-content\/uploads\/2024\/12\/usa_flag.png 440w, https:\/\/ukrainedefensesupport.org\/wp-content\/uploads\/2024\/12\/usa_flag-300x254.png 300w\" sizes=\"(max-width: 440px) 100vw, 440px\" \/>\t\t\t\t\t\t\t\t\t\t\t\t\t\t\t<\/div>\n\t\t\t\t<\/div>\n\t\t\t\t\t<\/div>\n\t\t\t\t<\/div>\n\t\t<div class=\"elementor-element elementor-element-e39f339 e-con-full e-flex e-con e-child\" data-id=\"e39f339\" data-element_type=\"container\" data-e-type=\"container\">\n\t\t\t\t<div class=\"elementor-element elementor-element-c10bf37 elementor-widget__width-auto elementor-widget elementor-widget-shortcode\" data-id=\"c10bf37\" data-element_type=\"widget\" data-e-type=\"widget\" data-widget_type=\"shortcode.default\">\n\t\t\t\t<div class=\"elementor-widget-container\">\n\t\t\t\t\t\t\t<div class=\"elementor-shortcode\">\t\t\t<!-- Flexy Breadcrumb -->\r\n\t\t\t<div class=\"fbc fbc-page\">\r\n\r\n\t\t\t\t<!-- Breadcrumb wrapper -->\r\n\t\t\t\t<div class=\"fbc-wrap\">\r\n\r\n\t\t\t\t\t<!-- Ordered list-->\r\n\t\t\t\t\t<ol class=\"fbc-items\" itemscope itemtype=\"https:\/\/schema.org\/BreadcrumbList\">\r\n\t\t\t\t\t\t            <li itemprop=\"itemListElement\" itemscope itemtype=\"https:\/\/schema.org\/ListItem\">\r\n                <span itemprop=\"name\">\r\n                    <!-- Home Link -->\r\n                    <a itemprop=\"item\" href=\"https:\/\/ukrainedefensesupport.org\/ro\/\">\r\n                    \r\n                                                    <i class=\"fa fa-home\" aria-hidden=\"true\"><\/i>Acas\u0103                    <\/a>\r\n                <\/span>\r\n                <meta itemprop=\"position\" content=\"1\" \/><!-- Meta Position-->\r\n             <\/li><li><span class=\"fbc-separator\">\/<\/span><\/li><li class=\"active\" itemprop=\"itemListElement\" itemscope itemtype=\"https:\/\/schema.org\/ListItem\"><span itemprop=\"name\" title=\"Tacoma\">Tacoma<\/span><meta itemprop=\"position\" content=\"2\" \/><\/li>\t\t\t\t\t<\/ol>\r\n\t\t\t\t\t<div class=\"clearfix\"><\/div>\r\n\t\t\t\t<\/div>\r\n\t\t\t<\/div>\r\n\t\t\t<\/div>\n\t\t\t\t\t\t<\/div>\n\t\t\t\t<\/div>\n\t\t\t\t<div class=\"elementor-element elementor-element-9ca30b7 elementor-widget__width-auto elementor-widget elementor-widget-heading\" data-id=\"9ca30b7\" data-element_type=\"widget\" data-e-type=\"widget\" data-widget_type=\"heading.default\">\n\t\t\t\t<div class=\"elementor-widget-container\">\n\t\t\t\t\t<h1 class=\"elementor-heading-title elementor-size-default\">Tacoma<\/h1>\t\t\t\t<\/div>\n\t\t\t\t<\/div>\n\t\t\t\t<\/div>\n\t\t<div class=\"elementor-element elementor-element-38cf0ce e-flex e-con-boxed e-con e-child\" data-id=\"38cf0ce\" data-element_type=\"container\" data-e-type=\"container\">\n\t\t\t\t\t<div class=\"e-con-inner\">\n\t\t\t\t<div class=\"elementor-element elementor-element-a7303c9 elementor-widget elementor-widget-image\" data-id=\"a7303c9\" data-element_type=\"widget\" data-e-type=\"widget\" data-widget_type=\"image.default\">\n\t\t\t\t<div class=\"elementor-widget-container\">\n\t\t\t\t\t\t\t\t\t\t\t\t\t\t\t<img decoding=\"async\" width=\"426\" height=\"371\" src=\"https:\/\/ukrainedefensesupport.org\/wp-content\/uploads\/2024\/12\/illustration_about_01.png\" class=\"attachment-large size-large wp-image-1338\" alt=\"\" srcset=\"https:\/\/ukrainedefensesupport.org\/wp-content\/uploads\/2024\/12\/illustration_about_01.png 426w, https:\/\/ukrainedefensesupport.org\/wp-content\/uploads\/2024\/12\/illustration_about_01-300x261.png 300w\" sizes=\"(max-width: 426px) 100vw, 426px\" \/>\t\t\t\t\t\t\t\t\t\t\t\t\t\t\t<\/div>\n\t\t\t\t<\/div>\n\t\t\t\t\t<\/div>\n\t\t\t\t<\/div>\n\t\t\t\t<\/div>\n\t\t<div class=\"elementor-element elementor-element-a6544bd e-flex e-con-boxed e-con e-parent\" data-id=\"a6544bd\" data-element_type=\"container\" data-e-type=\"container\">\n\t\t\t\t\t<div class=\"e-con-inner\">\n\t\t<div class=\"elementor-element elementor-element-31c78b5 e-con-full e-flex e-con e-child\" data-id=\"31c78b5\" data-element_type=\"container\" data-e-type=\"container\">\n\t\t\t\t<div class=\"elementor-element elementor-element-e3e43ae elementor-widget elementor-widget-image\" data-id=\"e3e43ae\" data-element_type=\"widget\" data-e-type=\"widget\" data-widget_type=\"image.default\">\n\t\t\t\t<div class=\"elementor-widget-container\">\n\t\t\t\t\t\t\t\t\t\t\t\t\t\t\t<img decoding=\"async\" width=\"800\" height=\"600\" src=\"https:\/\/ukrainedefensesupport.org\/wp-content\/uploads\/2025\/10\/Aug-18-2025-Tacoma-Chapter-Meeting-1.webp\" class=\"attachment-full size-full wp-image-4508\" alt=\"\" srcset=\"https:\/\/ukrainedefensesupport.org\/wp-content\/uploads\/2025\/10\/Aug-18-2025-Tacoma-Chapter-Meeting-1.webp 800w, https:\/\/ukrainedefensesupport.org\/wp-content\/uploads\/2025\/10\/Aug-18-2025-Tacoma-Chapter-Meeting-1-300x225.webp 300w, https:\/\/ukrainedefensesupport.org\/wp-content\/uploads\/2025\/10\/Aug-18-2025-Tacoma-Chapter-Meeting-1-768x576.webp 768w\" sizes=\"(max-width: 800px) 100vw, 800px\" \/>\t\t\t\t\t\t\t\t\t\t\t\t\t\t\t<\/div>\n\t\t\t\t<\/div>\n\t\t\t\t<\/div>\n\t\t<div class=\"elementor-element elementor-element-96fad88 e-con-full e-flex e-con e-child\" data-id=\"96fad88\" data-element_type=\"container\" data-e-type=\"container\">\n\t\t\t\t<div class=\"elementor-element elementor-element-bb27043 elementor-widget elementor-widget-text-editor\" data-id=\"bb27043\" data-element_type=\"widget\" data-e-type=\"widget\" data-widget_type=\"text-editor.default\">\n\t\t\t\t<div class=\"elementor-widget-container\">\n\t\t\t\t\t\t\t\t\t<p><b>Detalii despre \u00eent\u00e2lnirea s\u0103pt\u0103m\u00e2nal\u0103:<\/b><\/p><ul><li style=\"font-weight: 400;\" aria-level=\"1\"><span style=\"font-weight: 400;\">Timp<\/span><span style=\"font-weight: 400;\">18:30-20:30<\/span><\/li><li style=\"font-weight: 400;\" aria-level=\"1\"><span style=\"font-weight: 400;\">Loca\u0163ie<\/span><span style=\"font-weight: 400;\">: Emish Market (2040 70th Ave E, Fife, WA 98424)<\/span><\/li><li style=\"font-weight: 400;\" aria-level=\"1\"><span style=\"font-weight: 400;\">G\u0103se\u0219te-ne<\/span><span style=\"font-weight: 400;\">Baloane de s\u0103pun pe terasa din spate; c\u0103uta\u021bi oameni care poart\u0103 c\u0103m\u0103\u0219i galben aprins!<br \/><\/span><\/li><\/ul><p><span style=\"font-weight: 400;\">\u00a0<\/span><\/p><p><span style=\"font-weight: 400;\">De\u0219i UDS are de mult timp modalit\u0103\u021bi de a contribui \u00een comunit\u0103\u021bile din Seattle \u0219i Bellevue, a fost mai greu pentru cei din South Sound s\u0103 participe la \u00eent\u00e2lniri \u0219i evenimente. De aceea am \u00eenfiin\u021bat un grup \u00een Tacoma, unde am primit voluntari p\u00e2n\u0103 la Renton \u00een nord \u0219i p\u00e2n\u0103 la Olympia \u00een sud!<\/span><span style=\"font-weight: 400;\"><br \/><\/span><\/p><p>\u00a0<\/p><p><span style=\"font-weight: 400;\">\u00centruc\u00e2t suntem un capitol nou, ne concentr\u0103m \u00een prezent pe a cre\u0219te gradul de con\u0219tientizare a celor din comunitate care doresc s\u0103 ajute \u0219i pe a g\u0103si modalit\u0103\u021bi de a fi mai vizibili \u00een South Sound.\u00a0<\/span><\/p><p>\u00a0<\/p><p><span style=\"font-weight: 400;\">Dac\u0103 vii la o \u00eent\u00e2lnire, te po\u021bi a\u0219tepta s\u0103 auzi:<\/span><i><\/i><\/p><ul><li style=\"font-weight: 400;\" aria-level=\"1\"><span style=\"font-weight: 400;\">Actualiz\u0103ri despre echipamentul pe care ap\u0103r\u0103torii ucraineni l-au primit de la UDS \u00een ultima s\u0103pt\u0103m\u00e2n\u0103 \u2013 este important pentru noi to\u021bi s\u0103 vedem impactul eforturilor noastre!<\/span><\/li><li style=\"font-weight: 400;\" aria-level=\"1\"><span style=\"font-weight: 400;\">Actualiz\u0103ri despre evenimentele UDS locale \u0219i din zona Seattle<\/span><\/li><li style=\"font-weight: 400;\" aria-level=\"1\"><span style=\"font-weight: 400;\">Cele mai recente idei pe care le-am avut despre cum putem contribui \u00ceN FIECARE ZI<\/span><\/li><li style=\"font-weight: 400;\" aria-level=\"1\"><span style=\"font-weight: 400;\">Despre orice evenimente pe care le planific\u0103m \u0219i cum pot ajuta voluntarii<\/span><\/li><\/ul><p><i><span>\u00a0<\/span><\/i><\/p><p><span style=\"font-weight: 400;\">Ve\u021bi avea, de asemenea, ocazia s\u0103 cump\u0103ra\u021bi produse alimentare ucrainene \u0219i s\u0103 lua\u021bi cina! Acest lucru este, desigur, op\u021bional, dar v-am fi recunosc\u0103tori dac\u0103 a\u021bi sus\u021bine Emish Market, care ne permite s\u0103 g\u0103zduim \u00eent\u00e2lnirile noastre la magazinul lor \u00een fiecare s\u0103pt\u0103m\u00e2n\u0103, gratuit. Emish are... <\/span><a href=\"https:\/\/www.emishmarket.com\/menus\" rel=\"noopener\"><span style=\"font-weight: 400;\">meniu excelent<\/span><\/a><span style=\"font-weight: 400;\"> a\u0219a c\u0103 te rog s\u0103 verifici!<\/span><\/p><p><i><span>\u00a0<\/span><\/i><\/p><p><span style=\"font-weight: 400;\">Nu este nevoie de confirmare de participare - vino a\u0219a cum e\u0219ti<\/span><\/p><p><i><span>\u00a0<\/span><\/i><\/p><p><span style=\"font-weight: 400;\">\u00cempreun\u0103, dezvolt\u0103m o comunitate din South Sound care este al\u0103turi de Ucraina.<\/span><\/p><p><span style=\"font-weight: 400;\">\u00a0<\/span><\/p>\t\t\t\t\t\t\t\t<\/div>\n\t\t\t\t<\/div>\n\t\t\t\t<\/div>\n\t\t\t\t\t<\/div>\n\t\t\t\t<\/div>\n\t\t\t\t<\/div>","protected":false},"excerpt":{"rendered":"<p>Tacoma Weekly Meeting Details: Time: 6:30-8:30pm Location: Emish Market (2040 70th Ave E, Fife, WA 98424) Find us: Bubbles on the back patio; look for people wearing bright yellow shirts! \u00a0 While UDS has long had ways to contribute in the Seattle and Bellevue communities, it\u2019s been harder for those in the South Sound to [&hellip;]<\/p>\n","protected":false},"author":22,"featured_media":0,"parent":0,"menu_order":0,"comment_status":"closed","ping_status":"closed","template":"","meta":{"_acf_changed":false,"footnotes":""},"class_list":["post-4505","page","type-page","status-publish","hentry"],"acf":[],"_links":{"self":[{"href":"https:\/\/ukrainedefensesupport.org\/ro\/wp-json\/wp\/v2\/pages\/4505","targetHints":{"allow":["GET"]}}],"collection":[{"href":"https:\/\/ukrainedefensesupport.org\/ro\/wp-json\/wp\/v2\/pages"}],"about":[{"href":"https:\/\/ukrainedefensesupport.org\/ro\/wp-json\/wp\/v2\/types\/page"}],"author":[{"embeddable":true,"href":"https:\/\/ukrainedefensesupport.org\/ro\/wp-json\/wp\/v2\/users\/22"}],"replies":[{"embeddable":true,"href":"https:\/\/ukrainedefensesupport.org\/ro\/wp-json\/wp\/v2\/comments?post=4505"}],"version-history":[{"count":0,"href":"https:\/\/ukrainedefensesupport.org\/ro\/wp-json\/wp\/v2\/pages\/4505\/revisions"}],"wp:attachment":[{"href":"https:\/\/ukrainedefensesupport.org\/ro\/wp-json\/wp\/v2\/media?parent=4505"}],"curies":[{"name":"wp","href":"https:\/\/api.w.org\/{rel}","templated":true}]}}